{"id":2641,"date":"2025-06-19T15:15:13","date_gmt":"2025-06-19T13:15:13","guid":{"rendered":"https:\/\/fist.club\/sobre-nosotros\/"},"modified":"2025-08-29T11:21:33","modified_gmt":"2025-08-29T09:21:33","slug":"sobre-nosotros","status":"publish","type":"page","link":"https:\/\/fist.club\/es\/sobre-nosotros\/","title":{"rendered":"Sobre nosotros"},"content":{"rendered":"\n<div class=\"wp-block-stackable-spacer stk-block-spacer stk--no-padding stk-block stk-e4e8313\" data-block-id=\"e4e8313\"><\/div>\n\n<h2 class=\"wp-block-heading\" id=\"wer-wir-sind-warum-es-uns-gibt\">Qui\u00e9nes somos y por qu\u00e9 existimos<\/h2>\n\n<p>El <strong>Fist Club Europe e.V.<\/strong> es una asociaci\u00f3n paraguas de alcance internacional y una comunidad activa en torno a la pr\u00e1ctica del fisting relacionada con la sexualidad. Fundado con la profunda convicci\u00f3n de que el trato responsable, la educaci\u00f3n fundamentada y la visibilidad social son de importancia esencial, creamos un espacio para el intercambio, el empoderamiento y la autodeterminaci\u00f3n.  <\/p>\n\n<p>Si bien la sexualidad humana se debate cada vez m\u00e1s abiertamente, el fisting a menudo permanece en la sombra. Los prejuicios, la desinformaci\u00f3n y la invisibilidad social hacen que falte un debate objetivo y respetuoso. Esta estigmatizaci\u00f3n favorece la inseguridad y las pr\u00e1cticas de riesgo. Precisamente aqu\u00ed es donde vemos nuestra tarea y nuestra responsabilidad.    <\/p>\n\n<div class=\"wp-block-stackable-heading stk-block-heading stk-block-heading--v2 stk-block stk-d1a9f6d\" id=\"strong-wir-sind-mehr-als-ein-club-wir-wollen-strong-nbsp\" data-block-id=\"d1a9f6d\"><h4 class=\"stk-block-heading__text\"><strong>Somos m\u00e1s que un club. Queremos: <\/strong> <\/h4><\/div>\n\n<div class=\"wp-block-stackable-heading stk-block-heading stk-block-heading--v2 stk-block stk-e013f3a\" id=\"strong-aufklarung-amp-information-fordern-strong\" data-block-id=\"e013f3a\"><h5 class=\"stk-block-heading__text\"><strong>Fomentar la informaci\u00f3n y la divulgaci\u00f3n:<\/strong> <\/h5><\/div>\n\n<p>Proporcionamos conocimientos fundamentados, f\u00e1ciles de entender y que eliminan tab\u00faes, desde t\u00e9cnicas y pr\u00e1cticas de sexo m\u00e1s seguro hasta medidas esenciales de higiene y salud, pasando por la importancia del consentimiento. Informamos, derribamos mitos y posibilitamos un debate informado, autodeterminado y seguro sobre el tema del fisting anal.  <\/p>\n\n<div class=\"wp-block-stackable-heading stk-block-heading stk-block-heading--v2 stk-block stk-80e8460\" id=\"strong-grundung-neuer-fist-clubs-auf-nationaler-europaischer-und-internationaler-ebene-unterstutzen-strong\" data-block-id=\"80e8460\"><h5 class=\"stk-block-heading__text\"><strong>Apoyar la fundaci\u00f3n de nuevos Fist Clubs a nivel nacional, europeo e internacional:<\/strong> <\/h5><\/div>\n\n<p>Fomentamos activamente la creaci\u00f3n y la interconexi\u00f3n de nuevos Fist Clubs locales, nacionales e internacionales. Para ello, ofrecemos un asesoramiento integral sobre el contenido, apoyo organizativo y asistencia pr\u00e1ctica. Adem\u00e1s, apoyamos financieramente a fundadores y clubes comprometidos para que puedan hacer realidad sus ideas y construir estructuras s\u00f3lidas y sostenibles.   <\/p>\n\n<div class=\"wp-block-stackable-heading stk-block-heading stk-block-heading--v2 stk-block stk-17470b2\" id=\"strong-community-solidaritat-amp-vernetzung-starken-strong-nbsp\" data-block-id=\"17470b2\"><h5 class=\"stk-block-heading__text\"><strong>Fortalecer la comunidad, la solidaridad y la interconexi\u00f3n:<\/strong> <\/h5><\/div>\n\n<p>Ofrecemos un espacio respetuoso y protegido para conversaciones abiertas, apoyo mutuo y la creaci\u00f3n de redes s\u00f3lidas. Nuestra asociaci\u00f3n se nutre del intercambio de experiencias personales, del aprendizaje en comunidad y de la colaboraci\u00f3n solidaria con socios e iniciativas locales e internacionales.  <\/p>\n\n<div class=\"wp-block-stackable-heading stk-block-heading stk-block-heading--v2 stk-block stk-23cf3e1\" id=\"strong-akzeptanz-amp-sichtbarkeit-vorantreiben-strong-nbsp\" data-block-id=\"23cf3e1\"><h5 class=\"stk-block-heading__text\"><strong>Impulsar la aceptaci\u00f3n y la visibilidad:<\/strong> <\/h5><\/div>\n\n<p>Actuamos activamente contra los prejuicios, la estigmatizaci\u00f3n y los malentendidos sociales. Abogamos por una cultura en la que el fisting se reconozca, se acepte y se trate con respeto como una parte natural de la sexualidad responsable y consensuada.  <\/p>\n\n<div class=\"wp-block-stackable-heading stk-block-heading stk-block-heading--v2 stk-block stk-b7b81a2\" id=\"strong-praventionsarbeit-amp-gesundheitsforderung-leisten-strong-nbsp\" data-block-id=\"b7b81a2\"><h5 class=\"stk-block-heading__text\"><strong>Realizar trabajos de prevenci\u00f3n y promoci\u00f3n de la salud:<\/strong> <\/h5><\/div>\n\n<p>Desarrollamos y difundimos directrices claras para un trato seguro y responsable de las pr\u00e1cticas de fisting. A trav\u00e9s de una educaci\u00f3n sanitaria espec\u00edfica, fomentamos la concienciaci\u00f3n sobre la salud f\u00edsica y mental en el contexto de nuestra comunidad.  <\/p>\n\n<div class=\"wp-block-stackable-heading stk-block-heading stk-block-heading--v2 stk-block stk-a6edab1\" id=\"strong-fur-wen-sind-wir-da-strong-nbsp\" data-block-id=\"a6edab1\"><h5 class=\"stk-block-heading__text\"><strong>\u00bfPara qui\u00e9n estamos aqu\u00ed?<\/strong> <\/h5><\/div>\n\n<p>Nuestra asociaci\u00f3n se dirige en particular, aunque no exclusivamente, a hombres homosexuales, bisexuales y otros hombres que tienen sexo con hombres (HSH), ya que el fisting tiene una importancia y una difusi\u00f3n especiales en esta comunidad. Al mismo tiempo, nuestras puertas est\u00e1n expresamente abiertas a todas las personas \u2014independientemente de su sexo, orientaci\u00f3n sexual o identidad\u2014 que deseen abordar el fisting de forma responsable, interesada y bas\u00e1ndose en hechos. El \u00fanico requisito para ello es una actitud respetuosa, as\u00ed como el respeto irrestricto de los principios de consentimiento, seguridad y respeto mutuo.   <\/p>\n\n<p>Juntos rompemos tab\u00faes, superamos prejuicios y fomentamos un debate informado, respetuoso y, sobre todo, placentero sobre el tema del fisting. Porque el conocimiento, la visibilidad y la comunidad son nuestros instrumentos m\u00e1s poderosos para experiencias seguras y satisfactorias.  <\/p>\n\n<div class=\"wp-block-stackable-separator alignfull stk-block-separator stk--no-padding stk-block stk-a1bf0eb\" data-block-id=\"a1bf0eb\"><div class=\"stk-block-separator__inner\"><svg xmlns=\"http:\/\/www.w3.org\/2000\/svg\" viewBox=\"0 0 1600 200\" class=\"stk-separator__layer-1\" preserveAspectRatio=\"none\" aria-hidden=\"true\"><path d=\"M1610.5 189.1s-128.2-82.6-138.2-89.2c-17.1-11.3-37.2-15.5-87-18.1-49.7-2.6-753.6-40.7-783.9-42.3-30.3-1.5-81.1-1.3-121.1 8.2S-9.5 163.2-9.5 163.2v50h1620v-24.1z\"><\/path><\/svg><\/div><\/div>\n","protected":false},"excerpt":{"rendered":"<p>Qui\u00e9nes somos y por qu\u00e9 existimos El Fist Club Europe e.V. es una asociaci\u00f3n paraguas de alcance internacional y una comunidad activa en torno a la pr\u00e1ctica del fisting relacionada con la sexualidad. Fundado con la profunda convicci\u00f3n de que el trato responsable, la educaci\u00f3n fundamentada y la visibilidad social son de importancia esencial, creamos [&hellip;]<\/p>\n","protected":false},"author":2,"featured_media":4181,"parent":0,"menu_order":0,"comment_status":"closed","ping_status":"closed","template":"","meta":{"_gspb_post_css":"","footnotes":""},"class_list":["post-2641","page","type-page","status-publish","has-post-thumbnail","hentry"],"blocksy_meta":{"page_structure_type":"type-3","styles_descriptor":{"styles":{"desktop":"","tablet":"","mobile":""},"google_fonts":[],"version":6}},"_links":{"self":[{"href":"https:\/\/fist.club\/es\/wp-json\/wp\/v2\/pages\/2641","targetHints":{"allow":["GET"]}}],"collection":[{"href":"https:\/\/fist.club\/es\/wp-json\/wp\/v2\/pages"}],"about":[{"href":"https:\/\/fist.club\/es\/wp-json\/wp\/v2\/types\/page"}],"author":[{"embeddable":true,"href":"https:\/\/fist.club\/es\/wp-json\/wp\/v2\/users\/2"}],"replies":[{"embeddable":true,"href":"https:\/\/fist.club\/es\/wp-json\/wp\/v2\/comments?post=2641"}],"version-history":[{"count":2,"href":"https:\/\/fist.club\/es\/wp-json\/wp\/v2\/pages\/2641\/revisions"}],"predecessor-version":[{"id":4157,"href":"https:\/\/fist.club\/es\/wp-json\/wp\/v2\/pages\/2641\/revisions\/4157"}],"wp:featuredmedia":[{"embeddable":true,"href":"https:\/\/fist.club\/es\/wp-json\/wp\/v2\/media\/4181"}],"wp:attachment":[{"href":"https:\/\/fist.club\/es\/wp-json\/wp\/v2\/media?parent=2641"}],"curies":[{"name":"wp","href":"https:\/\/api.w.org\/{rel}","templated":true}]}}