{"id":2642,"date":"2025-06-18T11:37:33","date_gmt":"2025-06-18T09:37:33","guid":{"rendered":"https:\/\/fist.club\/sobre-el-fisting\/"},"modified":"2025-10-29T09:51:11","modified_gmt":"2025-10-29T08:51:11","slug":"sobre-el-fisting","status":"publish","type":"page","link":"https:\/\/fist.club\/es\/sobre-el-fisting\/","title":{"rendered":"Acerca del fisting"},"content":{"rendered":"\n<div class=\"wp-block-stackable-spacer stk-block-spacer stk--no-padding stk-block stk-f9e5b02\" data-block-id=\"f9e5b02\"><\/div>\n\n<div class=\"wp-block-stackable-heading stk-block-heading stk-block-heading--v2 stk-block stk-aedecc5\" id=\"strong-intimitat-vertrauen-wissen-strong\" data-block-id=\"aedecc5\"><h2 class=\"stk-block-heading__text\"><strong>Intimidad. Confianza. Conocimiento.  <\/strong><\/h2><\/div>\n\n<p>El fisting es una de las formas m\u00e1s intensas de intimidad sexual, y mucho m\u00e1s que una simple t\u00e9cnica. Es un juego de confianza, comunicaci\u00f3n y devoci\u00f3n que puede crear una conexi\u00f3n profunda entre las parejas. Al mismo tiempo, es una pr\u00e1ctica que requiere atenci\u00f3n plena y conocimiento para experimentarla de forma segura y plena.  <\/p>\n\n<p>En esta p\u00e1gina encontrar\u00e1s todo lo que necesitas para una s\u00f3lida introducci\u00f3n o para ampliar tus conocimientos:<\/p>\n\n<p><strong><a href=\"https:\/\/fist.club\/es\/glosario-de-fisting-y-explicaciones-de-terminos\/\" data-type=\"page\" data-id=\"1009\">Glosario y t\u00e9rminos<\/a><\/strong> : explicaciones comprensibles de los t\u00e9rminos t\u00e9cnicos m\u00e1s importantes.<\/p>\n\n<p><strong><a href=\"https:\/\/fist.club\/es\/fisting-para-principiantes\/\" data-type=\"page\" data-id=\"1012\">Fisting para principiantes<\/a><\/strong> : los primeros pasos, consejos de preparaci\u00f3n y t\u00e9cnicas seguras.<\/p>\n\n<p><strong><a href=\"https:\/\/fist.club\/es\/fisting-para-avanzados\/\" data-type=\"page\" data-id=\"1014\">T\u00e9cnicas avanzadas<\/a><\/strong> \u2013 para aquellos que quieren profundizar y descubrir nuevas dimensiones del placer.<\/p>\n\n<p><strong><a href=\"https:\/\/fist.club\/es\/salud-y-seguridad\/\" data-type=\"page\" data-id=\"1016\">Salud y seguridad<\/a><\/strong> : higiene, consejos para tener sexo seguro e informaci\u00f3n m\u00e9dica para divertirse sin preocupaciones.<\/p>\n\n<p><strong><a href=\"https:\/\/fist.club\/es\/testimonios-e-historias\/\" data-type=\"page\" data-id=\"1039\">Testimonios<\/a><\/strong> : historias honestas de la comunidad.<\/p>\n\n<p>Nuestro enfoque: <strong>respetuoso, objetivo y sexo-positivo.<\/strong><br\/> No queremos escandalizar, sino educar, para todos aquellos que tengan curiosidad, preguntas o quieran profundizar sus experiencias.<\/p>\n\n<p>El fisting no se trata de dolor, sino <strong>de consentimiento, comunicaci\u00f3n y la alegr\u00eda de la intimidad.<\/strong> Si est\u00e1s listo para aceptarlo, se abre un mundo de nuevas sensaciones: seguras, intensas y hermosas.<\/p>\n\n<div class=\"wp-block-stackable-spacer stk-block-spacer stk--no-padding stk-block stk-9afac34\" data-block-id=\"9afac34\"><\/div>\n","protected":false},"excerpt":{"rendered":"<p>Intimidad. Confianza. Conocimiento. El fisting es una de las formas m\u00e1s intensas de intimidad sexual, y mucho m\u00e1s que una simple t\u00e9cnica. Es un juego de confianza, comunicaci\u00f3n y devoci\u00f3n que puede crear una conexi\u00f3n profunda entre las parejas. Al mismo tiempo, es una pr\u00e1ctica que requiere atenci\u00f3n plena y conocimiento para experimentarla de forma [&hellip;]<\/p>\n","protected":false},"author":2,"featured_media":4238,"parent":0,"menu_order":0,"comment_status":"closed","ping_status":"closed","template":"","meta":{"_gspb_post_css":"#gspb_row-id-gsbp-0442d19,#gspb_row-id-gsbp-3e2c0c7{justify-content:space-between;margin-top:0;margin-bottom:0;display:flex;flex-wrap:wrap}#gspb_row-id-gsbp-3e2c0c7>.gspb_row__content{display:flex;justify-content:space-between;margin:0 auto;width:100%;flex-wrap:wrap}div[id^=gspb_col-id]{box-sizing:border-box;position:relative;padding:var(--gs-row-column-padding, 15px min(3vw, 20px))}body.gspb-bodyfront #gspb_row-id-gsbp-3e2c0c7>.gspb_row__content{width:var(--theme-container-width, 1200px);max-width:var(--theme-normal-container-max-width, 1200px)}#gspb_col-id-gsbp-aada4a75-53c5.gspb_row__col--9{width:75%}@media (max-width:575.98px){#gspb_col-id-gsbp-aada4a75-53c5.gspb_row__col--9{width:100%}}@media (min-width:992px){body.gspb-bodyfront #gspb_col-id-gsbp-aada4a75-53c5.gspb_row__col--9{width:calc(70% - 0px - 0px)}}.gspb_row #gspb_col-id-gsbp-57c8c99.gspb_row__col--4,.gspb_row #gspb_col-id-gsbp-aada4a75-53c5.gspb_row__col--9{padding:0}#gspb_col-id-gsbp-aada4a75-53c5.gspb_row__col--9{background-color:var(--wp--preset--color--palette-color-6, var(--theme-palette-color-6, #000000))}body #gspb_col-id-gsbp-aada4a75-53c5.gspb_row__col--9{display:flex;flex-direction:column;justify-content:space-between}.gspb_container-id-gsbp-e4601aa{flex-direction:column;box-sizing:border-box}#gspb_container-id-gsbp-2bd420f.gspb_container>p:last-of-type,#gspb_container-id-gsbp-544256c.gspb_container>p:last-of-type,#gspb_container-id-gsbp-5d4f295.gspb_container>p:last-of-type,#gspb_container-id-gsbp-665db20.gspb_container>p:last-of-type,#gspb_container-id-gsbp-b5f179f.gspb_container>p:last-of-type,#gspb_container-id-gsbp-e4601aa.gspb_container>p:last-of-type,#gspb_container-id-gsbp-fa285de.gspb_container>p:last-of-type{margin-bottom:0}#gspb_container-id-gsbp-e4601aa.gspb_container{position:relative;padding:30px;background-color:var(--wp--preset--color--palette-color-6, var(--theme-palette-color-6, #000000))}#gspb_row-id-gsbp-0442d19>.gspb_row__content{display:flex;margin:0 auto;width:100%;flex-wrap:wrap;justify-content:flex-start}.gspb_row{position:relative}body.gspb-bodyfront #gspb_row-id-gsbp-0442d19>.gspb_row__content{width:var(--theme-container-width, 1200px);max-width:var(--theme-normal-container-max-width, 1200px)}#gspb_col-id-gsbp-57c8c99.gspb_row__col--4{width:33.333333333333336%}@media (max-width:575.98px){#gspb_col-id-gsbp-57c8c99.gspb_row__col--4{width:100%}}.gspb_container-id-gsbp-fa285de{flex-direction:column;box-sizing:border-box}#gspb_container-id-gsbp-fa285de.gspb_container{position:relative;transition:all .2s ease;margin-bottom:0;padding:30px}#gspb_container-id-gsbp-fa285de.gspb_container,#gspb_container-id-gsbp-fa285de.gspb_container>.gspb_backgroundOverlay{border-top-left-radius:10px;border-top-right-radius:10px;border-bottom-right-radius:10px;border-bottom-left-radius:10px}#gspb_container-id-gsbp-fa285de.gspb_container:hover{background-color:var(--wp--preset--color--palette-color-7, var(--theme-palette-color-7, #323232))!important}#gspb_container-id-gsbp-fa285de.gspb_container .gspb-containerlink{position:absolute;top:0;left:0;right:0;bottom:0;z-index:1}#gspb_heading-id-gsbp-692043c{text-transform:uppercase;font-size:14px;margin-top:0;margin-bottom:5px}.gspb-hoverparent-233:hover #gspb_heading-id-gsbp-692043c{color:var(--wp--preset--color--palette-color-6, var(--theme-palette-color-6, #000000))}.gspb_text-id-gsbp-a6a4713{font-size:13px;text-align:left!important}.gspb_text-id-gsbp-a6a4713 .gsap-g-line{text-align:left!important}@media (max-width:575.98px){.gspb_text-id-gsbp-a6a4713,.gspb_text-id-gsbp-a6a4713 .gsap-g-line{text-align:center!important}}.gspb_text-id-gsbp-a6a4713{color:#696767;margin-bottom:0!important}#gspb_col-id-gsbp-3b1fc26.gspb_row__col--4{width:33.333333333333336%}@media (max-width:575.98px){#gspb_col-id-gsbp-3b1fc26.gspb_row__col--4{width:100%}}.gspb_row #gspb_col-id-gsbp-3b1fc26.gspb_row__col--4{padding:0}.gspb_container-id-gsbp-2bd420f{flex-direction:column;box-sizing:border-box}#gspb_container-id-gsbp-2bd420f.gspb_container{position:relative;transition:all .2s ease;padding:30px}#gspb_container-id-gsbp-2bd420f.gspb_container,#gspb_container-id-gsbp-2bd420f.gspb_container>.gspb_backgroundOverlay{border-top-left-radius:10px;border-top-right-radius:10px;border-bottom-right-radius:10px;border-bottom-left-radius:10px}#gspb_container-id-gsbp-2bd420f.gspb_container:hover{background-color:var(--wp--preset--color--palette-color-7, var(--theme-palette-color-7, #323232))!important}#gspb_container-id-gsbp-2bd420f.gspb_container .gspb-containerlink{position:absolute;top:0;left:0;right:0;bottom:0;z-index:1}.gspb-hoverparent-198:hover #gspb_heading-id-gsbp-7fdb8da{color:#000}.gspb_text-id-gsbp-ce4eb94{font-size:13px;text-align:left!important}.gspb_text-id-gsbp-ce4eb94 .gsap-g-line{text-align:left!important}@media (max-width:575.98px){.gspb_text-id-gsbp-ce4eb94,.gspb_text-id-gsbp-ce4eb94 .gsap-g-line{text-align:center!important}}.gspb_text-id-gsbp-ce4eb94{color:#696767;margin-bottom:0!important}#gspb_col-id-gsbp-f68043a.gspb_row__col--4{width:33.333333333333336%}@media (max-width:575.98px){#gspb_col-id-gsbp-f68043a.gspb_row__col--4{width:100%}}.gspb_row #gspb_col-id-gsbp-f68043a.gspb_row__col--4{padding:0}.gspb_container-id-gsbp-b5f179f{flex-direction:column;box-sizing:border-box}#gspb_container-id-gsbp-b5f179f.gspb_container{position:relative;transition:all .2s ease;padding:30px}#gspb_container-id-gsbp-b5f179f.gspb_container,#gspb_container-id-gsbp-b5f179f.gspb_container>.gspb_backgroundOverlay{border-top-left-radius:10px;border-top-right-radius:10px;border-bottom-right-radius:10px;border-bottom-left-radius:10px}#gspb_container-id-gsbp-b5f179f.gspb_container:hover{background-color:var(--wp--preset--color--palette-color-7, var(--theme-palette-color-7, #323232))!important}#gspb_container-id-gsbp-b5f179f.gspb_container .gspb-containerlink{position:absolute;top:0;left:0;right:0;bottom:0;z-index:1}#gspb_heading-id-gsbp-39fa180,#gspb_heading-id-gsbp-7fdb8da{text-transform:uppercase;font-size:14px;margin-top:0;margin-bottom:5px}.gspb-hoverparent-193:hover #gspb_heading-id-gsbp-39fa180{color:#000}.gspb_text-id-gsbp-13d4f84{font-size:13px;text-align:left!important}.gspb_text-id-gsbp-13d4f84 .gsap-g-line{text-align:left!important}@media (max-width:575.98px){.gspb_text-id-gsbp-13d4f84,.gspb_text-id-gsbp-13d4f84 .gsap-g-line{text-align:center!important}}.gspb_text-id-gsbp-13d4f84{color:#696767;margin-bottom:0!important}#gspb_col-id-gsbp-929848d.gspb_row__col--4{width:33.333333333333336%}@media (max-width:575.98px){#gspb_col-id-gsbp-929848d.gspb_row__col--4{width:100%}}.gspb_row #gspb_col-id-gsbp-929848d.gspb_row__col--4{padding:0}.gspb_container-id-gsbp-665db20{flex-direction:column;box-sizing:border-box}#gspb_container-id-gsbp-665db20.gspb_container{position:relative;transition:all .2s ease;padding:30px;background-color:var(--wp--preset--color--palette-color-8, var(--theme-palette-color-8, #000000))}#gspb_container-id-gsbp-665db20.gspb_container,#gspb_container-id-gsbp-665db20.gspb_container>.gspb_backgroundOverlay{border-top-left-radius:10px;border-top-right-radius:10px;border-bottom-right-radius:10px;border-bottom-left-radius:10px}#gspb_container-id-gsbp-665db20.gspb_container:hover{background-color:var(--wp--preset--color--palette-color-7, var(--theme-palette-color-7, #323232))!important}#gspb_container-id-gsbp-665db20.gspb_container .gspb-containerlink{position:absolute;top:0;left:0;right:0;bottom:0;z-index:1}.gspb-hoverparent-2:hover #gspb_heading-id-gsbp-80ca8d2{color:#000}.gspb_text-id-gsbp-88014f1{font-size:13px;text-align:left!important}.gspb_text-id-gsbp-88014f1 .gsap-g-line{text-align:left!important}@media (max-width:575.98px){.gspb_text-id-gsbp-88014f1,.gspb_text-id-gsbp-88014f1 .gsap-g-line{text-align:center!important}}.gspb_text-id-gsbp-88014f1{color:#696767;margin-bottom:0!important}#gspb_col-id-gsbp-8e8f2bf.gspb_row__col--4{width:33.333333333333336%}@media (max-width:575.98px){#gspb_col-id-gsbp-8e8f2bf.gspb_row__col--4{width:100%}}.gspb_row #gspb_col-id-gsbp-8e8f2bf.gspb_row__col--4{padding:0}.gspb_container-id-gsbp-5d4f295{flex-direction:column;box-sizing:border-box}#gspb_container-id-gsbp-5d4f295.gspb_container{position:relative;transition:all .2s ease;padding:30px}#gspb_container-id-gsbp-5d4f295.gspb_container,#gspb_container-id-gsbp-5d4f295.gspb_container>.gspb_backgroundOverlay{border-top-left-radius:10px;border-top-right-radius:10px;border-bottom-right-radius:10px;border-bottom-left-radius:10px}#gspb_container-id-gsbp-5d4f295.gspb_container:hover{background-color:var(--wp--preset--color--palette-color-7, var(--theme-palette-color-7, #323232))!important}#gspb_container-id-gsbp-5d4f295.gspb_container .gspb-containerlink{position:absolute;top:0;left:0;right:0;bottom:0;z-index:1}#gspb_heading-id-gsbp-80ca8d2,#gspb_heading-id-gsbp-b936088{text-transform:uppercase;font-size:14px;margin-top:0;margin-bottom:5px}.gspb-hoverparent-39:hover #gspb_heading-id-gsbp-b936088{color:#000}.gspb_text-id-gsbp-ccf54c9{font-size:13px;text-align:left!important}.gspb_text-id-gsbp-ccf54c9 .gsap-g-line{text-align:left!important}@media (max-width:575.98px){.gspb_text-id-gsbp-ccf54c9,.gspb_text-id-gsbp-ccf54c9 .gsap-g-line{text-align:center!important}}.gspb_text-id-gsbp-ccf54c9{color:#696767;margin-bottom:0!important}.gspb_container-id-gsbp-544256c{flex-direction:column;box-sizing:border-box}#gspb_container-id-gsbp-544256c.gspb_container{position:relative;border-top-style:solid;border-top-width:1px;border-top-color:var(--wp--preset--color--palette-color-6, var(--theme-palette-color-6, #f4f4f5));background-color:var(--wp--preset--color--palette-color-6, var(--theme-palette-color-6, #000000))}","footnotes":""},"class_list":["post-2642","page","type-page","status-publish","has-post-thumbnail","hentry"],"blocksy_meta":[],"_links":{"self":[{"href":"https:\/\/fist.club\/es\/wp-json\/wp\/v2\/pages\/2642","targetHints":{"allow":["GET"]}}],"collection":[{"href":"https:\/\/fist.club\/es\/wp-json\/wp\/v2\/pages"}],"about":[{"href":"https:\/\/fist.club\/es\/wp-json\/wp\/v2\/types\/page"}],"author":[{"embeddable":true,"href":"https:\/\/fist.club\/es\/wp-json\/wp\/v2\/users\/2"}],"replies":[{"embeddable":true,"href":"https:\/\/fist.club\/es\/wp-json\/wp\/v2\/comments?post=2642"}],"version-history":[{"count":5,"href":"https:\/\/fist.club\/es\/wp-json\/wp\/v2\/pages\/2642\/revisions"}],"predecessor-version":[{"id":5141,"href":"https:\/\/fist.club\/es\/wp-json\/wp\/v2\/pages\/2642\/revisions\/5141"}],"wp:featuredmedia":[{"embeddable":true,"href":"https:\/\/fist.club\/es\/wp-json\/wp\/v2\/media\/4238"}],"wp:attachment":[{"href":"https:\/\/fist.club\/es\/wp-json\/wp\/v2\/media?parent=2642"}],"curies":[{"name":"wp","href":"https:\/\/api.w.org\/{rel}","templated":true}]}}