{"id":2656,"date":"2025-06-26T13:20:22","date_gmt":"2025-06-26T11:20:22","guid":{"rendered":"https:\/\/fist.club\/aviso-legal\/"},"modified":"2025-08-29T15:15:03","modified_gmt":"2025-08-29T13:15:03","slug":"aviso-legal","status":"publish","type":"page","link":"https:\/\/fist.club\/es\/aviso-legal\/","title":{"rendered":"Aviso legal"},"content":{"rendered":"\n<div class=\"wp-block-stackable-spacer stk-block-spacer stk--no-padding stk-block stk-18a414d\" data-block-id=\"18a414d\"><\/div>\n\n<div class=\"wp-block-stackable-columns stk-block-columns stk-block stk-c370b88\" data-block-id=\"c370b88\"><div class=\"stk-row stk-inner-blocks stk-block-content stk-content-align stk-c370b88-column\">\n<div class=\"wp-block-stackable-column stk-block-column stk-column stk-block stk-0f9d940\" data-v=\"4\" data-block-id=\"0f9d940\"><style>@media screen and (min-width:690px){.stk-0f9d940 {flex:var(--stk-flex-grow, 1) 1 calc(33.33400000000002% - var(--stk-column-gap, 0px) * 1 \/ 2 ) !important;}}<\/style><div class=\"stk-column-wrapper stk-block-column__content stk-container stk-0f9d940-container stk--no-background stk--no-padding\"><div class=\"stk-block-content stk-inner-blocks stk-0f9d940-inner-blocks\">\n<p><strong>Informaci\u00f3n del proveedor seg\u00fan el \u00a7 5 TMG <\/strong><br\/><br\/>Fist Club Europe e.V.<br\/>Ella-Barowsky-Str. 47<br\/>10829 Berl\u00edn<br\/>Tel.: +49 (30) 220 122 346 <\/p>\n\n\n\n<p><br\/><a href=\"https:\/\/fist.club\/es\/contacto\/\" data-type=\"page\" data-id=\"4237\">Cont\u00e1ctanos aqu\u00ed<\/a><br\/><br\/><strong>Junta directiva<\/strong><br\/>Andr\u00e9 Spielmann, Valentin Henn<\/p>\n\n\n\n<p>Inscrito en el registro de asociaciones del juzgado de Charlottenburg con el n.\u00ba VR 41777 B.<br\/><br\/><strong>Consultas de prensa<\/strong><br\/>Balian Richter, portavoz de prensa (press (\u00e4t) europe.fist.club)<\/p>\n<\/div><\/div><\/div>\n\n\n\n<div class=\"wp-block-stackable-column stk-block-column stk-column stk-block stk-b136625\" data-v=\"4\" data-block-id=\"b136625\"><style>@media screen and (min-width:690px){.stk-b136625 {flex:var(--stk-flex-grow, 1) 1 calc(66.666% - var(--stk-column-gap, 0px) * 1 \/ 2 ) !important;}}<\/style><div class=\"stk-column-wrapper stk-block-column__content stk-container stk-b136625-container stk--no-background stk--no-padding\"><div class=\"stk-block-content stk-inner-blocks stk-b136625-inner-blocks\">\n<figure class=\"wp-block-image size-full is-resized\"><img decoding=\"async\" width=\"595\" height=\"860\" src=\"https:\/\/fist.club\/wp-content\/uploads\/2025\/06\/qmoi9a5s.png\" alt=\"Logotipo de Fist Club\" class=\"wp-image-1579\" style=\"width:184px;height:auto\" srcset=\"https:\/\/fist.club\/wp-content\/uploads\/2025\/06\/qmoi9a5s.png 595w, https:\/\/fist.club\/wp-content\/uploads\/2025\/06\/qmoi9a5s-208x300.png 208w\" sizes=\"(max-width: 595px) 100vw, 595px\" \/><\/figure>\n<\/div><\/div><\/div>\n<\/div><\/div>\n\n<div class=\"wp-block-stackable-spacer stk-block-spacer stk--no-padding stk-block stk-835ebb1\" data-block-id=\"835ebb1\"><\/div>\n","protected":false},"excerpt":{"rendered":"<p>Informaci\u00f3n del proveedor seg\u00fan el \u00a7 5 TMG Fist Club Europe e.V.Ella-Barowsky-Str. 4710829 Berl\u00ednTel.: +49 (30) 220 122 346 Cont\u00e1ctanos aqu\u00ed Junta directivaAndr\u00e9 Spielmann, Valentin Henn Inscrito en el registro de asociaciones del juzgado de Charlottenburg con el n.\u00ba VR 41777 B. Consultas de prensaBalian Richter, portavoz de prensa (press (\u00e4t) europe.fist.club)<\/p>\n","protected":false},"author":2,"featured_media":2271,"parent":0,"menu_order":0,"comment_status":"closed","ping_status":"closed","template":"","meta":{"_gspb_post_css":"","footnotes":""},"class_list":["post-2656","page","type-page","status-publish","has-post-thumbnail","hentry"],"blocksy_meta":[],"_links":{"self":[{"href":"https:\/\/fist.club\/es\/wp-json\/wp\/v2\/pages\/2656","targetHints":{"allow":["GET"]}}],"collection":[{"href":"https:\/\/fist.club\/es\/wp-json\/wp\/v2\/pages"}],"about":[{"href":"https:\/\/fist.club\/es\/wp-json\/wp\/v2\/types\/page"}],"author":[{"embeddable":true,"href":"https:\/\/fist.club\/es\/wp-json\/wp\/v2\/users\/2"}],"replies":[{"embeddable":true,"href":"https:\/\/fist.club\/es\/wp-json\/wp\/v2\/comments?post=2656"}],"version-history":[{"count":4,"href":"https:\/\/fist.club\/es\/wp-json\/wp\/v2\/pages\/2656\/revisions"}],"predecessor-version":[{"id":4318,"href":"https:\/\/fist.club\/es\/wp-json\/wp\/v2\/pages\/2656\/revisions\/4318"}],"wp:featuredmedia":[{"embeddable":true,"href":"https:\/\/fist.club\/es\/wp-json\/wp\/v2\/media\/2271"}],"wp:attachment":[{"href":"https:\/\/fist.club\/es\/wp-json\/wp\/v2\/media?parent=2656"}],"curies":[{"name":"wp","href":"https:\/\/api.w.org\/{rel}","templated":true}]}}