{"id":2662,"date":"2025-06-23T14:29:52","date_gmt":"2025-06-23T12:29:52","guid":{"rendered":"https:\/\/fist.club\/notas-de-prensa\/"},"modified":"2025-08-29T10:25:12","modified_gmt":"2025-08-29T08:25:12","slug":"notas-de-prensa","status":"publish","type":"page","link":"https:\/\/fist.club\/es\/notas-de-prensa\/","title":{"rendered":"Notas de prensa"},"content":{"rendered":"\n<div class=\"wp-block-stackable-spacer stk-block-spacer stk--no-padding stk-block stk-b766a9f\" data-block-id=\"b766a9f\"><style>.stk-b766a9f {height:100px !important;}<\/style><\/div>\n\n<div class=\"wp-block-stackable-columns stk-block-columns stk-block stk-6e67ac3\" data-block-id=\"6e67ac3\"><div class=\"stk-row stk-inner-blocks stk-block-content stk-content-align stk-6e67ac3-column\">\n<div class=\"wp-block-stackable-column stk-block-column stk-column stk-block stk-08c802d\" data-v=\"4\" data-block-id=\"08c802d\"><style>@media screen and (min-width:690px){.stk-08c802d {flex:var(--stk-flex-grow, 1) 1 66.7% !important;}}<\/style><div class=\"stk-column-wrapper stk-block-column__content stk-container stk-08c802d-container stk--no-background stk--no-padding\"><div class=\"stk-block-content stk-inner-blocks stk-08c802d-inner-blocks\">\n<h5 class=\"wp-block-heading\" id=\"fist-club-europe-e-v-ruft-den-05-mai-als-internationalen-tag-des-fistens-aus\"><strong>Fist Club Europe e.V. declara el 5 de mayo como el \u201cD\u00eda Internacional del Fisting\u201d<\/strong><\/h5>\n\n\n\n<p>Berl\u00edn, 25 de abril de 2025<\/p>\n\n\n\n<p>Berl\u00edn, 5 de mayo de 2025 \u2013 Fist Club Europe e.V. declara oficialmente el 5 de mayo como el nuevo \u201cD\u00eda Internacional del Fisting\u201d. El objetivo de la asociaci\u00f3n, con sede en Berl\u00edn, es crear visibilidad, concienciaci\u00f3n y aceptaci\u00f3n de una pr\u00e1ctica sexual, especialmente dentro de la comunidad gay, pero tambi\u00e9n m\u00e1s all\u00e1. <\/p>\n\n\n\n<p>\u201cEl fisting es m\u00e1s que una t\u00e9cnica sexual: es una expresi\u00f3n de intimidad, confianza y libertad. El 5 de mayo debe ser un d\u00eda en el que hagamos visible esta pr\u00e1ctica con respeto, orgullo y concienciaci\u00f3n\u201d, explica Balian Richter, portavoz de Fist Club Europe.<\/p>\n\n\n\n<p><strong>Un nuevo d\u00eda para la autodeterminaci\u00f3n corporal y la diversidad sexual<\/strong><\/p>\n\n\n\n<p>El fisting es una pr\u00e1ctica f\u00edsicamente intensa que requiere un alto grado de comunicaci\u00f3n, consentimiento y confianza.<\/p>\n\n\n\n<p>\u201cVemos una necesidad urgente no solo de aumentar la visibilidad, sino sobre todo de desmantelar activamente los mitos y permitir un discurso objetivo y consciente de la salud sobre el fisting que se base en hechos\u201d, afirma Balian Richter, portavoz de Fist Club Europe e.V.<\/p>\n<\/div><\/div><\/div>\n\n\n\n<div class=\"wp-block-stackable-column stk-block-column stk-column stk-block stk-38471a9\" data-v=\"4\" data-block-id=\"38471a9\"><style>@media screen and (min-width:690px){.stk-38471a9 {flex:var(--stk-flex-grow, 1) 1 33.3% !important;}}<\/style><div class=\"stk-column-wrapper stk-block-column__content stk-container stk-38471a9-container stk--no-background stk--no-padding\"><div class=\"stk-block-content stk-inner-blocks stk-38471a9-inner-blocks\">\n<figure class=\"wp-block-image size-large\"><img decoding=\"async\" width=\"872\" height=\"1024\" src=\"https:\/\/fist.club\/wp-content\/uploads\/2025\/08\/2aaaahaaaaa-1744x2048-1-872x1024.png\" alt=\"Logotipo de Fist Club\" class=\"wp-image-3525\" srcset=\"https:\/\/fist.club\/wp-content\/uploads\/2025\/08\/2aaaahaaaaa-1744x2048-1-872x1024.png 872w, https:\/\/fist.club\/wp-content\/uploads\/2025\/08\/2aaaahaaaaa-1744x2048-1-255x300.png 255w, https:\/\/fist.club\/wp-content\/uploads\/2025\/08\/2aaaahaaaaa-1744x2048-1-768x902.png 768w, https:\/\/fist.club\/wp-content\/uploads\/2025\/08\/2aaaahaaaaa-1744x2048-1-1308x1536.png 1308w, https:\/\/fist.club\/wp-content\/uploads\/2025\/08\/2aaaahaaaaa-1744x2048-1.png 1744w\" sizes=\"(max-width: 872px) 100vw, 872px\" \/><\/figure>\n<\/div><\/div><\/div>\n<\/div><\/div>\n\n<div class=\"wp-block-stackable-columns stk-block-columns stk-block stk-d552103\" data-block-id=\"d552103\"><div class=\"stk-row stk-inner-blocks stk-block-content stk-content-align stk-d552103-column\">\n<div class=\"wp-block-stackable-column stk-block-column stk-column stk-block stk-93598a4\" data-v=\"4\" data-block-id=\"93598a4\"><style>.stk-93598a4-container{max-width:1250px !important;min-width:auto !important;margin-right:auto !important;margin-left:auto !important;}<\/style><div class=\"stk-column-wrapper stk-block-column__content stk-container stk-93598a4-container stk--no-background stk--no-padding\"><div class=\"stk-block-content stk-inner-blocks stk-93598a4-inner-blocks\">\n<p><strong>\u00bfPor qu\u00e9 el 5 de mayo?<\/strong><\/p>\n\n\n\n<p>La elecci\u00f3n de la fecha no es casual: el n\u00famero 5 simboliza los cinco dedos de la mano, el elemento central de esta pr\u00e1ctica. El n\u00famero doble \u2013 05.05. \u2013 tiene un efecto llamativo, claro y f\u00e1cil de comunicar. El d\u00eda debe ser un s\u00edmbolo mundial de una forma de intimidad sexual que a menudo se vive en privado, pero que est\u00e1 firmemente arraigada en muchas realidades de vida queer.   <\/p>\n\n\n\n<p><strong>Delimitaci\u00f3n del 21 de octubre<\/strong><\/p>\n\n\n\n<p>El ya existente \u201cD\u00eda Internacional del Fisting\u201d (21 de octubre) se inici\u00f3 en 2011 en los EE. UU. y se centra principalmente en la censura y la representaci\u00f3n en la pornograf\u00eda. El 5 de mayo, por otro lado, se centra en la pr\u00e1ctica vivida dentro de la comunidad gay mundial, con todas sus facetas, diferencias culturales y significados personales. <\/p>\n\n\n\n<p>\u201cNuestro objetivo no es la competencia, sino la complementaci\u00f3n. Estamos creando un d\u00eda que surge del centro de la comunidad: visible, abierto, seguro de s\u00ed mismo y respetuoso\u201d, dice Balian Richter.<\/p>\n\n\n\n<p>\u201cInvitamos a los medios de comunicaci\u00f3n, a las organizaciones del \u00e1mbito de la salud sexual y a la comunidad a utilizar el 5 de mayo como impulso para una concienciaci\u00f3n fundamentada\u201d, contin\u00faa Richter. \u201cEste d\u00eda debe ser un evento anual para subrayar la importancia del conocimiento, la seguridad y el consentimiento en el contexto del fisting en todo el mundo.\u201d <\/p>\n\n\n\n<p>El club planea acompa\u00f1ar este d\u00eda en el futuro con sus propias acciones y ofertas de informaci\u00f3n. M\u00e1s informaci\u00f3n en el sitio web <a href=\"https:\/\/www.fistingday.org\" target=\"_blank\" rel=\"noreferrer noopener\"><strong>www.fistingday.org<\/strong><\/a>.<\/p>\n\n\n\n<p>Nos alegrar\u00eda que este d\u00eda se hiciera p\u00fablico a trav\u00e9s de la cobertura que lo acompa\u00f1e. Si su redacci\u00f3n necesita m\u00e1s informaci\u00f3n o materiales, estaremos encantados de proporcion\u00e1rselos. <\/p>\n\n\n\n<div class=\"wp-block-stackable-divider stk-block-divider stk-block stk-a329189\" data-block-id=\"a329189\"><style>.stk-a329189 {margin-top:var(--stk--preset--spacing--50, 1.5rem) !important;margin-bottom:50px !important;}<\/style><hr class=\"stk-block-divider__hr\"\/><\/div>\n\n\n\n<h5 class=\"wp-block-heading\" id=\"heute-ist-der-erste-internationale-tag-des-fistens-fur-alle-die-mehr-wissen-wollen\"><strong>Hoy es el primer D\u00eda Internacional del Fisting, para todos aquellos que quieran saber m\u00e1s.<\/strong><\/h5>\n\n\n\n<p>Berl\u00edn, 5 de mayo de 2025<\/p>\n\n\n\n<p>Con el d\u00eda de hoy, 5 de mayo, Fist Club Europe e.V. pone en marcha el <strong>D\u00eda Internacional del Fisting<\/strong>. El objetivo es sacar a la luz una pr\u00e1ctica sexual que rara vez se trata p\u00fablicamente, no con el dedo levantado, sino con apertura, conocimientos especializados y respeto. <\/p>\n\n\n\n<p>\u201c<strong>No queremos convertir, escandalizar ni avergonzar a nadie.<\/strong> Lo \u00fanico que queremos es ofrecer una plataforma a las personas que quieran abordar el tema del fisting con un inter\u00e9s sincero, ya sean gays, heteros o algo intermedio\u201d, explica el portavoz Balian Richter.<\/p>\n\n\n\n<p>La asociaci\u00f3n, con sede en Berl\u00edn, entiende el fisting no solo como una t\u00e9cnica, sino como una expresi\u00f3n de intimidad, confianza y autodeterminaci\u00f3n sexual.<\/p>\n\n\n\n<p>La elecci\u00f3n de la fecha no es casual: el n\u00famero 5 simboliza los cinco dedos de la mano, el elemento central de esta pr\u00e1ctica. El 05.05. \u2013 con su simb\u00f3lico doble cinco \u2013 marca un d\u00eda que representa una forma de intimidad f\u00edsica que est\u00e1 firmemente arraigada en muchas sexualidades individuales y que, sin embargo, rara vez se nombra p\u00fablicamente.  <\/p>\n\n\n\n<p><strong>Concienciaci\u00f3n en lugar de alarmismo, y respeto por la curiosidad<\/strong><\/p>\n\n\n\n<p>El fisting requiere un alto grado de comunicaci\u00f3n, consentimiento y conocimiento higi\u00e9nico. Aqu\u00ed es exactamente donde entra en juego Fist Club Europe e.V.: con ofertas de informaci\u00f3n y formatos digitales que se basan en conocimientos fundamentados y experiencia pr\u00e1ctica. \u201cNo apostamos por la provocaci\u00f3n, sino por la fiabilidad. Nuestro objetivo es orientar a las personas interesadas, sin dramas, sin clich\u00e9s\u201d, afirma Richter.  <\/p>\n\n\n\n<p>La asociaci\u00f3n se dirige expresamente a personas de todas las orientaciones sexuales que sientan curiosidad, tengan preguntas o ya hayan tenido experiencias. \u201e<strong>Nuestro objetivo no es hacer que el fisting sea apto para las masas. Nuestro objetivo es concienciar, para aquellos que realmente quieren saber m\u00e1s <\/strong>\u201c, contin\u00faa Richter.<\/p>\n\n\n\n<p><strong>Un d\u00eda para el conocimiento, el respeto y la madurez sexual<\/strong><\/p>\n\n\n\n<p>El D\u00eda Internacional del Fisting se entiende como una iniciativa de la comunidad, abierta y objetiva. En el futuro, servir\u00e1 anualmente para transmitir informaci\u00f3n objetiva sobre pr\u00e1cticas seguras, consenso, requisitos f\u00edsicos y aspectos emocionales. <\/p>\n\n\n\n<p>Porque quien se informa puede decidir conscientemente, por su propio cuerpo, sus propios l\u00edmites y su propio placer.<\/p>\n\n\n\n<p>M\u00e1s informaci\u00f3n en el sitio web <a href=\"https:\/\/www.fistingday.org\" target=\"_blank\" rel=\"noreferrer noopener\"><strong>www.fistingday.org<\/strong><\/a>.<\/p>\n\n\n\n<div class=\"wp-block-stackable-divider stk-block-divider stk-block stk-3be73fc\" data-block-id=\"3be73fc\"><style>.stk-3be73fc {margin-top:var(--stk--preset--spacing--50, 1.5rem) !important;margin-bottom:50px !important;}<\/style><hr class=\"stk-block-divider__hr\"\/><\/div>\n\n\n\n<h5 class=\"wp-block-heading\" id=\"grundung-des-fist-club-europe-e-v-aufklarung-community-und-vernetzung-fur-eine-oft-tabuisierte-sexualpraktik\"><strong>Fundaci\u00f3n de Fist Club Europe e.V. \u2013 Concienciaci\u00f3n, comunidad y creaci\u00f3n de redes para una pr\u00e1ctica sexual a menudo tab\u00fa<\/strong><\/h5>\n\n\n\n<p>Berl\u00edn, 11 de abril de 2025<\/p>\n\n\n\n<p>Con la fundaci\u00f3n del <strong>Fist Club Europe e.V.<\/strong> en Berl\u00edn, se est\u00e1 creando un nuevo punto de contacto para las personas que abogan por un enfoque abierto, respetuoso y seguro de la pr\u00e1ctica sexual del fisting anal. Mientras que otras pr\u00e1cticas sexuales se han desestigmatizado cada vez m\u00e1s en los \u00faltimos a\u00f1os, el fisting anal a menudo permanece excluido de la percepci\u00f3n p\u00fablica. <\/p>\n\n\n\n<p>Esto no se debe solo a los prejuicios o la ignorancia, sino tambi\u00e9n al hecho de que el debate social sobre temas sexuales suele estar marcado por convenciones, tendencias medi\u00e1ticas o narrativas heteronormativas. \u201c<strong>Nuestro objetivo es proporcionar conocimientos fundamentados, desmantelar los prejuicios y crear un espacio seguro para el intercambio dentro de la comunidad<\/strong>\u201d, explica Balian Richter, portavoz de la asociaci\u00f3n. \u201e<strong>El fisting anal se malinterpreta a menudo o se trata como un tema nicho, aunque es una pr\u00e1ctica que tiene una larga tradici\u00f3n en muchas comunidades, especialmente entre hombres homosexuales. Al mismo tiempo, tambi\u00e9n est\u00e1 ganando importancia en los c\u00edrculos heterosexuales. <\/strong>\u201d<\/p>\n\n\n\n<p>La asociaci\u00f3n participa en las siguientes \u00e1reas:<\/p>\n\n\n\n<ul class=\"wp-block-list\">\n<li><strong>Concienciaci\u00f3n y prevenci\u00f3n<\/strong> \u2013 Proporcionar informaci\u00f3n cient\u00edficamente fundamentada sobre higiene, aspectos de salud y pr\u00e1cticas seguras para minimizar los riesgos y crear m\u00e1s conciencia sobre el consentimiento responsable.<\/li>\n\n\n\n<li><strong>Comunidad y creaci\u00f3n de redes<\/strong> \u2013 Construir una comunidad abierta y de apoyo que permita el intercambio y comparta experiencias.<\/li>\n\n\n\n<li><strong>Defensa de intereses<\/strong> \u2013 Promover la visibilidad y la aceptaci\u00f3n de la pr\u00e1ctica en p\u00fablico, as\u00ed como una voz fuerte para la comunidad frente a los actores sociales y pol\u00edticos.<\/li>\n\n\n\n<li><strong>Eventos y cursos<\/strong> \u2013 Organizaci\u00f3n de talleres, reuniones y eventos sociales para transmitir conocimientos y experiencias.<\/li>\n<\/ul>\n\n\n\n<p>En breve se pondr\u00e1 en marcha el sitio web oficial de la asociaci\u00f3n, donde tanto los principiantes absolutos como los profesionales experimentados podr\u00e1n encontrar informaci\u00f3n y orientaci\u00f3n exhaustivas. Adem\u00e1s, se est\u00e1n planificando cursos en l\u00ednea estructurados que permitir\u00e1n a las personas interesadas abordar el tema en un entorno protegido, independientemente de su experiencia o conocimientos previos. <\/p>\n\n\n\n<p>A largo plazo, la plataforma ofrecer\u00e1 una oportunidad para que las personas interesadas de todo el mundo se conecten y re\u00fanan a personas con intereses comunes. La asociaci\u00f3n se dirige especialmente a <strong>hombres homosexuales<\/strong>, pero tambi\u00e9n aboga por un debate social m\u00e1s amplio sobre el tema. <strong>Tambi\u00e9n en los c\u00edrculos heterosexuales est\u00e1 creciendo el inter\u00e9s por el fisting anal, por lo que Fist Club Europe e.V. proporciona espec\u00edficamente concienciaci\u00f3n y asistencia a todos aquellos que deseen abordar esta pr\u00e1ctica de forma responsable e informada<\/strong>. <\/p>\n\n\n\n<p>Adem\u00e1s, la asociaci\u00f3n est\u00e1 disponible como <strong>socio competente para los medios de comunicaci\u00f3n y los portales especializados<\/strong>. Ya sean art\u00edculos de invitados, entrevistas o art\u00edculos especializados, Fist Club Europe e.V. ofrece conocimientos especializados fundamentados y una perspectiva diferenciada sobre los temas de salud sexual, concienciaci\u00f3n y trabajo comunitario. <br\/><br\/>Para consultas de prensa y m\u00e1s informaci\u00f3n, p\u00f3ngase en contacto con: Balian Richter (press@europe.fist.club).<\/p>\n\n\n\n<p><\/p>\n\n\n\n<p>El 5 de mayo como D\u00eda Internacional del Fisting, iniciado por nuestra asociaci\u00f3n, tiene como objetivo espec\u00edfico difundir conocimientos fundamentados sobre pr\u00e1cticas seguras, higiene y consenso, y servir como punto de contacto para las preguntas. Queremos cerrar una brecha aunando recursos y creando una plataforma fiable para la concienciaci\u00f3n y la prevenci\u00f3n.\u00bb <\/p>\n\n\n\n<div class=\"wp-block-stackable-spacer stk-block-spacer stk--no-padding stk-block stk-7f8e8da\" data-block-id=\"7f8e8da\"><style>.stk-7f8e8da {height:100px !important;}<\/style><\/div>\n<\/div><\/div><\/div>\n<\/div><\/div>\n","protected":false},"excerpt":{"rendered":"<p>Fist Club Europe e.V. declara el 5 de mayo como el \u201cD\u00eda Internacional del Fisting\u201d Berl\u00edn, 25 de abril de 2025 Berl\u00edn, 5 de mayo de 2025 \u2013 Fist Club Europe e.V. declara oficialmente el 5 de mayo como el nuevo \u201cD\u00eda Internacional del Fisting\u201d. El objetivo de la asociaci\u00f3n, con sede en Berl\u00edn, es [&hellip;]<\/p>\n","protected":false},"author":2,"featured_media":963,"parent":0,"menu_order":0,"comment_status":"closed","ping_status":"closed","template":"","meta":{"_gspb_post_css":"","footnotes":""},"class_list":["post-2662","page","type-page","status-publish","has-post-thumbnail","hentry"],"blocksy_meta":{"page_structure_type":"type-3","styles_descriptor":{"styles":{"desktop":"","tablet":"","mobile":""},"google_fonts":[],"version":6}},"_links":{"self":[{"href":"https:\/\/fist.club\/es\/wp-json\/wp\/v2\/pages\/2662","targetHints":{"allow":["GET"]}}],"collection":[{"href":"https:\/\/fist.club\/es\/wp-json\/wp\/v2\/pages"}],"about":[{"href":"https:\/\/fist.club\/es\/wp-json\/wp\/v2\/types\/page"}],"author":[{"embeddable":true,"href":"https:\/\/fist.club\/es\/wp-json\/wp\/v2\/users\/2"}],"replies":[{"embeddable":true,"href":"https:\/\/fist.club\/es\/wp-json\/wp\/v2\/comments?post=2662"}],"version-history":[{"count":2,"href":"https:\/\/fist.club\/es\/wp-json\/wp\/v2\/pages\/2662\/revisions"}],"predecessor-version":[{"id":4125,"href":"https:\/\/fist.club\/es\/wp-json\/wp\/v2\/pages\/2662\/revisions\/4125"}],"wp:featuredmedia":[{"embeddable":true,"href":"https:\/\/fist.club\/es\/wp-json\/wp\/v2\/media\/963"}],"wp:attachment":[{"href":"https:\/\/fist.club\/es\/wp-json\/wp\/v2\/media?parent=2662"}],"curies":[{"name":"wp","href":"https:\/\/api.w.org\/{rel}","templated":true}]}}