{"id":2669,"date":"2020-06-12T15:43:30","date_gmt":"2020-06-12T13:43:30","guid":{"rendered":"https:\/\/fist.club\/politica-de-privacidad\/"},"modified":"2025-08-29T10:26:20","modified_gmt":"2025-08-29T08:26:20","slug":"politica-de-privacidad","status":"publish","type":"page","link":"https:\/\/fist.club\/es\/politica-de-privacidad\/","title":{"rendered":"Pol\u00edtica de privacidad"},"content":{"rendered":"\n<div class=\"wp-block-stackable-spacer stk-block-spacer stk--no-padding stk-block stk-0a1a97d\" data-block-id=\"0a1a97d\"><\/div>\n\n<p><strong>1. Responsable<\/strong><\/p>\n\n<p>Fist Club Europe e.\u202fV.<br\/>Ella-Barowsky-Str. 47<br\/>10829 Berl\u00edn<br\/>Alemania <\/p>\n\n<p>Representado por: Andr\u00e9 Spielmann<\/p>\n\n<p><strong>2. Informaci\u00f3n general sobre el procesamiento de datos<\/strong><\/p>\n\n<p>La protecci\u00f3n de tus datos personales es una cuesti\u00f3n importante para nosotros. Procesamos tus datos exclusivamente sobre la base de las disposiciones legales (en particular, el RGPD y la BDSG). A continuaci\u00f3n, te informamos sobre los aspectos m\u00e1s importantes del procesamiento de datos en el marco de nuestro sitio web.  <\/p>\n\n<p><strong>3. Datos de acceso (archivos de registro del servidor)<\/strong><\/p>\n\n<p>Al visitar nuestro sitio web, nuestro proveedor de alojamiento recopila y almacena autom\u00e1ticamente informaci\u00f3n en los llamados archivos de registro del servidor, que tu navegador transmite autom\u00e1ticamente. Esto incluye: <\/p>\n\n<ul class=\"wp-block-list\">\n<li>Direcci\u00f3n IP<\/li>\n\n\n\n<li>Fecha y hora de la solicitud al servidor<\/li>\n\n\n\n<li>Tipo y versi\u00f3n del navegador<\/li>\n\n\n\n<li>Sistema operativo utilizado<\/li>\n\n\n\n<li>URL de referencia<\/li>\n\n\n\n<li>Nombre de host del ordenador que accede<\/li>\n<\/ul>\n\n<p>Estos datos se utilizan exclusivamente para la supervisi\u00f3n t\u00e9cnica y la optimizaci\u00f3n del funcionamiento. No se realiza una combinaci\u00f3n con otras fuentes de datos. La base legal es el Art. 6, p\u00e1rrafo 1, letra f del RGPD (inter\u00e9s leg\u00edtimo en la provisi\u00f3n segura y sin problemas de nuestro sitio web).<\/p>\n\n<p><strong>4. Toma de contacto<\/strong><\/p>\n\n<p>Si te pones en contacto con nosotros a trav\u00e9s de nuestro formulario de contacto o por correo electr\u00f3nico, los datos que proporciones (nombre, direcci\u00f3n de correo electr\u00f3nico, mensaje) se almacenar\u00e1n y procesar\u00e1n exclusivamente para procesar tu solicitud.<\/p>\n\n<p>La base legal es el Art. 6, p\u00e1rrafo 1, letra b del RGPD (procesamiento para el cumplimiento de un contrato o para la implementaci\u00f3n de medidas precontractuales) o el Art. 6, p\u00e1rrafo 1, letra f del RGPD (inter\u00e9s leg\u00edtimo en la comunicaci\u00f3n).<\/p>\n\n<p><strong>5. Cookies<\/strong><\/p>\n\n<p>Nuestro sitio web utiliza cookies para proporcionar ciertas funciones y mejorar la facilidad de uso. Se trata de peque\u00f1os archivos de texto que se almacenan en tu dispositivo. Puedes restringir o impedir el uso de cookies en cualquier momento a trav\u00e9s de la configuraci\u00f3n de tu navegador.  <\/p>\n\n<p>Si las cookies procesan datos personales, esto se hace sobre la base del Art. 6, p\u00e1rrafo 1, letra a del RGPD (consentimiento) o el Art. 6, p\u00e1rrafo 1, letra f del RGPD (inter\u00e9s leg\u00edtimo).<\/p>\n\n<p><strong>6. Uso de terceros (por ejemplo, Google Fonts, YouTube, Maps)<\/strong><\/p>\n\n<p>Dependiendo del dise\u00f1o de nuestro sitio web, se pueden integrar contenidos de terceros (por ejemplo, fuentes de Google Fonts, material de mapas de Google Maps o v\u00eddeos de YouTube). Esto puede llevar a la transferencia de datos personales a servidores de los proveedores, incluso en terceros pa\u00edses como los EE. UU. <\/p>\n\n<p>Siempre integramos este contenido de forma que se ahorren datos y solo con tu consentimiento (Art. 6, p\u00e1rrafo 1, letra a del RGPD). Puedes encontrar los detalles en un banner de cookies o en un di\u00e1logo de consentimiento. <\/p>\n\n<p><strong>7. Tus derechos como persona afectada<\/strong><\/p>\n\n<p>Seg\u00fan el RGPD, tienes los siguientes derechos:<\/p>\n\n<ul class=\"wp-block-list\">\n<li>Informaci\u00f3n sobre tus datos almacenados (Art. 15 RGPD)<\/li>\n\n\n\n<li>Rectificaci\u00f3n de datos incorrectos (Art. 16 RGPD)<\/li>\n\n\n\n<li>Supresi\u00f3n (\u201cderecho al olvido\u201d, Art. 17 RGPD)<\/li>\n\n\n\n<li>Limitaci\u00f3n del procesamiento (Art. 18 RGPD)<\/li>\n\n\n\n<li>Portabilidad de datos (Art. 20 RGPD)<\/li>\n\n\n\n<li>Oposici\u00f3n al procesamiento (Art. 21 RGPD)<\/li>\n\n\n\n<li>Revocaci\u00f3n de los consentimientos otorgados (Art. 7, p\u00e1rrafo 3 del RGPD)<\/li>\n\n\n\n<li>Reclamaci\u00f3n ante una autoridad de control (Art. 77 RGPD), por ejemplo, ante el Comisionado Estatal de Protecci\u00f3n de Datos de tu estado federado<\/li>\n<\/ul>\n\n<p><strong>8. Duraci\u00f3n del almacenamiento<\/strong><\/p>\n\n<p>Almacenamos los datos personales solo durante el tiempo que sean necesarios para los fines mencionados o existan obligaciones legales de conservaci\u00f3n.<\/p>\n\n<p><strong>9. Seguridad<\/strong><\/p>\n\n<p>Implementamos medidas t\u00e9cnicas y organizativas adecuadas para proteger tus datos contra la p\u00e9rdida, destrucci\u00f3n, acceso, modificaci\u00f3n o distribuci\u00f3n por parte de personas no autorizadas.<\/p>\n\n<p><strong>10. Cambios en esta declaraci\u00f3n de protecci\u00f3n de datos<\/strong><\/p>\n\n<p>Nos reservamos el derecho de modificar esta declaraci\u00f3n de protecci\u00f3n de datos si es necesario, por ejemplo, para adaptarla a los nuevos requisitos legales o a los cambios en nuestro sitio web.<\/p>\n\n<div class=\"wp-block-stackable-spacer stk-block-spacer stk--no-padding stk-block stk-3bd6cff\" data-block-id=\"3bd6cff\"><\/div>\n","protected":false},"excerpt":{"rendered":"<p>1. Responsable Fist Club Europe e.\u202fV.Ella-Barowsky-Str. 4710829 Berl\u00ednAlemania Representado por: Andr\u00e9 Spielmann 2. Informaci\u00f3n general sobre el procesamiento de datos La protecci\u00f3n de tus datos personales es una cuesti\u00f3n importante para nosotros. Procesamos tus datos exclusivamente sobre la base de las disposiciones legales (en particular, el RGPD y la BDSG). A continuaci\u00f3n, te informamos sobre [&hellip;]<\/p>\n","protected":false},"author":2,"featured_media":963,"parent":0,"menu_order":0,"comment_status":"closed","ping_status":"open","template":"","meta":{"_gspb_post_css":"","footnotes":""},"class_list":["post-2669","page","type-page","status-publish","has-post-thumbnail","hentry"],"blocksy_meta":{"styles_descriptor":{"styles":{"desktop":"","tablet":"","mobile":""},"google_fonts":[],"version":6}},"_links":{"self":[{"href":"https:\/\/fist.club\/es\/wp-json\/wp\/v2\/pages\/2669","targetHints":{"allow":["GET"]}}],"collection":[{"href":"https:\/\/fist.club\/es\/wp-json\/wp\/v2\/pages"}],"about":[{"href":"https:\/\/fist.club\/es\/wp-json\/wp\/v2\/types\/page"}],"author":[{"embeddable":true,"href":"https:\/\/fist.club\/es\/wp-json\/wp\/v2\/users\/2"}],"replies":[{"embeddable":true,"href":"https:\/\/fist.club\/es\/wp-json\/wp\/v2\/comments?post=2669"}],"version-history":[{"count":2,"href":"https:\/\/fist.club\/es\/wp-json\/wp\/v2\/pages\/2669\/revisions"}],"predecessor-version":[{"id":4160,"href":"https:\/\/fist.club\/es\/wp-json\/wp\/v2\/pages\/2669\/revisions\/4160"}],"wp:featuredmedia":[{"embeddable":true,"href":"https:\/\/fist.club\/es\/wp-json\/wp\/v2\/media\/963"}],"wp:attachment":[{"href":"https:\/\/fist.club\/es\/wp-json\/wp\/v2\/media?parent=2669"}],"curies":[{"name":"wp","href":"https:\/\/api.w.org\/{rel}","templated":true}]}}