{"id":2732,"date":"2025-06-19T15:15:03","date_gmt":"2025-06-19T13:15:03","guid":{"rendered":"https:\/\/fist.club\/la-asociacion\/"},"modified":"2025-09-11T16:19:23","modified_gmt":"2025-09-11T14:19:23","slug":"la-asociacion","status":"publish","type":"page","link":"https:\/\/fist.club\/es\/la-asociacion\/","title":{"rendered":"La Uni\u00f3n"},"content":{"rendered":"\n<div class=\"wp-block-stackable-spacer stk-block-spacer stk--no-padding stk-block stk-8623362\" data-block-id=\"8623362\"><\/div>\n\n<div class=\"wp-block-stackable-heading stk-block-heading stk-block-heading--v2 stk-block stk-79232b5\" id=\"strong-gemeinschaft-aufklarung-sichtbarkeit-strong\" data-block-id=\"79232b5\"><h2 class=\"stk-block-heading__text\"><strong>Comunidad. Iluminaci\u00f3n. Visibilidad.  <\/strong><\/h2><\/div>\n\n<p>El <strong>Fist Club Europe eV<\/strong> es mucho m\u00e1s que un club: somos una red internacional y una comunidad vibrante, comprometida con el fisting responsable, la educaci\u00f3n informada y la visibilidad social. Nuestro objetivo: <strong>compartir conocimiento, desmentir mitos y crear espacios seguros para el encuentro.<\/strong> <\/p>\n\n<p>En esta p\u00e1gina aprender\u00e1s qu\u00e9 nos motiva y c\u00f3mo puedes formar parte de nuestro movimiento:<\/p>\n\n<p><strong><a href=\"https:\/\/fist.club\/es\/sobre-nosotros\/\" data-type=\"page\" data-id=\"1077\">Acerca de nosotros<\/a><\/strong> : qui\u00e9nes somos, qu\u00e9 representamos y la visi\u00f3n detr\u00e1s de la organizaci\u00f3n.<\/p>\n\n<p><strong><a href=\"https:\/\/fist.club\/es\/socios-y-colaboraciones\/\" data-type=\"page\" data-id=\"1083\">Socios y Colaboraciones<\/a><\/strong> : Nuestras redes en la comunidad queer y BDSM. Juntos podemos lograr m\u00e1s. <\/p>\n\n<p><strong><a href=\"https:\/\/fist.club\/es\/hazte-miembro\/\" data-type=\"page\" data-id=\"1086\">Hazte miembro<\/a><\/strong> : apoya nuestro trabajo, s\u00e9 parte de la comunidad y moldea el futuro con nosotros.<\/p>\n\n<p>Nuestro enfoque: <strong>respetuoso, solidario y sexo-positivo.<\/strong><br\/> Promovemos el intercambio, el apoyo mutuo y la creaci\u00f3n de redes internacionales, abiertas a todos aquellos que quieran practicar el fisting de forma responsable e independiente.<\/p>\n\n<p>Juntos rompemos tab\u00faes, superamos prejuicios y creamos visibilidad: para una <strong>cultura del fisting iluminada, segura y placentera.<\/strong><\/p>\n\n<div class=\"wp-block-stackable-spacer stk-block-spacer stk--no-padding stk-block stk-14efe72\" data-block-id=\"14efe72\"><\/div>\n","protected":false},"excerpt":{"rendered":"<p>Comunidad. Iluminaci\u00f3n. Visibilidad. El Fist Club Europe eV es mucho m\u00e1s que un club: somos una red internacional y una comunidad vibrante, comprometida con el fisting responsable, la educaci\u00f3n informada y la visibilidad social. Nuestro objetivo: compartir conocimiento, desmentir mitos y crear espacios seguros para el encuentro. En esta p\u00e1gina aprender\u00e1s qu\u00e9 nos motiva y [&hellip;]<\/p>\n","protected":false},"author":2,"featured_media":3807,"parent":0,"menu_order":0,"comment_status":"closed","ping_status":"closed","template":"","meta":{"_gspb_post_css":"","footnotes":""},"class_list":["post-2732","page","type-page","status-publish","has-post-thumbnail","hentry"],"blocksy_meta":[],"_links":{"self":[{"href":"https:\/\/fist.club\/es\/wp-json\/wp\/v2\/pages\/2732","targetHints":{"allow":["GET"]}}],"collection":[{"href":"https:\/\/fist.club\/es\/wp-json\/wp\/v2\/pages"}],"about":[{"href":"https:\/\/fist.club\/es\/wp-json\/wp\/v2\/types\/page"}],"author":[{"embeddable":true,"href":"https:\/\/fist.club\/es\/wp-json\/wp\/v2\/users\/2"}],"replies":[{"embeddable":true,"href":"https:\/\/fist.club\/es\/wp-json\/wp\/v2\/comments?post=2732"}],"version-history":[{"count":5,"href":"https:\/\/fist.club\/es\/wp-json\/wp\/v2\/pages\/2732\/revisions"}],"predecessor-version":[{"id":5156,"href":"https:\/\/fist.club\/es\/wp-json\/wp\/v2\/pages\/2732\/revisions\/5156"}],"wp:featuredmedia":[{"embeddable":true,"href":"https:\/\/fist.club\/es\/wp-json\/wp\/v2\/media\/3807"}],"wp:attachment":[{"href":"https:\/\/fist.club\/es\/wp-json\/wp\/v2\/media?parent=2732"}],"curies":[{"name":"wp","href":"https:\/\/api.w.org\/{rel}","templated":true}]}}