{"id":2748,"date":"2025-06-19T15:16:07","date_gmt":"2025-06-19T13:16:07","guid":{"rendered":"https:\/\/fist.club\/socios-y-colaboraciones\/"},"modified":"2025-09-10T16:11:06","modified_gmt":"2025-09-10T14:11:06","slug":"socios-y-colaboraciones","status":"publish","type":"page","link":"https:\/\/fist.club\/es\/socios-y-colaboraciones\/","title":{"rendered":"Socios y colaboraciones"},"content":{"rendered":"\n<div class=\"wp-block-stackable-spacer stk-block-spacer stk--no-padding stk-block stk-29dca71\" data-block-id=\"29dca71\"><\/div>\n\n<p class=\"has-var-stk-preset-font-size-xx-large-80-px-font-size\">\u00bfTe gusta el fisting tanto como a nosotros y te interesa conectar con gente? \u00a1Fant\u00e1stico! En Fist Club Europe e.V. somos la organizaci\u00f3n paraguas que conecta y apoya a los clubes de fisting de todo el mundo. Aqu\u00ed te presentamos a nuestros fant\u00e1sticos socios y colaboraciones dentro de la comunidad queer y BDSM. Junto con asociaciones, clubes, organizadores de fiestas y eventos, centros de formaci\u00f3n y asesoramiento, as\u00ed como otras iniciativas, hacemos que el mundo del fisting sea a\u00fan m\u00e1s seguro, informativo y, por supuesto, \u00a1a\u00fan m\u00e1s excitante!    <\/p>\n\n<p class=\"has-var-stk-preset-font-size-xx-large-80-px-font-size\"><strong>\u00bfTe apetece colaborar?<\/strong> \u00bfHas fundado tu propio club de fisting o te gustar\u00eda empezar uno? \u00bfO eres un organizador de fiestas, una organizaci\u00f3n comunitaria o un centro de asesoramiento que comparte nuestra misi\u00f3n de positividad sexual? \u00a1Entonces no dudes en ponerte en contacto con nosotros! Siempre estamos abiertos a nuevas e interesantes colaboraciones y nos encantar\u00eda fortalecer la comunidad del fisting en todo el mundo junto contigo. \u00a1Exploremos juntos nuevos caminos!     <\/p>\n\n<div class=\"wp-block-stackable-heading stk-block-heading stk-block-heading--v2 stk-block stk-0d69775\" id=\"kontakt\" data-block-id=\"0d69775\"><style>.stk-0d69775 {margin-bottom:0px !important;}<\/style><h2 class=\"stk-block-heading__text\">Contacto<\/h2><\/div>\n\n<div class=\"wp-block-stackable-columns stk-block-columns stk-block stk-6caec8e\" data-block-id=\"6caec8e\"><div class=\"stk-row stk-inner-blocks stk-block-content stk-content-align stk-6caec8e-column\">\n<div class=\"wp-block-stackable-column stk-block-column stk-column stk-block stk-0e601e2\" data-v=\"4\" data-block-id=\"0e601e2\"><div class=\"stk-column-wrapper stk-block-column__content stk-container stk-0e601e2-container stk--no-background stk--no-padding\"><div class=\"stk-block-content stk-inner-blocks stk-0e601e2-inner-blocks\">\n<form action=\"https:\/\/formsubmit.co\/hello@fist.club\" method=\"POST\">\n  <!-- Spam-Schutz deaktivieren -->\n  <input type=\"hidden\" name=\"_captcha\" value=\"false\"\/>\n  <!-- Weiterleitung nach Absenden -->\n  <input type=\"hidden\" name=\"_next\" value=\"https:\/\/ihre-website.de\/danke\"\/>\n\n  <!-- Anrede -->\n  <label for=\"anrede\">Tratamiento<\/label><br\/>  <select id=\"anrede\" name=\"Anrede\">\n    <option value=\"\">Seleccionar<\/option>\n    <option value=\"Herr\">Sr.<\/option>\n    <option value=\"Frau\">Sra.<\/option>\n    <option value=\"Divers\">Diverso<\/option>\n  <\/select>\n  <br\/><br\/>\n  <!-- Vorname -->\n  <label for=\"vorname\">Nombre *<\/label><br\/>  <input type=\"text\" id=\"vorname\" name=\"Vorname\" required=\"\"\/>\n  <br\/><br\/>\n  <!-- E-Mail -->\n  <label for=\"email\">Correo electr\u00f3nico *<\/label><br\/>  <input type=\"email\" id=\"email\" name=\"E-Mail\" required=\"\"\/>\n  <br\/><br\/>\n  <!-- Land -->\n  <label for=\"land\">Pa\u00eds *<\/label><br\/>  <select id=\"land\" name=\"Land\" required=\"\">\n    <option value=\"\">Seleccionar<\/option>\n    <option value=\"Deutschland\">Alemania<\/option>\n    <option value=\"\u00d6sterreich\">Austria<\/option>\n    <option value=\"Schweiz\">Suiza<\/option>\n    <option value=\"Frankreich\">Francia<\/option>\n    <option value=\"Spanien\">Espa\u00f1a<\/option>\n    <option value=\"Italien\">Italia<\/option>\n    <option value=\"Niederlande\">Pa\u00edses Bajos<\/option>\n    <option value=\"Belgien\">B\u00e9lgica<\/option>\n    <option value=\"Vereinigtes K\u00f6nigreich\">Reino Unido<\/option>\n    <option value=\"Vereinigte Staaten\">Estados Unidos<\/option>\n    <option value=\"Kanada\">Canad\u00e1<\/option>\n    <option value=\"Australien\">Australia<\/option>\n    <option value=\"Brasilien\">Brasil<\/option>\n    <option value=\"Indien\">India<\/option>\n    <option value=\"China\">China<\/option>\n    <option value=\"Japan\">Jap\u00f3n<\/option>\n    <!-- Ab hier alphabetisch -->\n    <option value=\"Afghanistan\">Afganist\u00e1n<\/option>\n    <option value=\"Albanien\">Albania<\/option>\n    <option value=\"Algerien\">Argelia<\/option>\n    <option value=\"Andorra\">Andorra<\/option>\n    <option value=\"Angola\">Angola<\/option>\n    <option value=\"Argentinien\">Argentina<\/option>\n    <option value=\"Armenien\">Armenia<\/option>\n    <option value=\"Aserbaidschan\">Azerbaiy\u00e1n<\/option>\n    <option value=\"\u00c4thiopien\">Etiop\u00eda<\/option>\n    <option value=\"Bahamas\">Bahamas<\/option>\n    <option value=\"Bahrain\">Bar\u00e9in<\/option>\n    <option value=\"Bangladesch\">Banglad\u00e9s<\/option>\n    <option value=\"Belize\">Belice<\/option>\n    <option value=\"Bolivien\">Bolivia<\/option>\n    <option value=\"Bosnien und Herzegowina\">Bosnia y Herzegovina<\/option>\n    <option value=\"Bulgarien\">Bulgaria<\/option>\n    <option value=\"Chile\">Chile<\/option>\n    <option value=\"D\u00e4nemark\">Dinamarca<\/option>\n    <option value=\"Dominikanische Republik\">Rep\u00fablica Dominicana<\/option>\n    <option value=\"Ecuador\">Ecuador<\/option>\n    <option value=\"\u00c4gypten\">Egipto<\/option>\n    <option value=\"Estland\">Estonia<\/option>\n    <option value=\"Finnland\">Finlandia<\/option>\n    <option value=\"Griechenland\">Grecia<\/option>\n    <option value=\"Irland\">Irlanda<\/option>\n    <option value=\"Island\">Islandia<\/option>\n    <option value=\"Luxemburg\">Luxemburgo<\/option>\n    <option value=\"Malta\">Malta<\/option>\n    <option value=\"Mexiko\">M\u00e9xico<\/option>\n    <option value=\"Neuseeland\">Nueva Zelanda<\/option>\n    <option value=\"Norwegen\">Noruega<\/option>\n    <option value=\"Polen\">Polonia<\/option>\n    <option value=\"Portugal\">Portugal<\/option>\n    <option value=\"Rum\u00e4nien\">Ruman\u00eda<\/option>\n    <option value=\"Russland\">Rusia<\/option>\n    <option value=\"Schweden\">Suecia<\/option>\n    <option value=\"Serbien\">Serbia<\/option>\n    <option value=\"Singapur\">Singapur<\/option>\n    <option value=\"Slowakei\">Eslovaquia<\/option>\n    <option value=\"Slowenien\">Eslovenia<\/option>\n    <option value=\"S\u00fcdafrika\">Sud\u00e1frica<\/option>\n    <option value=\"S\u00fcdkorea\">Corea del Sur<\/option>\n    <option value=\"Thailand\">Tailandia<\/option>\n    <option value=\"Tschechien\">Rep\u00fablica Checa<\/option>\n    <option value=\"T\u00fcrkei\">Turqu\u00eda<\/option>\n    <option value=\"Ukraine\">Ucrania<\/option>\n    <option value=\"Ungarn\">Hungr\u00eda<\/option>\n    <option value=\"Venezuela\">Venezuela<\/option>\n    <option value=\"Vietnam\">Vietnam<\/option>\n    <option value=\"Zypern\">Chipre<\/option>\n    <!-- usw. f\u00fcr alle weiteren L\u00e4nder -->\n  <\/select>\n  <br\/><br\/>\n  <!-- Nachricht -->\n  <label for=\"nachricht\">Mensaje *<\/label><br\/>  <textarea id=\"nachricht\" name=\"Nachricht\" rows=\"5\" required=\"\"><\/textarea>\n  <br\/><br\/>\n  <button type=\"submit\">Enviar<\/button>\n<\/form>\n\n<\/div><\/div><\/div>\n<\/div><\/div>\n\n<div class=\"wp-block-stackable-spacer stk-block-spacer stk--no-padding stk-block stk-fd16452\" data-block-id=\"fd16452\"><\/div>\n","protected":false},"excerpt":{"rendered":"<p>\u00bfTe gusta el fisting tanto como a nosotros y te interesa conectar con gente? \u00a1Fant\u00e1stico! En Fist Club Europe e.V. somos la organizaci\u00f3n paraguas que conecta y apoya a los clubes de fisting de todo el mundo. Aqu\u00ed te presentamos a nuestros fant\u00e1sticos socios y colaboraciones dentro de la comunidad queer y BDSM. Junto con [&hellip;]<\/p>\n","protected":false},"author":2,"featured_media":3724,"parent":0,"menu_order":0,"comment_status":"closed","ping_status":"closed","template":"","meta":{"_gspb_post_css":"","footnotes":""},"class_list":["post-2748","page","type-page","status-publish","has-post-thumbnail","hentry"],"blocksy_meta":{"page_structure_type":"type-3","styles_descriptor":{"styles":{"desktop":"","tablet":"","mobile":""},"google_fonts":[],"version":6}},"_links":{"self":[{"href":"https:\/\/fist.club\/es\/wp-json\/wp\/v2\/pages\/2748","targetHints":{"allow":["GET"]}}],"collection":[{"href":"https:\/\/fist.club\/es\/wp-json\/wp\/v2\/pages"}],"about":[{"href":"https:\/\/fist.club\/es\/wp-json\/wp\/v2\/types\/page"}],"author":[{"embeddable":true,"href":"https:\/\/fist.club\/es\/wp-json\/wp\/v2\/users\/2"}],"replies":[{"embeddable":true,"href":"https:\/\/fist.club\/es\/wp-json\/wp\/v2\/comments?post=2748"}],"version-history":[{"count":8,"href":"https:\/\/fist.club\/es\/wp-json\/wp\/v2\/pages\/2748\/revisions"}],"predecessor-version":[{"id":4963,"href":"https:\/\/fist.club\/es\/wp-json\/wp\/v2\/pages\/2748\/revisions\/4963"}],"wp:featuredmedia":[{"embeddable":true,"href":"https:\/\/fist.club\/es\/wp-json\/wp\/v2\/media\/3724"}],"wp:attachment":[{"href":"https:\/\/fist.club\/es\/wp-json\/wp\/v2\/media?parent=2748"}],"curies":[{"name":"wp","href":"https:\/\/api.w.org\/{rel}","templated":true}]}}