{"id":2889,"date":"2025-06-18T11:56:02","date_gmt":"2025-06-18T09:56:02","guid":{"rendered":"https:\/\/fist.club\/comunidad-y-ambito-social\/"},"modified":"2025-09-11T16:19:38","modified_gmt":"2025-09-11T14:19:38","slug":"comunidad-y-ambito-social","status":"publish","type":"page","link":"https:\/\/fist.club\/es\/comunidad-y-ambito-social\/","title":{"rendered":"Comunidad y redes"},"content":{"rendered":"\n<div class=\"wp-block-stackable-spacer stk-block-spacer stk--no-padding stk-block stk-db38f4e\" data-block-id=\"db38f4e\"><\/div>\n\n<div class=\"wp-block-stackable-heading stk-block-heading stk-block-heading--v2 stk-block stk-631a9a7\" id=\"strong-vernetzen-lernen-erzahlen-strong\" data-block-id=\"631a9a7\"><h2 class=\"stk-block-heading__text\"><strong>Conectar. Aprender. Compartir.  <\/strong><\/h2><\/div>\n\n<p>El fisting no solo existe en espacios privados; se nutre de <strong>la comunidad, el intercambio y el apoyo mutuo.<\/strong> Ya sea una reuni\u00f3n, un taller o un gran evento: aqu\u00ed encontrar\u00e1s personas que comparten tu pasi\u00f3n, comparten conocimientos y comparten historias que conectan.<\/p>\n\n<p>En esta p\u00e1gina descubrir\u00e1s las ofertas m\u00e1s importantes de intercambio y encuentros:<\/p>\n\n<p><strong><a href=\"https:\/\/fist.club\/es\/redes-y-grupos\/\" data-type=\"page\" data-id=\"1033\">Redes y grupos<\/a><\/strong> : encuentre reuniones locales, clubes y grupos cerca de usted o en toda Europa.<\/p>\n\n<p><strong><a href=\"https:\/\/fist.club\/es\/escuela-de-fisting\/\" data-type=\"page\" data-id=\"1035\">Escuela de Fisting<\/a><\/strong> \u2013 Talleres, seminarios y cursos para principiantes y avanzados.<\/p>\n\n<p><strong><a href=\"https:\/\/fist.club\/es\/testimonios-e-historias\/\" data-type=\"page\" data-id=\"1039\">Testimonios e historias<\/a><\/strong> : historias honestas y personales de la comunidad, abiertas, inspiradas y sin adornos.<\/p>\n\n<p><strong><a href=\"https:\/\/www.fistingday.org\/\" target=\"_blank\" rel=\"noopener\">D\u00eda del fisting (5 de mayo)<\/a><\/strong> : el d\u00eda internacional del fisting con actividades y eventos en todo el mundo.<\/p>\n\n<p>Nuestro enfoque: <strong>abierto, solidario y colaborativo.<\/strong><br\/> Creamos espacios donde se comparte conocimiento, se respetan l\u00edmites y se forman nuevas amistades.<\/p>\n\n<p>Comunidad significa: <strong>No est\u00e1s solo.<\/strong> Con\u00e9ctate, aprende de los dem\u00e1s y forma parte de un movimiento que hace que el fisting sea visible, seguro y normal.<\/p>\n\n<div class=\"wp-block-stackable-spacer stk-block-spacer stk--no-padding stk-block stk-7313c80\" data-block-id=\"7313c80\"><\/div>\n","protected":false},"excerpt":{"rendered":"<p>Conectar. Aprender. Compartir. El fisting no solo existe en espacios privados; se nutre de la comunidad, el intercambio y el apoyo mutuo. Ya sea una reuni\u00f3n, un taller o un gran evento: aqu\u00ed encontrar\u00e1s personas que comparten tu pasi\u00f3n, comparten conocimientos y comparten historias que conectan. En esta p\u00e1gina descubrir\u00e1s las ofertas m\u00e1s importantes de [&hellip;]<\/p>\n","protected":false},"author":2,"featured_media":3464,"parent":0,"menu_order":0,"comment_status":"closed","ping_status":"closed","template":"","meta":{"_gspb_post_css":"","footnotes":""},"class_list":["post-2889","page","type-page","status-publish","has-post-thumbnail","hentry"],"blocksy_meta":[],"_links":{"self":[{"href":"https:\/\/fist.club\/es\/wp-json\/wp\/v2\/pages\/2889","targetHints":{"allow":["GET"]}}],"collection":[{"href":"https:\/\/fist.club\/es\/wp-json\/wp\/v2\/pages"}],"about":[{"href":"https:\/\/fist.club\/es\/wp-json\/wp\/v2\/types\/page"}],"author":[{"embeddable":true,"href":"https:\/\/fist.club\/es\/wp-json\/wp\/v2\/users\/2"}],"replies":[{"embeddable":true,"href":"https:\/\/fist.club\/es\/wp-json\/wp\/v2\/comments?post=2889"}],"version-history":[{"count":7,"href":"https:\/\/fist.club\/es\/wp-json\/wp\/v2\/pages\/2889\/revisions"}],"predecessor-version":[{"id":5169,"href":"https:\/\/fist.club\/es\/wp-json\/wp\/v2\/pages\/2889\/revisions\/5169"}],"wp:featuredmedia":[{"embeddable":true,"href":"https:\/\/fist.club\/es\/wp-json\/wp\/v2\/media\/3464"}],"wp:attachment":[{"href":"https:\/\/fist.club\/es\/wp-json\/wp\/v2\/media?parent=2889"}],"curies":[{"name":"wp","href":"https:\/\/api.w.org\/{rel}","templated":true}]}}