{"id":2909,"date":"2025-06-18T11:53:02","date_gmt":"2025-06-18T09:53:02","guid":{"rendered":"https:\/\/fist.club\/salud-y-seguridad\/"},"modified":"2025-09-11T16:19:22","modified_gmt":"2025-09-11T14:19:22","slug":"salud-y-seguridad","status":"publish","type":"page","link":"https:\/\/fist.club\/es\/salud-y-seguridad\/","title":{"rendered":"Salud y seguridad"},"content":{"rendered":"\n<div class=\"wp-block-stackable-spacer stk-block-spacer stk--no-padding stk-block stk-24d082c\" data-block-id=\"24d082c\"><\/div>\n\n<div class=\"wp-block-stackable-heading stk-block-heading stk-block-heading--v2 stk-block stk-0b89c80\" id=\"strong-wissen-schutz-vertrauen-strong\" data-block-id=\"0b89c80\"><h2 class=\"stk-block-heading__text\"><strong>Conocimiento. Protecci\u00f3n. Confianza.  <\/strong><\/h2><\/div>\n\n<p>El fisting es una aventura llena de cercan\u00eda e intensidad, pero el verdadero placer solo surge cuando la seguridad y la salud son primordiales. Con la preparaci\u00f3n adecuada y los conocimientos necesarios, puedes minimizar los riesgos y concentrarte por completo en el placer. <\/p>\n\n<p>En esta p\u00e1gina encontrar\u00e1s todo lo que necesitas para jugar de forma segura y relajada:<\/p>\n\n<p><strong><a href=\"https:\/\/fist.club\/es\/fisting-seguro-consejos-generales\/\" data-type=\"page\" data-id=\"1018\">Fisting m\u00e1s seguro: consejos generales<\/a><\/strong> , desde la comunicaci\u00f3n hasta el contexto y los cuidados posteriores<\/p>\n\n<p><strong><a href=\"https:\/\/fist.club\/es\/higiene-y-preparacion\/\" data-type=\"page\" data-id=\"1027\">Higiene y preparaci\u00f3n<\/a><\/strong> : limpieza de colon, guantes, manos bien cuidadas y uso correcto de lubricantes.<\/p>\n\n<p><strong><a href=\"https:\/\/fist.club\/es\/fisting-y-vih\/\" data-type=\"page\" data-id=\"1020\">Fisting y VIH<\/a><\/strong> : hechos en lugar de p\u00e1nico: riesgos, protecci\u00f3n con guantes, PrEP\/PEP y U=U<\/p>\n\n<p><strong><a href=\"https:\/\/fist.club\/es\/fisting-hepatitis\/\" data-type=\"page\" data-id=\"1023\">Fisting y hepatitis<\/a><\/strong> : por qu\u00e9 son tan importantes las vacunas y c\u00f3mo puedes protegerte a\u00fan m\u00e1s<\/p>\n\n<p><strong><a href=\"https:\/\/fist.club\/es\/fisting-y-ets\/\" data-type=\"page\" data-id=\"1025\">Fisting y otras ITS<\/a><\/strong> : s\u00edfilis, gonorrea, clamidia y otras explicaciones de forma comprensible<\/p>\n\n<p>Nuestro enfoque: <strong>abierto, responsable y sexo-positivo.<\/strong><br\/> Queremos reducir los miedos y brindarte el conocimiento que necesitas para tomar decisiones seguras y libres.<\/p>\n\n<p>La salud y la seguridad no son un obst\u00e1culo: son la base para hacer del fisting una <strong>experiencia placentera, confiable y sin preocupaciones<\/strong> .<\/p>\n\n<div class=\"wp-block-stackable-spacer stk-block-spacer stk--no-padding stk-block stk-49ae077\" data-block-id=\"49ae077\"><\/div>\n","protected":false},"excerpt":{"rendered":"<p>Conocimiento. Protecci\u00f3n. Confianza. El fisting es una aventura llena de cercan\u00eda e intensidad, pero el verdadero placer solo surge cuando la seguridad y la salud son primordiales. Con la preparaci\u00f3n adecuada y los conocimientos necesarios, puedes minimizar los riesgos y concentrarte por completo en el placer. En esta p\u00e1gina encontrar\u00e1s todo lo que necesitas para [&hellip;]<\/p>\n","protected":false},"author":2,"featured_media":3798,"parent":0,"menu_order":0,"comment_status":"closed","ping_status":"closed","template":"","meta":{"_gspb_post_css":"","footnotes":""},"class_list":["post-2909","page","type-page","status-publish","has-post-thumbnail","hentry"],"blocksy_meta":[],"_links":{"self":[{"href":"https:\/\/fist.club\/es\/wp-json\/wp\/v2\/pages\/2909","targetHints":{"allow":["GET"]}}],"collection":[{"href":"https:\/\/fist.club\/es\/wp-json\/wp\/v2\/pages"}],"about":[{"href":"https:\/\/fist.club\/es\/wp-json\/wp\/v2\/types\/page"}],"author":[{"embeddable":true,"href":"https:\/\/fist.club\/es\/wp-json\/wp\/v2\/users\/2"}],"replies":[{"embeddable":true,"href":"https:\/\/fist.club\/es\/wp-json\/wp\/v2\/comments?post=2909"}],"version-history":[{"count":6,"href":"https:\/\/fist.club\/es\/wp-json\/wp\/v2\/pages\/2909\/revisions"}],"predecessor-version":[{"id":5154,"href":"https:\/\/fist.club\/es\/wp-json\/wp\/v2\/pages\/2909\/revisions\/5154"}],"wp:featuredmedia":[{"embeddable":true,"href":"https:\/\/fist.club\/es\/wp-json\/wp\/v2\/media\/3798"}],"wp:attachment":[{"href":"https:\/\/fist.club\/es\/wp-json\/wp\/v2\/media?parent=2909"}],"curies":[{"name":"wp","href":"https:\/\/api.w.org\/{rel}","templated":true}]}}