{"id":4314,"date":"2025-08-29T13:26:41","date_gmt":"2025-08-29T11:26:41","guid":{"rendered":"https:\/\/fist.club\/contacto\/"},"modified":"2025-08-29T16:53:00","modified_gmt":"2025-08-29T14:53:00","slug":"contacto","status":"publish","type":"page","link":"https:\/\/fist.club\/es\/contacto\/","title":{"rendered":"Contacto"},"content":{"rendered":"\n<div class=\"wp-block-stackable-spacer stk-block-spacer stk--no-padding stk-block stk-a4980ee\" data-block-id=\"a4980ee\"><\/div>\n\n<div class=\"wp-block-stackable-heading stk-block-heading stk-block-heading--v2 stk-block stk-f6ef7c9\" id=\"strong-reich-uns-deine-hand-strong\" data-block-id=\"f6ef7c9\"><h2 class=\"stk-block-heading__text\"><strong>\u00a1Ti\u00e9ndenos tu mano!<\/strong><\/h2><\/div>\n\n<p>Ya sean elogios, cr\u00edticas o ideas descabelladas, ning\u00fan comentario es demasiado profundo para nosotros. <\/p>\n\n<p>Recibimos todo lo que nos haga avanzar juntos. <\/p>\n\n<p>Incl\u00fayelo en el formulario y haz del Fist Club una comunidad a\u00fan mejor.<\/p>\n\n<form action=\"https:\/\/formsubmit.co\/3e1941feea3b724026531c3780871cbc\" method=\"POST\">\n  <!-- Spam-Schutz deaktivieren -->\n  <input type=\"hidden\" name=\"_captcha\" value=\"false\"\/>\n  <!-- Weiterleitung nach Absenden -->\n  <input type=\"hidden\" name=\"_next\" value=\"https:\/\/fist.club\/es\/danke\/\"\/>\n\n  <!-- Anrede -->\n  <label for=\"anrede\">Tratamiento<\/label><br\/>  <select id=\"anrede\" name=\"Anrede\">\n    <option value=\"\">Seleccionar<\/option>\n    <option value=\"Herr\">Sr.<\/option>\n    <option value=\"Frau\">Sra.<\/option>\n    <option value=\"Divers\">Diverso<\/option>\n  <\/select>\n  <br\/><br\/>\n  <!-- Vorname -->\n  <label for=\"vorname\">Nombre *<\/label><br\/>  <input type=\"text\" id=\"vorname\" name=\"Vorname\" required=\"\"\/>\n  <br\/><br\/>\n  <!-- E-Mail -->\n  <label for=\"email\">Correo electr\u00f3nico *<\/label><br\/>  <input type=\"email\" id=\"email\" name=\"E-Mail\" required=\"\"\/>\n  <br\/><br\/>\n  <!-- Land -->\n  <label for=\"land\">Pa\u00eds *<\/label><br\/>  <select id=\"land\" name=\"Land\" required=\"\">\n    <option value=\"\">Seleccionar<\/option>\n    <option value=\"Deutschland\">Alemania<\/option>\n    <option value=\"\u00d6sterreich\">Austria<\/option>\n    <option value=\"Schweiz\">Suiza<\/option>\n    <option value=\"Frankreich\">Francia<\/option>\n    <option value=\"Spanien\">Espa\u00f1a<\/option>\n    <option value=\"Italien\">Italia<\/option>\n    <option value=\"Niederlande\">Pa\u00edses Bajos<\/option>\n    <option value=\"Belgien\">B\u00e9lgica<\/option>\n    <option value=\"Vereinigtes K\u00f6nigreich\">Reino Unido<\/option>\n    <option value=\"Vereinigte Staaten\">Estados Unidos<\/option>\n    <option value=\"Kanada\">Canad\u00e1<\/option>\n    <option value=\"Australien\">Australia<\/option>\n    <option value=\"Brasilien\">Brasil<\/option>\n    <option value=\"Indien\">India<\/option>\n    <option value=\"China\">China<\/option>\n    <option value=\"Japan\">Jap\u00f3n<\/option>\n    <!-- Ab hier alphabetisch -->\n    <option value=\"Afghanistan\">Afganist\u00e1n<\/option>\n    <option value=\"Albanien\">Albania<\/option>\n    <option value=\"Algerien\">Argelia<\/option>\n    <option value=\"Andorra\">Andorra<\/option>\n    <option value=\"Angola\">Angola<\/option>\n    <option value=\"Argentinien\">Argentina<\/option>\n    <option value=\"Armenien\">Armenia<\/option>\n    <option value=\"Aserbaidschan\">Azerbaiy\u00e1n<\/option>\n    <option value=\"\u00c4thiopien\">Etiop\u00eda<\/option>\n    <option value=\"Bahamas\">Bahamas<\/option>\n    <option value=\"Bahrain\">Bar\u00e9in<\/option>\n    <option value=\"Bangladesch\">Banglad\u00e9s<\/option>\n    <option value=\"Belize\">Belice<\/option>\n    <option value=\"Bolivien\">Bolivia<\/option>\n    <option value=\"Bosnien und Herzegowina\">Bosnia y Herzegovina<\/option>\n    <option value=\"Bulgarien\">Bulgaria<\/option>\n    <option value=\"Chile\">Chile<\/option>\n    <option value=\"D\u00e4nemark\">Dinamarca<\/option>\n    <option value=\"Dominikanische Republik\">Rep\u00fablica Dominicana<\/option>\n    <option value=\"Ecuador\">Ecuador<\/option>\n    <option value=\"\u00c4gypten\">Egipto<\/option>\n    <option value=\"Estland\">Estonia<\/option>\n    <option value=\"Finnland\">Finlandia<\/option>\n    <option value=\"Griechenland\">Grecia<\/option>\n    <option value=\"Irland\">Irlanda<\/option>\n    <option value=\"Island\">Islandia<\/option>\n    <option value=\"Luxemburg\">Luxemburgo<\/option>\n    <option value=\"Malta\">Malta<\/option>\n    <option value=\"Mexiko\">M\u00e9xico<\/option>\n    <option value=\"Neuseeland\">Nueva Zelanda<\/option>\n    <option value=\"Norwegen\">Noruega<\/option>\n    <option value=\"Polen\">Polonia<\/option>\n    <option value=\"Portugal\">Portugal<\/option>\n    <option value=\"Rum\u00e4nien\">Ruman\u00eda<\/option>\n    <option value=\"Russland\">Rusia<\/option>\n    <option value=\"Schweden\">Suecia<\/option>\n    <option value=\"Serbien\">Serbia<\/option>\n    <option value=\"Singapur\">Singapur<\/option>\n    <option value=\"Slowakei\">Eslovaquia<\/option>\n    <option value=\"Slowenien\">Eslovenia<\/option>\n    <option value=\"S\u00fcdafrika\">Sud\u00e1frica<\/option>\n    <option value=\"S\u00fcdkorea\">Corea del Sur<\/option>\n    <option value=\"Thailand\">Tailandia<\/option>\n    <option value=\"Tschechien\">Rep\u00fablica Checa<\/option>\n    <option value=\"T\u00fcrkei\">Turqu\u00eda<\/option>\n    <option value=\"Ukraine\">Ucrania<\/option>\n    <option value=\"Ungarn\">Hungr\u00eda<\/option>\n    <option value=\"Venezuela\">Venezuela<\/option>\n    <option value=\"Vietnam\">Vietnam<\/option>\n    <option value=\"Zypern\">Chipre<\/option>\n    <!-- usw. f\u00fcr alle weiteren L\u00e4nder -->\n  <\/select>\n  <br\/><br\/>\n  <!-- Nachricht -->\n  <label for=\"nachricht\">Mensaje *<\/label><br\/>  <textarea id=\"nachricht\" name=\"Nachricht\" rows=\"5\" required=\"\"><\/textarea>\n  <br\/><br\/>\n  <button type=\"submit\">Enviar<\/button>\n<\/form>\n\n\n<div class=\"wp-block-stackable-spacer stk-block-spacer stk--no-padding stk-block stk-d46f820\" data-block-id=\"d46f820\"><\/div>\n","protected":false},"excerpt":{"rendered":"<p>\u00a1Ti\u00e9ndenos tu mano! Ya sean elogios, cr\u00edticas o ideas descabelladas, ning\u00fan comentario es demasiado profundo para nosotros. Recibimos todo lo que nos haga avanzar juntos. Incl\u00fayelo en el formulario y haz del Fist Club una comunidad a\u00fan mejor. Tratamiento SeleccionarSr.Sra.Diverso Nombre * Correo electr\u00f3nico * Pa\u00eds * SeleccionarAlemaniaAustriaSuizaFranciaEspa\u00f1aItaliaPa\u00edses BajosB\u00e9lgicaReino UnidoEstados UnidosCanad\u00e1AustraliaBrasilIndiaChinaJap\u00f3nAfganist\u00e1nAlbaniaArgeliaAndorraAngolaArgentinaArmeniaAzerbaiy\u00e1nEtiop\u00edaBahamasBar\u00e9inBanglad\u00e9sBeliceBoliviaBosnia y HerzegovinaBulgariaChileDinamarcaRep\u00fablica DominicanaEcuadorEgiptoEstoniaFinlandiaGreciaIrlandaIslandiaLuxemburgoMaltaM\u00e9xicoNueva ZelandaNoruegaPoloniaPortugalRuman\u00edaRusiaSueciaSerbiaSingapurEslovaquiaEsloveniaSud\u00e1fricaCorea [&hellip;]<\/p>\n","protected":false},"author":2,"featured_media":4238,"parent":0,"menu_order":0,"comment_status":"closed","ping_status":"closed","template":"","meta":{"_gspb_post_css":"","footnotes":""},"class_list":["post-4314","page","type-page","status-publish","has-post-thumbnail","hentry"],"blocksy_meta":{"page_structure_type":"type-3","styles_descriptor":{"styles":{"desktop":"","tablet":"","mobile":""},"google_fonts":[],"version":6}},"_links":{"self":[{"href":"https:\/\/fist.club\/es\/wp-json\/wp\/v2\/pages\/4314","targetHints":{"allow":["GET"]}}],"collection":[{"href":"https:\/\/fist.club\/es\/wp-json\/wp\/v2\/pages"}],"about":[{"href":"https:\/\/fist.club\/es\/wp-json\/wp\/v2\/types\/page"}],"author":[{"embeddable":true,"href":"https:\/\/fist.club\/es\/wp-json\/wp\/v2\/users\/2"}],"replies":[{"embeddable":true,"href":"https:\/\/fist.club\/es\/wp-json\/wp\/v2\/comments?post=4314"}],"version-history":[{"count":4,"href":"https:\/\/fist.club\/es\/wp-json\/wp\/v2\/pages\/4314\/revisions"}],"predecessor-version":[{"id":4369,"href":"https:\/\/fist.club\/es\/wp-json\/wp\/v2\/pages\/4314\/revisions\/4369"}],"wp:featuredmedia":[{"embeddable":true,"href":"https:\/\/fist.club\/es\/wp-json\/wp\/v2\/media\/4238"}],"wp:attachment":[{"href":"https:\/\/fist.club\/es\/wp-json\/wp\/v2\/media?parent=4314"}],"curies":[{"name":"wp","href":"https:\/\/api.w.org\/{rel}","templated":true}]}}