{"id":4348,"date":"2025-08-29T16:37:27","date_gmt":"2025-08-29T14:37:27","guid":{"rendered":"https:\/\/fist.club\/gracias\/"},"modified":"2025-08-29T16:56:04","modified_gmt":"2025-08-29T14:56:04","slug":"gracias","status":"publish","type":"page","link":"https:\/\/fist.club\/es\/gracias\/","title":{"rendered":"GRACIAS"},"content":{"rendered":"\n<div class=\"wp-block-stackable-spacer stk-block-spacer stk--no-padding stk-block stk-5d7535a\" data-block-id=\"5d7535a\"><\/div>\n\n<div class=\"wp-block-stackable-heading stk-block-heading stk-block-heading--v2 stk-block stk-7aa7032\" id=\"danke-wir-haben-deine-nachricht\" data-block-id=\"7aa7032\"><h2 class=\"stk-block-heading__text\">Gracias, \u00a1hemos recibido tu mensaje!<\/h2><\/div>\n\n<p>Fist Club Europe e.V. representa placer, confianza y visibilidad. Al contactarnos, formas parte de una comunidad que comparte conocimientos, respeta los l\u00edmites y crea espacio para encuentros intensos. <\/p>\n\n<p>S\u00edguenos en <a href=\"https:\/\/instagram.com\/fist.club.europe?utm_source=chatgpt.com\" target=\"_blank\" rel=\"noreferrer noopener\">Instagram<\/a> para estar al tanto de lo que ocurre.<br\/>Descubre m\u00e1s gu\u00edas, historias e inspiraci\u00f3n directamente en la <a href=\"https:\/\/fist.club\/es\/\" data-type=\"page\" data-id=\"734\">p\u00e1gina de inicio<\/a>.<\/p>\n\n<p>Hasta pronto, y gracias por unirte a nosotros en la defensa de la libertad, la cercan\u00eda y la verdadera pasi\u00f3n.<\/p>\n\n<div class=\"wp-block-stackable-spacer stk-block-spacer stk--no-padding stk-block stk-e4d256e\" data-block-id=\"e4d256e\"><\/div>\n","protected":false},"excerpt":{"rendered":"<p>Gracias, \u00a1hemos recibido tu mensaje! Fist Club Europe e.V. representa placer, confianza y visibilidad. Al contactarnos, formas parte de una comunidad que comparte conocimientos, respeta los l\u00edmites y crea espacio para encuentros intensos. S\u00edguenos en Instagram para estar al tanto de lo que ocurre.Descubre m\u00e1s gu\u00edas, historias e inspiraci\u00f3n directamente en la p\u00e1gina de inicio. [&hellip;]<\/p>\n","protected":false},"author":2,"featured_media":4238,"parent":0,"menu_order":0,"comment_status":"closed","ping_status":"closed","template":"","meta":{"_gspb_post_css":"","footnotes":""},"class_list":["post-4348","page","type-page","status-publish","has-post-thumbnail","hentry"],"blocksy_meta":[],"_links":{"self":[{"href":"https:\/\/fist.club\/es\/wp-json\/wp\/v2\/pages\/4348","targetHints":{"allow":["GET"]}}],"collection":[{"href":"https:\/\/fist.club\/es\/wp-json\/wp\/v2\/pages"}],"about":[{"href":"https:\/\/fist.club\/es\/wp-json\/wp\/v2\/types\/page"}],"author":[{"embeddable":true,"href":"https:\/\/fist.club\/es\/wp-json\/wp\/v2\/users\/2"}],"replies":[{"embeddable":true,"href":"https:\/\/fist.club\/es\/wp-json\/wp\/v2\/comments?post=4348"}],"version-history":[{"count":2,"href":"https:\/\/fist.club\/es\/wp-json\/wp\/v2\/pages\/4348\/revisions"}],"predecessor-version":[{"id":4382,"href":"https:\/\/fist.club\/es\/wp-json\/wp\/v2\/pages\/4348\/revisions\/4382"}],"wp:featuredmedia":[{"embeddable":true,"href":"https:\/\/fist.club\/es\/wp-json\/wp\/v2\/media\/4238"}],"wp:attachment":[{"href":"https:\/\/fist.club\/es\/wp-json\/wp\/v2\/media?parent=4348"}],"curies":[{"name":"wp","href":"https:\/\/api.w.org\/{rel}","templated":true}]}}