{"id":2649,"date":"2025-06-18T11:37:33","date_gmt":"2025-06-18T09:37:33","guid":{"rendered":"https:\/\/fist.club\/a-propos-de-fisting\/"},"modified":"2025-10-29T09:51:12","modified_gmt":"2025-10-29T08:51:12","slug":"a-propos-de-fisting","status":"publish","type":"page","link":"https:\/\/fist.club\/fr\/a-propos-de-fisting\/","title":{"rendered":"\u00c0 propos du fisting"},"content":{"rendered":"\n<div class=\"wp-block-stackable-spacer stk-block-spacer stk--no-padding stk-block stk-f9e5b02\" data-block-id=\"f9e5b02\"><\/div>\n\n<div class=\"wp-block-stackable-heading stk-block-heading stk-block-heading--v2 stk-block stk-aedecc5\" id=\"strong-intimitat-vertrauen-wissen-strong\" data-block-id=\"aedecc5\"><h2 class=\"stk-block-heading__text\"><strong>Intimit\u00e9. Confiance. Connaissance.  <\/strong><\/h2><\/div>\n\n<p>Le fisting est l&rsquo;une des formes d&rsquo;intimit\u00e9 sexuelle les plus intenses, et bien plus qu&rsquo;une simple technique. C&rsquo;est un jeu de confiance, de communication et de d\u00e9vouement qui peut cr\u00e9er un lien profond entre partenaires. En m\u00eame temps, c&rsquo;est une pratique qui exige pleine conscience et connaissance pour \u00eatre v\u00e9cue en toute s\u00e9curit\u00e9 et de mani\u00e8re \u00e9panouissante.  <\/p>\n\n<p>Sur cette page, vous trouverez tout ce dont vous avez besoin pour une introduction solide ou pour approfondir vos connaissances :<\/p>\n\n<p><strong><a href=\"https:\/\/fist.club\/fr\/glossaire-du-fisting-et-definitions-des-termes\/\" data-type=\"page\" data-id=\"1009\">Glossaire et termes<\/a><\/strong> \u2013 explications compr\u00e9hensibles des termes techniques les plus importants.<\/p>\n\n<p><strong><a href=\"https:\/\/fist.club\/fr\/fisting-pour-debutants\/\" data-type=\"page\" data-id=\"1012\">Fisting pour d\u00e9butants<\/a><\/strong> \u2013 les premiers pas, conseils de pr\u00e9paration et techniques s\u00fbres.<\/p>\n\n<p><strong><a href=\"https:\/\/fist.club\/fr\/fisting-pour-les-experts\/\" data-type=\"page\" data-id=\"1014\">Techniques avanc\u00e9es<\/a><\/strong> \u2013 pour ceux qui veulent aller plus en profondeur et d\u00e9couvrir de nouvelles dimensions du plaisir.<\/p>\n\n<p><strong><a href=\"https:\/\/fist.club\/fr\/sante-et-securite\/\" data-type=\"page\" data-id=\"1016\">Sant\u00e9 et s\u00e9curit\u00e9<\/a><\/strong> \u2013 Hygi\u00e8ne, conseils pour des rapports sexuels prot\u00e9g\u00e9s et informations m\u00e9dicales pour un plaisir sans soucis.<\/p>\n\n<p><strong><a href=\"https:\/\/fist.club\/fr\/temoignages-et-recits\/\" data-type=\"page\" data-id=\"1039\">T\u00e9moignages<\/a><\/strong> \u2013 histoires honn\u00eates de la communaut\u00e9.<\/p>\n\n<p>Notre approche : <strong>respectueuse, objective, sex-positive.<\/strong><br\/> Nous ne voulons pas choquer, mais \u00e9duquer \u2013 pour tous ceux qui sont curieux, ont des questions ou veulent approfondir leurs exp\u00e9riences.<\/p>\n\n<p>Le fisting n&rsquo;est pas une question de douleur, mais <strong>de consentement, de communication et de joie intime.<\/strong> Si vous \u00eates pr\u00eat \u00e0 l&rsquo;accepter, un monde de nouvelles sensations s&rsquo;ouvre \u00e0 vous\u00a0: s\u00fbres, intenses et belles.<\/p>\n\n<div class=\"wp-block-stackable-spacer stk-block-spacer stk--no-padding stk-block stk-9afac34\" data-block-id=\"9afac34\"><\/div>\n","protected":false},"excerpt":{"rendered":"<p>Intimit\u00e9. Confiance. Connaissance. Le fisting est l&rsquo;une des formes d&rsquo;intimit\u00e9 sexuelle les plus intenses, et bien plus qu&rsquo;une simple technique. C&rsquo;est un jeu de confiance, de communication et de d\u00e9vouement qui peut cr\u00e9er un lien profond entre partenaires. En m\u00eame temps, c&rsquo;est une pratique qui exige pleine conscience et connaissance pour \u00eatre v\u00e9cue en toute [&hellip;]<\/p>\n","protected":false},"author":2,"featured_media":4238,"parent":0,"menu_order":0,"comment_status":"closed","ping_status":"closed","template":"","meta":{"_gspb_post_css":"#gspb_row-id-gsbp-0442d19,#gspb_row-id-gsbp-3e2c0c7{justify-content:space-between;margin-top:0;margin-bottom:0;display:flex;flex-wrap:wrap}#gspb_row-id-gsbp-3e2c0c7>.gspb_row__content{display:flex;justify-content:space-between;margin:0 auto;width:100%;flex-wrap:wrap}div[id^=gspb_col-id]{box-sizing:border-box;position:relative;padding:var(--gs-row-column-padding, 15px min(3vw, 20px))}body.gspb-bodyfront #gspb_row-id-gsbp-3e2c0c7>.gspb_row__content{width:var(--theme-container-width, 1200px);max-width:var(--theme-normal-container-max-width, 1200px)}#gspb_col-id-gsbp-aada4a75-53c5.gspb_row__col--9{width:75%}@media (max-width:575.98px){#gspb_col-id-gsbp-aada4a75-53c5.gspb_row__col--9{width:100%}}@media (min-width:992px){body.gspb-bodyfront #gspb_col-id-gsbp-aada4a75-53c5.gspb_row__col--9{width:calc(70% - 0px - 0px)}}.gspb_row #gspb_col-id-gsbp-57c8c99.gspb_row__col--4,.gspb_row #gspb_col-id-gsbp-aada4a75-53c5.gspb_row__col--9{padding:0}#gspb_col-id-gsbp-aada4a75-53c5.gspb_row__col--9{background-color:var(--wp--preset--color--palette-color-6, var(--theme-palette-color-6, #000000))}body #gspb_col-id-gsbp-aada4a75-53c5.gspb_row__col--9{display:flex;flex-direction:column;justify-content:space-between}.gspb_container-id-gsbp-e4601aa{flex-direction:column;box-sizing:border-box}#gspb_container-id-gsbp-2bd420f.gspb_container>p:last-of-type,#gspb_container-id-gsbp-544256c.gspb_container>p:last-of-type,#gspb_container-id-gsbp-5d4f295.gspb_container>p:last-of-type,#gspb_container-id-gsbp-665db20.gspb_container>p:last-of-type,#gspb_container-id-gsbp-b5f179f.gspb_container>p:last-of-type,#gspb_container-id-gsbp-e4601aa.gspb_container>p:last-of-type,#gspb_container-id-gsbp-fa285de.gspb_container>p:last-of-type{margin-bottom:0}#gspb_container-id-gsbp-e4601aa.gspb_container{position:relative;padding:30px;background-color:var(--wp--preset--color--palette-color-6, var(--theme-palette-color-6, #000000))}#gspb_row-id-gsbp-0442d19>.gspb_row__content{display:flex;margin:0 auto;width:100%;flex-wrap:wrap;justify-content:flex-start}.gspb_row{position:relative}body.gspb-bodyfront #gspb_row-id-gsbp-0442d19>.gspb_row__content{width:var(--theme-container-width, 1200px);max-width:var(--theme-normal-container-max-width, 1200px)}#gspb_col-id-gsbp-57c8c99.gspb_row__col--4{width:33.333333333333336%}@media (max-width:575.98px){#gspb_col-id-gsbp-57c8c99.gspb_row__col--4{width:100%}}.gspb_container-id-gsbp-fa285de{flex-direction:column;box-sizing:border-box}#gspb_container-id-gsbp-fa285de.gspb_container{position:relative;transition:all .2s ease;margin-bottom:0;padding:30px}#gspb_container-id-gsbp-fa285de.gspb_container,#gspb_container-id-gsbp-fa285de.gspb_container>.gspb_backgroundOverlay{border-top-left-radius:10px;border-top-right-radius:10px;border-bottom-right-radius:10px;border-bottom-left-radius:10px}#gspb_container-id-gsbp-fa285de.gspb_container:hover{background-color:var(--wp--preset--color--palette-color-7, var(--theme-palette-color-7, #323232))!important}#gspb_container-id-gsbp-fa285de.gspb_container .gspb-containerlink{position:absolute;top:0;left:0;right:0;bottom:0;z-index:1}#gspb_heading-id-gsbp-692043c{text-transform:uppercase;font-size:14px;margin-top:0;margin-bottom:5px}.gspb-hoverparent-233:hover #gspb_heading-id-gsbp-692043c{color:var(--wp--preset--color--palette-color-6, var(--theme-palette-color-6, #000000))}.gspb_text-id-gsbp-a6a4713{font-size:13px;text-align:left!important}.gspb_text-id-gsbp-a6a4713 .gsap-g-line{text-align:left!important}@media (max-width:575.98px){.gspb_text-id-gsbp-a6a4713,.gspb_text-id-gsbp-a6a4713 .gsap-g-line{text-align:center!important}}.gspb_text-id-gsbp-a6a4713{color:#696767;margin-bottom:0!important}#gspb_col-id-gsbp-3b1fc26.gspb_row__col--4{width:33.333333333333336%}@media (max-width:575.98px){#gspb_col-id-gsbp-3b1fc26.gspb_row__col--4{width:100%}}.gspb_row #gspb_col-id-gsbp-3b1fc26.gspb_row__col--4{padding:0}.gspb_container-id-gsbp-2bd420f{flex-direction:column;box-sizing:border-box}#gspb_container-id-gsbp-2bd420f.gspb_container{position:relative;transition:all .2s ease;padding:30px}#gspb_container-id-gsbp-2bd420f.gspb_container,#gspb_container-id-gsbp-2bd420f.gspb_container>.gspb_backgroundOverlay{border-top-left-radius:10px;border-top-right-radius:10px;border-bottom-right-radius:10px;border-bottom-left-radius:10px}#gspb_container-id-gsbp-2bd420f.gspb_container:hover{background-color:var(--wp--preset--color--palette-color-7, var(--theme-palette-color-7, #323232))!important}#gspb_container-id-gsbp-2bd420f.gspb_container .gspb-containerlink{position:absolute;top:0;left:0;right:0;bottom:0;z-index:1}.gspb-hoverparent-198:hover #gspb_heading-id-gsbp-7fdb8da{color:#000}.gspb_text-id-gsbp-ce4eb94{font-size:13px;text-align:left!important}.gspb_text-id-gsbp-ce4eb94 .gsap-g-line{text-align:left!important}@media (max-width:575.98px){.gspb_text-id-gsbp-ce4eb94,.gspb_text-id-gsbp-ce4eb94 .gsap-g-line{text-align:center!important}}.gspb_text-id-gsbp-ce4eb94{color:#696767;margin-bottom:0!important}#gspb_col-id-gsbp-f68043a.gspb_row__col--4{width:33.333333333333336%}@media (max-width:575.98px){#gspb_col-id-gsbp-f68043a.gspb_row__col--4{width:100%}}.gspb_row #gspb_col-id-gsbp-f68043a.gspb_row__col--4{padding:0}.gspb_container-id-gsbp-b5f179f{flex-direction:column;box-sizing:border-box}#gspb_container-id-gsbp-b5f179f.gspb_container{position:relative;transition:all .2s ease;padding:30px}#gspb_container-id-gsbp-b5f179f.gspb_container,#gspb_container-id-gsbp-b5f179f.gspb_container>.gspb_backgroundOverlay{border-top-left-radius:10px;border-top-right-radius:10px;border-bottom-right-radius:10px;border-bottom-left-radius:10px}#gspb_container-id-gsbp-b5f179f.gspb_container:hover{background-color:var(--wp--preset--color--palette-color-7, var(--theme-palette-color-7, #323232))!important}#gspb_container-id-gsbp-b5f179f.gspb_container .gspb-containerlink{position:absolute;top:0;left:0;right:0;bottom:0;z-index:1}#gspb_heading-id-gsbp-39fa180,#gspb_heading-id-gsbp-7fdb8da{text-transform:uppercase;font-size:14px;margin-top:0;margin-bottom:5px}.gspb-hoverparent-193:hover #gspb_heading-id-gsbp-39fa180{color:#000}.gspb_text-id-gsbp-13d4f84{font-size:13px;text-align:left!important}.gspb_text-id-gsbp-13d4f84 .gsap-g-line{text-align:left!important}@media (max-width:575.98px){.gspb_text-id-gsbp-13d4f84,.gspb_text-id-gsbp-13d4f84 .gsap-g-line{text-align:center!important}}.gspb_text-id-gsbp-13d4f84{color:#696767;margin-bottom:0!important}#gspb_col-id-gsbp-929848d.gspb_row__col--4{width:33.333333333333336%}@media (max-width:575.98px){#gspb_col-id-gsbp-929848d.gspb_row__col--4{width:100%}}.gspb_row #gspb_col-id-gsbp-929848d.gspb_row__col--4{padding:0}.gspb_container-id-gsbp-665db20{flex-direction:column;box-sizing:border-box}#gspb_container-id-gsbp-665db20.gspb_container{position:relative;transition:all .2s ease;padding:30px;background-color:var(--wp--preset--color--palette-color-8, var(--theme-palette-color-8, #000000))}#gspb_container-id-gsbp-665db20.gspb_container,#gspb_container-id-gsbp-665db20.gspb_container>.gspb_backgroundOverlay{border-top-left-radius:10px;border-top-right-radius:10px;border-bottom-right-radius:10px;border-bottom-left-radius:10px}#gspb_container-id-gsbp-665db20.gspb_container:hover{background-color:var(--wp--preset--color--palette-color-7, var(--theme-palette-color-7, #323232))!important}#gspb_container-id-gsbp-665db20.gspb_container .gspb-containerlink{position:absolute;top:0;left:0;right:0;bottom:0;z-index:1}.gspb-hoverparent-2:hover #gspb_heading-id-gsbp-80ca8d2{color:#000}.gspb_text-id-gsbp-88014f1{font-size:13px;text-align:left!important}.gspb_text-id-gsbp-88014f1 .gsap-g-line{text-align:left!important}@media (max-width:575.98px){.gspb_text-id-gsbp-88014f1,.gspb_text-id-gsbp-88014f1 .gsap-g-line{text-align:center!important}}.gspb_text-id-gsbp-88014f1{color:#696767;margin-bottom:0!important}#gspb_col-id-gsbp-8e8f2bf.gspb_row__col--4{width:33.333333333333336%}@media (max-width:575.98px){#gspb_col-id-gsbp-8e8f2bf.gspb_row__col--4{width:100%}}.gspb_row #gspb_col-id-gsbp-8e8f2bf.gspb_row__col--4{padding:0}.gspb_container-id-gsbp-5d4f295{flex-direction:column;box-sizing:border-box}#gspb_container-id-gsbp-5d4f295.gspb_container{position:relative;transition:all .2s ease;padding:30px}#gspb_container-id-gsbp-5d4f295.gspb_container,#gspb_container-id-gsbp-5d4f295.gspb_container>.gspb_backgroundOverlay{border-top-left-radius:10px;border-top-right-radius:10px;border-bottom-right-radius:10px;border-bottom-left-radius:10px}#gspb_container-id-gsbp-5d4f295.gspb_container:hover{background-color:var(--wp--preset--color--palette-color-7, var(--theme-palette-color-7, #323232))!important}#gspb_container-id-gsbp-5d4f295.gspb_container .gspb-containerlink{position:absolute;top:0;left:0;right:0;bottom:0;z-index:1}#gspb_heading-id-gsbp-80ca8d2,#gspb_heading-id-gsbp-b936088{text-transform:uppercase;font-size:14px;margin-top:0;margin-bottom:5px}.gspb-hoverparent-39:hover #gspb_heading-id-gsbp-b936088{color:#000}.gspb_text-id-gsbp-ccf54c9{font-size:13px;text-align:left!important}.gspb_text-id-gsbp-ccf54c9 .gsap-g-line{text-align:left!important}@media (max-width:575.98px){.gspb_text-id-gsbp-ccf54c9,.gspb_text-id-gsbp-ccf54c9 .gsap-g-line{text-align:center!important}}.gspb_text-id-gsbp-ccf54c9{color:#696767;margin-bottom:0!important}.gspb_container-id-gsbp-544256c{flex-direction:column;box-sizing:border-box}#gspb_container-id-gsbp-544256c.gspb_container{position:relative;border-top-style:solid;border-top-width:1px;border-top-color:var(--wp--preset--color--palette-color-6, var(--theme-palette-color-6, #f4f4f5));background-color:var(--wp--preset--color--palette-color-6, var(--theme-palette-color-6, #000000))}","footnotes":""},"class_list":["post-2649","page","type-page","status-publish","has-post-thumbnail","hentry"],"blocksy_meta":[],"_links":{"self":[{"href":"https:\/\/fist.club\/fr\/wp-json\/wp\/v2\/pages\/2649","targetHints":{"allow":["GET"]}}],"collection":[{"href":"https:\/\/fist.club\/fr\/wp-json\/wp\/v2\/pages"}],"about":[{"href":"https:\/\/fist.club\/fr\/wp-json\/wp\/v2\/types\/page"}],"author":[{"embeddable":true,"href":"https:\/\/fist.club\/fr\/wp-json\/wp\/v2\/users\/2"}],"replies":[{"embeddable":true,"href":"https:\/\/fist.club\/fr\/wp-json\/wp\/v2\/comments?post=2649"}],"version-history":[{"count":5,"href":"https:\/\/fist.club\/fr\/wp-json\/wp\/v2\/pages\/2649\/revisions"}],"predecessor-version":[{"id":5139,"href":"https:\/\/fist.club\/fr\/wp-json\/wp\/v2\/pages\/2649\/revisions\/5139"}],"wp:featuredmedia":[{"embeddable":true,"href":"https:\/\/fist.club\/fr\/wp-json\/wp\/v2\/media\/4238"}],"wp:attachment":[{"href":"https:\/\/fist.club\/fr\/wp-json\/wp\/v2\/media?parent=2649"}],"curies":[{"name":"wp","href":"https:\/\/api.w.org\/{rel}","templated":true}]}}