{"id":2674,"date":"2025-06-19T15:15:13","date_gmt":"2025-06-19T13:15:13","guid":{"rendered":"https:\/\/fist.club\/a-propos-de-nous\/"},"modified":"2025-08-29T11:21:32","modified_gmt":"2025-08-29T09:21:32","slug":"a-propos-de-nous","status":"publish","type":"page","link":"https:\/\/fist.club\/fr\/a-propos-de-nous\/","title":{"rendered":"\u00c0 propos de nous"},"content":{"rendered":"\n<div class=\"wp-block-stackable-spacer stk-block-spacer stk--no-padding stk-block stk-e4e8313\" data-block-id=\"e4e8313\"><\/div>\n\n<h2 class=\"wp-block-heading\" id=\"wer-wir-sind-warum-es-uns-gibt\">Qui nous sommes et pourquoi nous existons<\/h2>\n\n<p>Le <strong>Fist Club Europe e.V.<\/strong> est une association fa\u00eeti\u00e8re d&rsquo;envergure internationale et une communaut\u00e9 dynamique ax\u00e9e sur la pratique sexuelle du fisting. Fond\u00e9s sur la conviction profonde qu&rsquo;une pratique responsable, une information \u00e9clair\u00e9e et une visibilit\u00e9 sociale sont d&rsquo;une importance capitale, nous cr\u00e9ons un espace d&rsquo;\u00e9change, d&rsquo;autonomisation et d&rsquo;autod\u00e9termination.  <\/p>\n\n<p>Alors que la sexualit\u00e9 humaine est de plus en plus ouvertement discut\u00e9e, le fisting reste souvent dans l&rsquo;ombre. Les pr\u00e9jug\u00e9s, la d\u00e9sinformation et l&rsquo;invisibilit\u00e9 sociale font qu&rsquo;il manque une discussion factuelle et respectueuse. Cette stigmatisation favorise les incertitudes et les pratiques \u00e0 risque. C&rsquo;est pr\u00e9cis\u00e9ment l\u00e0 que nous voyons notre t\u00e2che et notre responsabilit\u00e9.    <\/p>\n\n<div class=\"wp-block-stackable-heading stk-block-heading stk-block-heading--v2 stk-block stk-d1a9f6d\" id=\"strong-wir-sind-mehr-als-ein-club-wir-wollen-strong-nbsp\" data-block-id=\"d1a9f6d\"><h4 class=\"stk-block-heading__text\"><strong>Nous sommes plus qu&rsquo;un club. Nous voulons : <\/strong> <\/h4><\/div>\n\n<div class=\"wp-block-stackable-heading stk-block-heading stk-block-heading--v2 stk-block stk-e013f3a\" id=\"strong-aufklarung-amp-information-fordern-strong\" data-block-id=\"e013f3a\"><h5 class=\"stk-block-heading__text\"><strong>Promouvoir l&rsquo;\u00e9ducation et l&rsquo;information :<\/strong> <\/h5><\/div>\n\n<p>Nous mettons \u00e0 disposition des connaissances fond\u00e9es, faciles \u00e0 comprendre et qui brisent les tabous \u2013 des techniques et des pratiques de sexe plus s\u00fbr aux mesures essentielles d&rsquo;hygi\u00e8ne et de sant\u00e9, en passant par l&rsquo;importance du consentement. Nous informons, d\u00e9construisons les mythes et permettons une approche inform\u00e9e, autonome et s\u00fbre du th\u00e8me du fisting anal.  <\/p>\n\n<div class=\"wp-block-stackable-heading stk-block-heading stk-block-heading--v2 stk-block stk-80e8460\" id=\"strong-grundung-neuer-fist-clubs-auf-nationaler-europaischer-und-internationaler-ebene-unterstutzen-strong\" data-block-id=\"80e8460\"><h5 class=\"stk-block-heading__text\"><strong>Soutenir la cr\u00e9ation de nouveaux Fist Clubs aux niveaux national, europ\u00e9en et international :<\/strong> <\/h5><\/div>\n\n<p>Nous encourageons activement la cr\u00e9ation et la mise en r\u00e9seau de nouveaux Fist Clubs locaux, nationaux et internationaux. Pour ce faire, nous offrons des conseils de fond complets, un soutien organisationnel et une aide pratique. De plus, nous soutenons financi\u00e8rement les fondateurs et les clubs engag\u00e9s afin qu&rsquo;ils puissent r\u00e9aliser leurs id\u00e9es et mettre en place des structures solides et durables.   <\/p>\n\n<div class=\"wp-block-stackable-heading stk-block-heading stk-block-heading--v2 stk-block stk-17470b2\" id=\"strong-community-solidaritat-amp-vernetzung-starken-strong-nbsp\" data-block-id=\"17470b2\"><h5 class=\"stk-block-heading__text\"><strong>Renforcer la communaut\u00e9, la solidarit\u00e9 et la mise en r\u00e9seau :<\/strong> <\/h5><\/div>\n\n<p>Nous offrons un espace respectueux et prot\u00e9g\u00e9 pour des conversations ouvertes, un soutien mutuel et la construction de r\u00e9seaux solides. Notre association vit de l&rsquo;\u00e9change d&rsquo;exp\u00e9riences personnelles, de l&rsquo;apprentissage en commun et de la collaboration solidaire avec des partenaires et des initiatives locales et internationales.  <\/p>\n\n<div class=\"wp-block-stackable-heading stk-block-heading stk-block-heading--v2 stk-block stk-23cf3e1\" id=\"strong-akzeptanz-amp-sichtbarkeit-vorantreiben-strong-nbsp\" data-block-id=\"23cf3e1\"><h5 class=\"stk-block-heading__text\"><strong>Faire progresser l&rsquo;acceptation et la visibilit\u00e9 :<\/strong> <\/h5><\/div>\n\n<p>Nous luttons activement contre les pr\u00e9jug\u00e9s, la stigmatisation et les malentendus sociaux. Nous nous engageons pour une culture dans laquelle le fisting est reconnu, accept\u00e9 et trait\u00e9 avec respect comme une partie naturelle d&rsquo;une sexualit\u00e9 responsable et consensuelle.  <\/p>\n\n<div class=\"wp-block-stackable-heading stk-block-heading stk-block-heading--v2 stk-block stk-b7b81a2\" id=\"strong-praventionsarbeit-amp-gesundheitsforderung-leisten-strong-nbsp\" data-block-id=\"b7b81a2\"><h5 class=\"stk-block-heading__text\"><strong>Fournir un travail de pr\u00e9vention et de promotion de la sant\u00e9 :<\/strong> <\/h5><\/div>\n\n<p>Nous d\u00e9veloppons et diffusons des directives claires pour une approche s\u00fbre et responsable des pratiques de fisting. Gr\u00e2ce \u00e0 une \u00e9ducation cibl\u00e9e \u00e0 la sant\u00e9, nous favorisons la sensibilisation \u00e0 la sant\u00e9 physique et psychique dans le contexte de notre communaut\u00e9.  <\/p>\n\n<div class=\"wp-block-stackable-heading stk-block-heading stk-block-heading--v2 stk-block stk-a6edab1\" id=\"strong-fur-wen-sind-wir-da-strong-nbsp\" data-block-id=\"a6edab1\"><h5 class=\"stk-block-heading__text\"><strong>\u00c0 qui nous adressons-nous\u00a0?<\/strong> <\/h5><\/div>\n\n<p>Notre association s&rsquo;adresse en particulier, mais pas exclusivement, aux hommes gays, bisexuels et autres hommes ayant des relations sexuelles avec des hommes (HSH), car le fisting a une importance et une diffusion particuli\u00e8res dans cette communaut\u00e9. En m\u00eame temps, nos portes sont express\u00e9ment ouvertes \u00e0 toutes les personnes \u2013 ind\u00e9pendamment de leur sexe, de leur orientation sexuelle ou de leur identit\u00e9 \u2013 qui souhaitent s&rsquo;int\u00e9resser au fisting de mani\u00e8re responsable, int\u00e9ress\u00e9e et sur la base de faits. La seule condition est une attitude respectueuse ainsi que le respect inconditionnel des principes de consentement, de s\u00e9curit\u00e9 et de respect mutuel.   <\/p>\n\n<p>Ensemble, nous brisons les tabous, surmontons les pr\u00e9jug\u00e9s et encourageons une approche inform\u00e9e, respectueuse et surtout agr\u00e9able du th\u00e8me du fisting. Car la connaissance, la visibilit\u00e9 et la communaut\u00e9 sont nos instruments les plus puissants pour des exp\u00e9riences s\u00fbres et enrichissantes.  <\/p>\n\n<div class=\"wp-block-stackable-separator alignfull stk-block-separator stk--no-padding stk-block stk-a1bf0eb\" data-block-id=\"a1bf0eb\"><div class=\"stk-block-separator__inner\"><svg xmlns=\"http:\/\/www.w3.org\/2000\/svg\" viewBox=\"0 0 1600 200\" class=\"stk-separator__layer-1\" preserveAspectRatio=\"none\" aria-hidden=\"true\"><path d=\"M1610.5 189.1s-128.2-82.6-138.2-89.2c-17.1-11.3-37.2-15.5-87-18.1-49.7-2.6-753.6-40.7-783.9-42.3-30.3-1.5-81.1-1.3-121.1 8.2S-9.5 163.2-9.5 163.2v50h1620v-24.1z\"><\/path><\/svg><\/div><\/div>\n","protected":false},"excerpt":{"rendered":"<p>Qui nous sommes et pourquoi nous existons Le Fist Club Europe e.V. est une association fa\u00eeti\u00e8re d&rsquo;envergure internationale et une communaut\u00e9 dynamique ax\u00e9e sur la pratique sexuelle du fisting. Fond\u00e9s sur la conviction profonde qu&rsquo;une pratique responsable, une information \u00e9clair\u00e9e et une visibilit\u00e9 sociale sont d&rsquo;une importance capitale, nous cr\u00e9ons un espace d&rsquo;\u00e9change, d&rsquo;autonomisation et [&hellip;]<\/p>\n","protected":false},"author":2,"featured_media":4181,"parent":0,"menu_order":0,"comment_status":"closed","ping_status":"closed","template":"","meta":{"_gspb_post_css":"","footnotes":""},"class_list":["post-2674","page","type-page","status-publish","has-post-thumbnail","hentry"],"blocksy_meta":{"page_structure_type":"type-3","styles_descriptor":{"styles":{"desktop":"","tablet":"","mobile":""},"google_fonts":[],"version":6}},"_links":{"self":[{"href":"https:\/\/fist.club\/fr\/wp-json\/wp\/v2\/pages\/2674","targetHints":{"allow":["GET"]}}],"collection":[{"href":"https:\/\/fist.club\/fr\/wp-json\/wp\/v2\/pages"}],"about":[{"href":"https:\/\/fist.club\/fr\/wp-json\/wp\/v2\/types\/page"}],"author":[{"embeddable":true,"href":"https:\/\/fist.club\/fr\/wp-json\/wp\/v2\/users\/2"}],"replies":[{"embeddable":true,"href":"https:\/\/fist.club\/fr\/wp-json\/wp\/v2\/comments?post=2674"}],"version-history":[{"count":2,"href":"https:\/\/fist.club\/fr\/wp-json\/wp\/v2\/pages\/2674\/revisions"}],"predecessor-version":[{"id":4126,"href":"https:\/\/fist.club\/fr\/wp-json\/wp\/v2\/pages\/2674\/revisions\/4126"}],"wp:featuredmedia":[{"embeddable":true,"href":"https:\/\/fist.club\/fr\/wp-json\/wp\/v2\/media\/4181"}],"wp:attachment":[{"href":"https:\/\/fist.club\/fr\/wp-json\/wp\/v2\/media?parent=2674"}],"curies":[{"name":"wp","href":"https:\/\/api.w.org\/{rel}","templated":true}]}}