{"id":2685,"date":"2020-06-12T15:43:30","date_gmt":"2020-06-12T13:43:30","guid":{"rendered":"https:\/\/fist.club\/protection-des-donnees\/"},"modified":"2025-08-29T10:26:20","modified_gmt":"2025-08-29T08:26:20","slug":"protection-des-donnees","status":"publish","type":"page","link":"https:\/\/fist.club\/fr\/protection-des-donnees\/","title":{"rendered":"Protection des donn\u00e9es"},"content":{"rendered":"\n<div class=\"wp-block-stackable-spacer stk-block-spacer stk--no-padding stk-block stk-0a1a97d\" data-block-id=\"0a1a97d\"><\/div>\n\n<p><strong>1. Responsable du traitement<\/strong><\/p>\n\n<p>Fist Club Europe e.\u202fV.<br\/>Ella-Barowsky-Str. 47<br\/>10829 Berlin<br\/>Allemagne <\/p>\n\n<p>Repr\u00e9sent\u00e9 par : Andr\u00e9 Spielmann<\/p>\n\n<p><strong>2. G\u00e9n\u00e9ralit\u00e9s sur le traitement des donn\u00e9es<\/strong><\/p>\n\n<p>La protection de vos donn\u00e9es personnelles est une question importante pour nous. Nous traitons vos donn\u00e9es exclusivement sur la base des dispositions l\u00e9gales (en particulier le RGPD et le BDSG). Nous vous informons ci-dessous des principaux aspects du traitement des donn\u00e9es dans le cadre de notre site web.  <\/p>\n\n<p><strong>3. Donn\u00e9es d&rsquo;acc\u00e8s (fichiers journaux du serveur)<\/strong><\/p>\n\n<p>Lors de votre visite sur notre site web, notre h\u00e9bergeur collecte et enregistre automatiquement des informations dans des fichiers journaux du serveur que votre navigateur transmet automatiquement. Cela comprend : <\/p>\n\n<ul class=\"wp-block-list\">\n<li>Adresse IP<\/li>\n\n\n\n<li>Date et heure de la requ\u00eate du serveur<\/li>\n\n\n\n<li>Type et version du navigateur<\/li>\n\n\n\n<li>Syst\u00e8me d&rsquo;exploitation utilis\u00e9<\/li>\n\n\n\n<li>URL de r\u00e9f\u00e9rence<\/li>\n\n\n\n<li>Nom d&rsquo;h\u00f4te de l&rsquo;ordinateur acc\u00e9dant<\/li>\n<\/ul>\n\n<p>Ces donn\u00e9es servent exclusivement \u00e0 la surveillance technique et \u00e0 l&rsquo;optimisation du fonctionnement. Elles ne sont pas fusionn\u00e9es avec d&rsquo;autres sources de donn\u00e9es. La base juridique est l&rsquo;art. 6, al. 1, let. f du RGPD (int\u00e9r\u00eat l\u00e9gitime \u00e0 la mise \u00e0 disposition s\u00fbre et sans perturbation de notre site web).<\/p>\n\n<p><strong>4. Prise de contact<\/strong><\/p>\n\n<p>Si vous nous contactez via notre formulaire de contact ou par e-mail, les donn\u00e9es que vous nous fournissez (nom, adresse e-mail, message) seront exclusivement enregistr\u00e9es et trait\u00e9es pour le traitement de votre demande.<\/p>\n\n<p>La base juridique est l&rsquo;art. 6, al. 1, let. b du RGPD (traitement pour l&rsquo;ex\u00e9cution d&rsquo;un contrat ou pour la mise en \u0153uvre de mesures pr\u00e9contractuelles) ou l&rsquo;art. 6, al. 1, let. f du RGPD (int\u00e9r\u00eat l\u00e9gitime \u00e0 la communication).<\/p>\n\n<p><strong>5. Cookies<\/strong><\/p>\n\n<p>Notre site web utilise des cookies pour fournir certaines fonctions et am\u00e9liorer la convivialit\u00e9. Il s&rsquo;agit de petits fichiers texte qui sont stock\u00e9s sur votre terminal. Vous pouvez \u00e0 tout moment limiter ou emp\u00eacher l&rsquo;installation de cookies via les param\u00e8tres de votre navigateur.  <\/p>\n\n<p>Dans la mesure o\u00f9 les cookies traitent des donn\u00e9es personnelles, cela se fait sur la base de l&rsquo;art. 6, al. 1, let. a du RGPD (consentement) ou de l&rsquo;art. 6, al. 1, let. f du RGPD (int\u00e9r\u00eat l\u00e9gitime).<\/p>\n\n<p><strong>6. Utilisation de fournisseurs tiers (par exemple, Google Fonts, YouTube, Maps)<\/strong><\/p>\n\n<p>Selon la conception de notre site web, des contenus de fournisseurs tiers peuvent \u00eatre int\u00e9gr\u00e9s (par exemple, des polices de Google Fonts, des cartes de Google Maps ou des vid\u00e9os de YouTube). Cela peut entra\u00eener le transfert de donn\u00e9es personnelles vers des serveurs des fournisseurs \u2013 \u00e9galement dans des pays tiers comme les \u00c9tats-Unis. <\/p>\n\n<p>Nous int\u00e9grons toujours ces contenus de mani\u00e8re \u00e0 \u00e9conomiser les donn\u00e9es et uniquement avec votre consentement (art. 6, al. 1, let. a du RGPD). Vous trouverez des d\u00e9tails \u00e0 ce sujet dans une banni\u00e8re de cookies ou un dialogue de consentement en amont. <\/p>\n\n<p><strong>7. Vos droits en tant que personne concern\u00e9e<\/strong><\/p>\n\n<p>Vous disposez des droits suivants en vertu du RGPD :<\/p>\n\n<ul class=\"wp-block-list\">\n<li>Droit d&rsquo;acc\u00e8s \u00e0 vos donn\u00e9es enregistr\u00e9es (art. 15 RGPD)<\/li>\n\n\n\n<li>Droit de rectification des donn\u00e9es incorrectes (art. 16 RGPD)<\/li>\n\n\n\n<li>Droit \u00e0 l&rsquo;effacement (\u00ab droit \u00e0 l&rsquo;oubli \u00bb, art. 17 RGPD)<\/li>\n\n\n\n<li>Droit \u00e0 la limitation du traitement (art. 18 RGPD)<\/li>\n\n\n\n<li>Droit \u00e0 la portabilit\u00e9 des donn\u00e9es (art. 20 RGPD)<\/li>\n\n\n\n<li>Droit d&rsquo;opposition au traitement (art. 21 RGPD)<\/li>\n\n\n\n<li>Droit de retrait des consentements accord\u00e9s (art. 7, al. 3 RGPD)<\/li>\n\n\n\n<li>Droit d&rsquo;introduire une r\u00e9clamation aupr\u00e8s d&rsquo;une autorit\u00e9 de contr\u00f4le (art. 77 RGPD), par exemple aupr\u00e8s du d\u00e9l\u00e9gu\u00e9 \u00e0 la protection des donn\u00e9es de votre Land<\/li>\n<\/ul>\n\n<p><strong>8. Dur\u00e9e de conservation<\/strong><\/p>\n\n<p>Nous ne conservons les donn\u00e9es personnelles que le temps n\u00e9cessaire aux fins mentionn\u00e9es ou tant qu&rsquo;il existe des obligations l\u00e9gales de conservation.<\/p>\n\n<p><strong>9. S\u00e9curit\u00e9<\/strong><\/p>\n\n<p>Nous mettons en \u0153uvre des mesures techniques et organisationnelles appropri\u00e9es pour prot\u00e9ger vos donn\u00e9es contre la perte, la destruction, l&rsquo;acc\u00e8s, la modification ou la diffusion par des personnes non autoris\u00e9es.<\/p>\n\n<p><strong>10. Modifications de la pr\u00e9sente d\u00e9claration de confidentialit\u00e9<\/strong><\/p>\n\n<p>Nous nous r\u00e9servons le droit de modifier la pr\u00e9sente d\u00e9claration de confidentialit\u00e9 si n\u00e9cessaire, par exemple pour l&rsquo;adapter \u00e0 de nouvelles exigences l\u00e9gales ou \u00e0 des modifications de notre site web.<\/p>\n\n<div class=\"wp-block-stackable-spacer stk-block-spacer stk--no-padding stk-block stk-3bd6cff\" data-block-id=\"3bd6cff\"><\/div>\n","protected":false},"excerpt":{"rendered":"<p>1. Responsable du traitement Fist Club Europe e.\u202fV.Ella-Barowsky-Str. 4710829 BerlinAllemagne Repr\u00e9sent\u00e9 par : Andr\u00e9 Spielmann 2. G\u00e9n\u00e9ralit\u00e9s sur le traitement des donn\u00e9es La protection de vos donn\u00e9es personnelles est une question importante pour nous. Nous traitons vos donn\u00e9es exclusivement sur la base des dispositions l\u00e9gales (en particulier le RGPD et le BDSG). Nous vous informons [&hellip;]<\/p>\n","protected":false},"author":2,"featured_media":963,"parent":0,"menu_order":0,"comment_status":"closed","ping_status":"open","template":"","meta":{"_gspb_post_css":"","footnotes":""},"class_list":["post-2685","page","type-page","status-publish","has-post-thumbnail","hentry"],"blocksy_meta":{"styles_descriptor":{"styles":{"desktop":"","tablet":"","mobile":""},"google_fonts":[],"version":6}},"_links":{"self":[{"href":"https:\/\/fist.club\/fr\/wp-json\/wp\/v2\/pages\/2685","targetHints":{"allow":["GET"]}}],"collection":[{"href":"https:\/\/fist.club\/fr\/wp-json\/wp\/v2\/pages"}],"about":[{"href":"https:\/\/fist.club\/fr\/wp-json\/wp\/v2\/types\/page"}],"author":[{"embeddable":true,"href":"https:\/\/fist.club\/fr\/wp-json\/wp\/v2\/users\/2"}],"replies":[{"embeddable":true,"href":"https:\/\/fist.club\/fr\/wp-json\/wp\/v2\/comments?post=2685"}],"version-history":[{"count":2,"href":"https:\/\/fist.club\/fr\/wp-json\/wp\/v2\/pages\/2685\/revisions"}],"predecessor-version":[{"id":4161,"href":"https:\/\/fist.club\/fr\/wp-json\/wp\/v2\/pages\/2685\/revisions\/4161"}],"wp:featuredmedia":[{"embeddable":true,"href":"https:\/\/fist.club\/fr\/wp-json\/wp\/v2\/media\/963"}],"wp:attachment":[{"href":"https:\/\/fist.club\/fr\/wp-json\/wp\/v2\/media?parent=2685"}],"curies":[{"name":"wp","href":"https:\/\/api.w.org\/{rel}","templated":true}]}}