{"id":2727,"date":"2025-06-19T15:15:03","date_gmt":"2025-06-19T13:15:03","guid":{"rendered":"https:\/\/fist.club\/lassociation\/"},"modified":"2025-09-11T16:19:44","modified_gmt":"2025-09-11T14:19:44","slug":"lassociation","status":"publish","type":"page","link":"https:\/\/fist.club\/fr\/lassociation\/","title":{"rendered":"L&rsquo;Union"},"content":{"rendered":"\n<div class=\"wp-block-stackable-spacer stk-block-spacer stk--no-padding stk-block stk-8623362\" data-block-id=\"8623362\"><\/div>\n\n<div class=\"wp-block-stackable-heading stk-block-heading stk-block-heading--v2 stk-block stk-79232b5\" id=\"strong-gemeinschaft-aufklarung-sichtbarkeit-strong\" data-block-id=\"79232b5\"><h2 class=\"stk-block-heading__text\"><strong>Communaut\u00e9. Illumination. Visibilit\u00e9.  <\/strong><\/h2><\/div>\n\n<p>Le <strong>Fist Club Europe eV<\/strong> est bien plus qu&rsquo;un club\u00a0: nous sommes un r\u00e9seau international et une communaut\u00e9 dynamique engag\u00e9s pour un fisting responsable, une \u00e9ducation \u00e9clair\u00e9e et une visibilit\u00e9 sociale. Notre objectif\u00a0: <strong>partager les connaissances, dissiper les mythes et cr\u00e9er des espaces de rencontre s\u00e9curis\u00e9s.<\/strong> <\/p>\n\n<p>Sur cette page, vous d\u00e9couvrirez ce qui nous motive et comment vous pouvez faire partie de notre mouvement :<\/p>\n\n<p><strong><a href=\"https:\/\/fist.club\/fr\/a-propos-de-nous\/\" data-type=\"page\" data-id=\"1077\">\u00c0 propos de nous<\/a><\/strong> \u2013 Qui nous sommes, ce que nous repr\u00e9sentons et la vision derri\u00e8re l\u2019organisation.<\/p>\n\n<p><strong><a href=\"https:\/\/fist.club\/fr\/partenaires-et-cooperations\/\" data-type=\"page\" data-id=\"1083\">Partenaires et collaborations<\/a><\/strong> \u2013 Nos r\u00e9seaux au sein de la communaut\u00e9 queer et BDSM. Ensemble, nous pouvons accomplir davantage. <\/p>\n\n<p><strong><a href=\"https:\/\/fist.club\/fr\/devenir-membre\/\" data-type=\"page\" data-id=\"1086\">Devenez membre<\/a><\/strong> \u2013 Soutenez notre travail, faites partie de la communaut\u00e9 et fa\u00e7onnez l\u2019avenir avec nous.<\/p>\n\n<p>Notre approche : <strong>respectueuse, solidaire, sex-positive.<\/strong><br\/> Nous favorisons l\u2019\u00e9change, le soutien mutuel et le r\u00e9seautage international \u2013 ouvert \u00e0 tous ceux qui souhaitent pratiquer le fisting de mani\u00e8re responsable et ind\u00e9pendante.<\/p>\n\n<p>Ensemble, nous brisons les tabous, surmontons les pr\u00e9jug\u00e9s et cr\u00e9ons de la visibilit\u00e9 \u2013 pour une <strong>culture du fisting \u00e9clair\u00e9e, s\u00fbre et agr\u00e9able.<\/strong><\/p>\n\n<div class=\"wp-block-stackable-spacer stk-block-spacer stk--no-padding stk-block stk-14efe72\" data-block-id=\"14efe72\"><\/div>\n","protected":false},"excerpt":{"rendered":"<p>Communaut\u00e9. Illumination. Visibilit\u00e9. Le Fist Club Europe eV est bien plus qu&rsquo;un club\u00a0: nous sommes un r\u00e9seau international et une communaut\u00e9 dynamique engag\u00e9s pour un fisting responsable, une \u00e9ducation \u00e9clair\u00e9e et une visibilit\u00e9 sociale. Notre objectif\u00a0: partager les connaissances, dissiper les mythes et cr\u00e9er des espaces de rencontre s\u00e9curis\u00e9s. Sur cette page, vous d\u00e9couvrirez ce [&hellip;]<\/p>\n","protected":false},"author":2,"featured_media":3807,"parent":0,"menu_order":0,"comment_status":"closed","ping_status":"closed","template":"","meta":{"_gspb_post_css":"","footnotes":""},"class_list":["post-2727","page","type-page","status-publish","has-post-thumbnail","hentry"],"blocksy_meta":[],"_links":{"self":[{"href":"https:\/\/fist.club\/fr\/wp-json\/wp\/v2\/pages\/2727","targetHints":{"allow":["GET"]}}],"collection":[{"href":"https:\/\/fist.club\/fr\/wp-json\/wp\/v2\/pages"}],"about":[{"href":"https:\/\/fist.club\/fr\/wp-json\/wp\/v2\/types\/page"}],"author":[{"embeddable":true,"href":"https:\/\/fist.club\/fr\/wp-json\/wp\/v2\/users\/2"}],"replies":[{"embeddable":true,"href":"https:\/\/fist.club\/fr\/wp-json\/wp\/v2\/comments?post=2727"}],"version-history":[{"count":7,"href":"https:\/\/fist.club\/fr\/wp-json\/wp\/v2\/pages\/2727\/revisions"}],"predecessor-version":[{"id":5178,"href":"https:\/\/fist.club\/fr\/wp-json\/wp\/v2\/pages\/2727\/revisions\/5178"}],"wp:featuredmedia":[{"embeddable":true,"href":"https:\/\/fist.club\/fr\/wp-json\/wp\/v2\/media\/3807"}],"wp:attachment":[{"href":"https:\/\/fist.club\/fr\/wp-json\/wp\/v2\/media?parent=2727"}],"curies":[{"name":"wp","href":"https:\/\/api.w.org\/{rel}","templated":true}]}}