{"id":2740,"date":"2025-06-19T15:16:07","date_gmt":"2025-06-19T13:16:07","guid":{"rendered":"https:\/\/fist.club\/partenaires-et-cooperations\/"},"modified":"2025-09-10T16:11:24","modified_gmt":"2025-09-10T14:11:24","slug":"partenaires-et-cooperations","status":"publish","type":"page","link":"https:\/\/fist.club\/fr\/partenaires-et-cooperations\/","title":{"rendered":"Partenaires et coop\u00e9rations"},"content":{"rendered":"\n<div class=\"wp-block-stackable-spacer stk-block-spacer stk--no-padding stk-block stk-29dca71\" data-block-id=\"29dca71\"><\/div>\n\n<p class=\"has-var-stk-preset-font-size-xx-large-80-px-font-size\">Vous aimez le fistfucking autant que nous et vous \u00eates passionn\u00e9 par le r\u00e9seautage ? Fantastique, car au Fist Club Europe e.V., nous sommes l&rsquo;organisation fa\u00eeti\u00e8re qui relie et soutient les clubs de fistfucking du monde entier ! Ici, nous vous pr\u00e9sentons nos partenaires et collaborations au sein de la communaut\u00e9 queer et BDSM. Avec des associations, des clubs, des organisateurs de f\u00eates et d&rsquo;\u00e9v\u00e9nements, des centres d&rsquo;\u00e9ducation et de conseil, ainsi que d&rsquo;autres initiatives, nous rendons le monde du fistfucking encore plus s\u00fbr, plus informatif et, bien s\u00fbr, encore plus excitant !     <\/p>\n\n<p class=\"has-var-stk-preset-font-size-xx-large-80-px-font-size\"><strong>Envie d&rsquo;une coop\u00e9ration ?<\/strong>  Vous avez vous-m\u00eame fond\u00e9 un club de fistfucking ou vous souhaitez en cr\u00e9er un ? Ou \u00eates-vous un organisateur de f\u00eates, une organisation communautaire ou un centre de conseil qui partage notre mission sex-positive ? Alors, n&rsquo;h\u00e9sitez pas \u00e0 nous contacter ! Nous sommes toujours ouverts \u00e0 de nouvelles collaborations passionnantes et nous nous r\u00e9jouissons de renforcer ensemble la communaut\u00e9 du fistfucking dans le monde entier. Tra\u00e7ons ensemble de nouvelles voies !      <\/p>\n\n<div class=\"wp-block-stackable-heading stk-block-heading stk-block-heading--v2 stk-block stk-0d69775\" id=\"kontakt\" data-block-id=\"0d69775\"><style>.stk-0d69775 {margin-bottom:0px !important;}<\/style><h2 class=\"stk-block-heading__text\">Contact<\/h2><\/div>\n\n<div class=\"wp-block-stackable-columns stk-block-columns stk-block stk-6caec8e\" data-block-id=\"6caec8e\"><div class=\"stk-row stk-inner-blocks stk-block-content stk-content-align stk-6caec8e-column\">\n<div class=\"wp-block-stackable-column stk-block-column stk-column stk-block stk-0e601e2\" data-v=\"4\" data-block-id=\"0e601e2\"><div class=\"stk-column-wrapper stk-block-column__content stk-container stk-0e601e2-container stk--no-background stk--no-padding\"><div class=\"stk-block-content stk-inner-blocks stk-0e601e2-inner-blocks\">\n<form action=\"https:\/\/formsubmit.co\/hello@fist.club\" method=\"POST\">\n  <!-- Spam-Schutz deaktivieren -->\n  <input type=\"hidden\" name=\"_captcha\" value=\"false\"\/>\n  <!-- Weiterleitung nach Absenden -->\n  <input type=\"hidden\" name=\"_next\" value=\"https:\/\/ihre-website.de\/danke\"\/>\n\n  <!-- Anrede -->\n  <label for=\"anrede\">Civilit\u00e9<\/label><br\/>  <select id=\"anrede\" name=\"Anrede\">\n    <option value=\"\">Veuillez s\u00e9lectionner<\/option>\n    <option value=\"Herr\">M.<\/option>\n    <option value=\"Frau\">Mme<\/option>\n    <option value=\"Divers\">Divers<\/option>\n  <\/select>\n  <br\/><br\/>\n  <!-- Vorname -->\n  <label for=\"vorname\">Pr\u00e9nom *<\/label><br\/>  <input type=\"text\" id=\"vorname\" name=\"Vorname\" required=\"\"\/>\n  <br\/><br\/>\n  <!-- E-Mail -->\n  <label for=\"email\">E-mail *<\/label><br\/>  <input type=\"email\" id=\"email\" name=\"E-Mail\" required=\"\"\/>\n  <br\/><br\/>\n  <!-- Land -->\n  <label for=\"land\">Pays *<\/label><br\/>  <select id=\"land\" name=\"Land\" required=\"\">\n    <option value=\"\">Veuillez choisir<\/option>\n    <option value=\"Deutschland\">Allemagne<\/option>\n    <option value=\"\u00d6sterreich\">Autriche<\/option>\n    <option value=\"Schweiz\">Suisse<\/option>\n    <option value=\"Frankreich\">France<\/option>\n    <option value=\"Spanien\">Espagne<\/option>\n    <option value=\"Italien\">Italie<\/option>\n    <option value=\"Niederlande\">Pays-Bas<\/option>\n    <option value=\"Belgien\">Belgique<\/option>\n    <option value=\"Vereinigtes K\u00f6nigreich\">Royaume-Uni<\/option>\n    <option value=\"Vereinigte Staaten\">\u00c9tats-Unis<\/option>\n    <option value=\"Kanada\">Canada<\/option>\n    <option value=\"Australien\">Australie<\/option>\n    <option value=\"Brasilien\">Br\u00e9sil<\/option>\n    <option value=\"Indien\">Inde<\/option>\n    <option value=\"China\">Chine<\/option>\n    <option value=\"Japan\">Japon<\/option>\n    <!-- Ab hier alphabetisch -->\n    <option value=\"Afghanistan\">Afghanistan<\/option>\n    <option value=\"Albanien\">Albanie<\/option>\n    <option value=\"Algerien\">Alg\u00e9rie<\/option>\n    <option value=\"Andorra\">Andorre<\/option>\n    <option value=\"Angola\">Angola<\/option>\n    <option value=\"Argentinien\">Argentine<\/option>\n    <option value=\"Armenien\">Arm\u00e9nie<\/option>\n    <option value=\"Aserbaidschan\">Azerba\u00efdjan<\/option>\n    <option value=\"\u00c4thiopien\">\u00c9thiopie<\/option>\n    <option value=\"Bahamas\">Bahamas<\/option>\n    <option value=\"Bahrain\">Bahre\u00efn<\/option>\n    <option value=\"Bangladesch\">Bangladesh<\/option>\n    <option value=\"Belize\">Belize<\/option>\n    <option value=\"Bolivien\">Bolivie<\/option>\n    <option value=\"Bosnien und Herzegowina\">Bosnie-Herz\u00e9govine<\/option>\n    <option value=\"Bulgarien\">Bulgarie<\/option>\n    <option value=\"Chile\">Chili<\/option>\n    <option value=\"D\u00e4nemark\">Danemark<\/option>\n    <option value=\"Dominikanische Republik\">R\u00e9publique dominicaine<\/option>\n    <option value=\"Ecuador\">\u00c9quateur<\/option>\n    <option value=\"\u00c4gypten\">\u00c9gypte<\/option>\n    <option value=\"Estland\">Estonie<\/option>\n    <option value=\"Finnland\">Finlande<\/option>\n    <option value=\"Griechenland\">Gr\u00e8ce<\/option>\n    <option value=\"Irland\">Irlande<\/option>\n    <option value=\"Island\">Islande<\/option>\n    <option value=\"Luxemburg\">Luxembourg<\/option>\n    <option value=\"Malta\">Malte<\/option>\n    <option value=\"Mexiko\">Mexique<\/option>\n    <option value=\"Neuseeland\">Nouvelle-Z\u00e9lande<\/option>\n    <option value=\"Norwegen\">Norv\u00e8ge<\/option>\n    <option value=\"Polen\">Pologne<\/option>\n    <option value=\"Portugal\">Portugal<\/option>\n    <option value=\"Rum\u00e4nien\">Roumanie<\/option>\n    <option value=\"Russland\">Russie<\/option>\n    <option value=\"Schweden\">Su\u00e8de<\/option>\n    <option value=\"Serbien\">Serbie<\/option>\n    <option value=\"Singapur\">Singapour<\/option>\n    <option value=\"Slowakei\">Slovaquie<\/option>\n    <option value=\"Slowenien\">Slov\u00e9nie<\/option>\n    <option value=\"S\u00fcdafrika\">Afrique du Sud<\/option>\n    <option value=\"S\u00fcdkorea\">Cor\u00e9e du Sud<\/option>\n    <option value=\"Thailand\">Tha\u00eflande<\/option>\n    <option value=\"Tschechien\">Tch\u00e9quie<\/option>\n    <option value=\"T\u00fcrkei\">Turquie<\/option>\n    <option value=\"Ukraine\">Ukraine<\/option>\n    <option value=\"Ungarn\">Hongrie<\/option>\n    <option value=\"Venezuela\">Venezuela<\/option>\n    <option value=\"Vietnam\">Vietnam<\/option>\n    <option value=\"Zypern\">Chypre<\/option>\n    <!-- usw. f\u00fcr alle weiteren L\u00e4nder -->\n  <\/select>\n  <br\/><br\/>\n  <!-- Nachricht -->\n  <label for=\"nachricht\">Message *<\/label><br\/>  <textarea id=\"nachricht\" name=\"Nachricht\" rows=\"5\" required=\"\"><\/textarea>\n  <br\/><br\/>\n  <button type=\"submit\">Envoyer<\/button>\n<\/form>\n\n<\/div><\/div><\/div>\n<\/div><\/div>\n\n<div class=\"wp-block-stackable-spacer stk-block-spacer stk--no-padding stk-block stk-fd16452\" data-block-id=\"fd16452\"><\/div>\n","protected":false},"excerpt":{"rendered":"<p>Vous aimez le fistfucking autant que nous et vous \u00eates passionn\u00e9 par le r\u00e9seautage ? Fantastique, car au Fist Club Europe e.V., nous sommes l&rsquo;organisation fa\u00eeti\u00e8re qui relie et soutient les clubs de fistfucking du monde entier ! Ici, nous vous pr\u00e9sentons nos partenaires et collaborations au sein de la communaut\u00e9 queer et BDSM. Avec [&hellip;]<\/p>\n","protected":false},"author":2,"featured_media":3724,"parent":0,"menu_order":0,"comment_status":"closed","ping_status":"closed","template":"","meta":{"_gspb_post_css":"","footnotes":""},"class_list":["post-2740","page","type-page","status-publish","has-post-thumbnail","hentry"],"blocksy_meta":{"page_structure_type":"type-3","styles_descriptor":{"styles":{"desktop":"","tablet":"","mobile":""},"google_fonts":[],"version":6}},"_links":{"self":[{"href":"https:\/\/fist.club\/fr\/wp-json\/wp\/v2\/pages\/2740","targetHints":{"allow":["GET"]}}],"collection":[{"href":"https:\/\/fist.club\/fr\/wp-json\/wp\/v2\/pages"}],"about":[{"href":"https:\/\/fist.club\/fr\/wp-json\/wp\/v2\/types\/page"}],"author":[{"embeddable":true,"href":"https:\/\/fist.club\/fr\/wp-json\/wp\/v2\/users\/2"}],"replies":[{"embeddable":true,"href":"https:\/\/fist.club\/fr\/wp-json\/wp\/v2\/comments?post=2740"}],"version-history":[{"count":8,"href":"https:\/\/fist.club\/fr\/wp-json\/wp\/v2\/pages\/2740\/revisions"}],"predecessor-version":[{"id":5000,"href":"https:\/\/fist.club\/fr\/wp-json\/wp\/v2\/pages\/2740\/revisions\/5000"}],"wp:featuredmedia":[{"embeddable":true,"href":"https:\/\/fist.club\/fr\/wp-json\/wp\/v2\/media\/3724"}],"wp:attachment":[{"href":"https:\/\/fist.club\/fr\/wp-json\/wp\/v2\/media?parent=2740"}],"curies":[{"name":"wp","href":"https:\/\/api.w.org\/{rel}","templated":true}]}}