{"id":2885,"date":"2025-06-23T14:29:52","date_gmt":"2025-06-23T12:29:52","guid":{"rendered":"https:\/\/fist.club\/communiques-de-presse\/"},"modified":"2025-08-29T10:24:44","modified_gmt":"2025-08-29T08:24:44","slug":"communiques-de-presse","status":"publish","type":"page","link":"https:\/\/fist.club\/fr\/communiques-de-presse\/","title":{"rendered":"Communiqu\u00e9s de presse"},"content":{"rendered":"\n<div class=\"wp-block-stackable-spacer stk-block-spacer stk--no-padding stk-block stk-b766a9f\" data-block-id=\"b766a9f\"><style>.stk-b766a9f {height:100px !important;}<\/style><\/div>\n\n<div class=\"wp-block-stackable-columns stk-block-columns stk-block stk-6e67ac3\" data-block-id=\"6e67ac3\"><div class=\"stk-row stk-inner-blocks stk-block-content stk-content-align stk-6e67ac3-column\">\n<div class=\"wp-block-stackable-column stk-block-column stk-column stk-block stk-08c802d\" data-v=\"4\" data-block-id=\"08c802d\"><style>@media screen and (min-width:690px){.stk-08c802d {flex:var(--stk-flex-grow, 1) 1 66.7% !important;}}<\/style><div class=\"stk-column-wrapper stk-block-column__content stk-container stk-08c802d-container stk--no-background stk--no-padding\"><div class=\"stk-block-content stk-inner-blocks stk-08c802d-inner-blocks\">\n<h5 class=\"wp-block-heading\" id=\"fist-club-europe-e-v-ruft-den-05-mai-als-internationalen-tag-des-fistens-aus\"><strong>Fist Club Europe e.V. proclame le 5 mai \u00ab Journ\u00e9e internationale du fisting \u00bb<\/strong><\/h5>\n\n\n\n<p>Berlin, le 25 avril 2025<\/p>\n\n\n\n<p>Berlin, le 5 mai 2025 \u2013 Fist Club Europe e.V. proclame officiellement le 5 mai comme nouvelle \u00ab Journ\u00e9e internationale du fisting \u00bb. L\u2019association bas\u00e9e \u00e0 Berlin souhaite ainsi cr\u00e9er de la visibilit\u00e9, de la sensibilisation et de l\u2019acceptation pour une pratique sexuelle \u2013 en particulier au sein de la communaut\u00e9 gay, mais aussi au-del\u00e0. <\/p>\n\n\n\n<p>\u00ab Le fisting est plus qu\u2019une simple technique sexuelle \u2013 c\u2019est une expression d\u2019intimit\u00e9, de confiance et de libert\u00e9. Le 5 mai doit \u00eatre un jour o\u00f9 nous rendons cette pratique visible avec respect, fiert\u00e9 et sensibilisation \u00bb, explique Balian Richter, porte-parole de Fist Club Europe.<\/p>\n\n\n\n<p><strong>Une nouvelle journ\u00e9e pour l\u2019autod\u00e9termination corporelle et la diversit\u00e9 sexuelle<\/strong><\/p>\n\n\n\n<p>Le fisting est une pratique physiquement intense qui exige un haut niveau de communication, de consentement et de confiance.<\/p>\n\n\n\n<p>\u00ab Nous constatons un besoin urgent, non seulement d\u2019accro\u00eetre la visibilit\u00e9, mais surtout de d\u00e9construire activement les mythes et de permettre un discours factuel et soucieux de la sant\u00e9 sur le fisting, bas\u00e9 sur des faits \u00bb, d\u00e9clare Balian Richter, porte-parole de Fist Club Europe e.V.<\/p>\n<\/div><\/div><\/div>\n\n\n\n<div class=\"wp-block-stackable-column stk-block-column stk-column stk-block stk-38471a9\" data-v=\"4\" data-block-id=\"38471a9\"><style>@media screen and (min-width:690px){.stk-38471a9 {flex:var(--stk-flex-grow, 1) 1 33.3% !important;}}<\/style><div class=\"stk-column-wrapper stk-block-column__content stk-container stk-38471a9-container stk--no-background stk--no-padding\"><div class=\"stk-block-content stk-inner-blocks stk-38471a9-inner-blocks\">\n<figure class=\"wp-block-image size-large\"><img decoding=\"async\" width=\"872\" height=\"1024\" src=\"https:\/\/fist.club\/wp-content\/uploads\/2025\/08\/2aaaahaaaaa-1744x2048-1-872x1024.png\" alt=\"Logo du Fist Club\" class=\"wp-image-3525\" srcset=\"https:\/\/fist.club\/wp-content\/uploads\/2025\/08\/2aaaahaaaaa-1744x2048-1-872x1024.png 872w, https:\/\/fist.club\/wp-content\/uploads\/2025\/08\/2aaaahaaaaa-1744x2048-1-255x300.png 255w, https:\/\/fist.club\/wp-content\/uploads\/2025\/08\/2aaaahaaaaa-1744x2048-1-768x902.png 768w, https:\/\/fist.club\/wp-content\/uploads\/2025\/08\/2aaaahaaaaa-1744x2048-1-1308x1536.png 1308w, https:\/\/fist.club\/wp-content\/uploads\/2025\/08\/2aaaahaaaaa-1744x2048-1.png 1744w\" sizes=\"(max-width: 872px) 100vw, 872px\" \/><\/figure>\n<\/div><\/div><\/div>\n<\/div><\/div>\n\n<div class=\"wp-block-stackable-columns stk-block-columns stk-block stk-d552103\" data-block-id=\"d552103\"><div class=\"stk-row stk-inner-blocks stk-block-content stk-content-align stk-d552103-column\">\n<div class=\"wp-block-stackable-column stk-block-column stk-column stk-block stk-93598a4\" data-v=\"4\" data-block-id=\"93598a4\"><style>.stk-93598a4-container{max-width:1250px !important;min-width:auto !important;margin-right:auto !important;margin-left:auto !important;}<\/style><div class=\"stk-column-wrapper stk-block-column__content stk-container stk-93598a4-container stk--no-background stk--no-padding\"><div class=\"stk-block-content stk-inner-blocks stk-93598a4-inner-blocks\">\n<p><strong>Pourquoi le 5 mai ?<\/strong><\/p>\n\n\n\n<p>Le choix de la date n\u2019est pas un hasard : le chiffre 5 symbolise les cinq doigts de la main \u2013 l\u2019\u00e9l\u00e9ment central de cette pratique. Le chiffre double \u2013 05.05. \u2013 a un effet accrocheur, clair et facile \u00e0 communiquer. Cette journ\u00e9e doit \u00eatre un symbole mondial d\u2019une forme d\u2019intimit\u00e9 sexuelle qui est souvent v\u00e9cue en priv\u00e9, mais qui est fermement ancr\u00e9e dans de nombreuses r\u00e9alit\u00e9s de vie queer.   <\/p>\n\n\n\n<p><strong>D\u00e9limitation par rapport au 21 octobre<\/strong><\/p>\n\n\n\n<p>La \u00ab Journ\u00e9e internationale du fisting \u00bb (21 octobre) d\u00e9j\u00e0 existante a \u00e9t\u00e9 lanc\u00e9e en 2011 aux \u00c9tats-Unis et aborde principalement la censure et la repr\u00e9sentation dans la pornographie. Le 5 mai, en revanche, met l\u2019accent sur la pratique v\u00e9cue au sein de la communaut\u00e9 gay mondiale \u2013 avec toutes ses facettes, ses diff\u00e9rences culturelles et ses significations personnelles. <\/p>\n\n\n\n<p>\u00ab Notre objectif n\u2019est pas la concurrence, mais le compl\u00e9ment. Nous cr\u00e9ons une journ\u00e9e qui \u00e9merge du c\u0153ur de la communaut\u00e9 \u2013 visible, ouverte, confiante et respectueuse \u00bb, d\u00e9clare Balian Richter.<\/p>\n\n\n\n<p>\u00ab Nous invitons les m\u00e9dias, les organisations du domaine de la sant\u00e9 sexuelle et la communaut\u00e9 \u00e0 utiliser le 5 mai comme une impulsion pour une sensibilisation fond\u00e9e \u00bb, poursuit Richter. \u00ab Cette journ\u00e9e doit \u00eatre un \u00e9v\u00e9nement annuel pour souligner l\u2019importance de la connaissance, de la s\u00e9curit\u00e9 et du consentement dans le contexte du fisting dans le monde entier. \u00bb <\/p>\n\n\n\n<p>L&rsquo;association pr\u00e9voit d&rsquo;accompagner cette journ\u00e9e \u00e0 l&rsquo;avenir avec ses propres actions et offres d&rsquo;information. Vous trouverez de plus amples informations sur le site web <a href=\"https:\/\/www.fistingday.org\" target=\"_blank\" rel=\"noreferrer noopener\"><strong>www.fistingday.org<\/strong><\/a>.<\/p>\n\n\n\n<p>Nous serions heureux que cette journ\u00e9e soit rendue publique par le biais de reportages d\u2019accompagnement. Si votre r\u00e9daction a besoin d\u2019informations ou de mat\u00e9riel suppl\u00e9mentaires, nous serons heureux de les mettre \u00e0 votre disposition. <\/p>\n\n\n\n<div class=\"wp-block-stackable-divider stk-block-divider stk-block stk-a329189\" data-block-id=\"a329189\"><style>.stk-a329189 {margin-top:var(--stk--preset--spacing--50, 1.5rem) !important;margin-bottom:50px !important;}<\/style><hr class=\"stk-block-divider__hr\"\/><\/div>\n\n\n\n<h5 class=\"wp-block-heading\" id=\"heute-ist-der-erste-internationale-tag-des-fistens-fur-alle-die-mehr-wissen-wollen\"><strong>Aujourd\u2019hui, c\u2019est la premi\u00e8re Journ\u00e9e internationale du fisting \u2013 pour tous ceux qui veulent en savoir plus.<\/strong><\/h5>\n\n\n\n<p>Berlin, le 05 mai 2025<\/p>\n\n\n\n<p>Avec ce 5 mai, Fist Club Europe e.V. lance la <strong>Journ\u00e9e internationale du fisting<\/strong>. L\u2019objectif est de sortir de l\u2019ombre une pratique sexuelle rarement trait\u00e9e publiquement \u2013 non pas en levant le doigt, mais avec ouverture, expertise et respect. <\/p>\n\n\n\n<p>\u00ab <strong>Nous ne voulons convertir, choquer ou embarrasser personne.<\/strong> Notre seul objectif est d\u2019offrir une plateforme aux personnes qui souhaitent s\u2019int\u00e9resser au th\u00e8me du fisting par int\u00e9r\u00eat sinc\u00e8re \u2013 qu\u2019elles soient gays, h\u00e9t\u00e9ros ou quelque part entre les deux \u00bb, explique le porte-parole Balian Richter.<\/p>\n\n\n\n<p>L\u2019association bas\u00e9e \u00e0 Berlin comprend le fisting non seulement comme une technique, mais aussi comme une expression d\u2019intimit\u00e9, de confiance et d\u2019autod\u00e9termination sexuelle.<\/p>\n\n\n\n<p>Le choix de la date n\u2019est pas un hasard : le chiffre 5 symbolise les cinq doigts de la main \u2013 l\u2019\u00e9l\u00e9ment central de cette pratique. Le 05.05. \u2013 avec son double cinq symbolique \u2013 marque une journ\u00e9e qui repr\u00e9sente une forme de proximit\u00e9 physique qui est fermement ancr\u00e9e dans de nombreuses sexualit\u00e9s individuelles et qui est pourtant rarement nomm\u00e9e publiquement.  <\/p>\n\n\n\n<p><strong>Sensibilisation au lieu d\u2019alarmisme \u2013 et respect de la curiosit\u00e9<\/strong><\/p>\n\n\n\n<p>Le fisting exige un haut niveau de communication, de consentement et de connaissances en mati\u00e8re d\u2019hygi\u00e8ne. C\u2019est pr\u00e9cis\u00e9ment l\u00e0 qu\u2019intervient Fist Club Europe e.V. : avec des offres d\u2019information et des formats num\u00e9riques bas\u00e9s sur des connaissances fond\u00e9es et une exp\u00e9rience pratique. \u00ab Nous ne misons pas sur la provocation, mais sur la fiabilit\u00e9. Notre objectif est de donner une orientation aux personnes int\u00e9ress\u00e9es \u2013 sans drame, sans clich\u00e9s \u00bb, explique Richter.  <\/p>\n\n\n\n<p>L\u2019association s\u2019adresse express\u00e9ment aux personnes de toutes orientations sexuelles qui sont curieuses, qui ont des questions ou qui ont d\u00e9j\u00e0 acquis de l\u2019exp\u00e9rience. \u201e<strong>Notre objectif n\u2019est pas de rendre le fisting accessible au grand public. Notre objectif est de sensibiliser \u2013 pour ceux qui veulent vraiment en savoir plus <\/strong>\u201c, poursuit Richter.<\/p>\n\n\n\n<p><strong>Une journ\u00e9e pour la connaissance, le respect et la maturit\u00e9 sexuelle<\/strong><\/p>\n\n\n\n<p>La Journ\u00e9e internationale du fisting se veut une initiative de la communaut\u00e9 \u2013 ouverte et objective. \u00c0 l\u2019avenir, elle devrait servir chaque ann\u00e9e \u00e0 transmettre des informations objectives sur les pratiques s\u00fbres, le consentement, les conditions physiques et les aspects \u00e9motionnels. <\/p>\n\n\n\n<p>Car celui qui s\u2019informe peut d\u00e9cider en toute conscience \u2013 pour son propre corps, ses propres limites et son propre plaisir.<\/p>\n\n\n\n<p>Vous trouverez de plus amples informations sur le site web <a href=\"https:\/\/www.fistingday.org\" target=\"_blank\" rel=\"noreferrer noopener\"><strong>www.fistingday.org<\/strong><\/a>.<\/p>\n\n\n\n<div class=\"wp-block-stackable-divider stk-block-divider stk-block stk-3be73fc\" data-block-id=\"3be73fc\"><style>.stk-3be73fc {margin-top:var(--stk--preset--spacing--50, 1.5rem) !important;margin-bottom:50px !important;}<\/style><hr class=\"stk-block-divider__hr\"\/><\/div>\n\n\n\n<h5 class=\"wp-block-heading\" id=\"grundung-des-fist-club-europe-e-v-aufklarung-community-und-vernetzung-fur-eine-oft-tabuisierte-sexualpraktik\"><strong>Cr\u00e9ation de Fist Club Europe e.V. \u2013 Sensibilisation, communaut\u00e9 et mise en r\u00e9seau pour une pratique sexuelle souvent taboue<\/strong><\/h5>\n\n\n\n<p>Berlin, le 11 avril 2025<\/p>\n\n\n\n<p>Avec la cr\u00e9ation du <strong>Fist Club Europe e.V.<\/strong> \u00e0 Berlin, un nouveau point de contact est cr\u00e9\u00e9 pour les personnes qui s\u2019engagent pour une approche ouverte, respectueuse et s\u00fbre de la pratique sexuelle du fisting anal. Alors que d\u2019autres pratiques sexuelles ont \u00e9t\u00e9 de plus en plus d\u00e9tabouis\u00e9es ces derni\u00e8res ann\u00e9es, le fisting anal reste souvent exclu de la perception publique. <\/p>\n\n\n\n<p>Cela n\u2019est pas seulement d\u00fb \u00e0 des pr\u00e9jug\u00e9s ou \u00e0 l\u2019ignorance, mais aussi au fait que le d\u00e9bat social sur les th\u00e8mes sexuels est g\u00e9n\u00e9ralement marqu\u00e9 par des conventions, des tendances m\u00e9diatiques ou des r\u00e9cits h\u00e9t\u00e9ronormatifs. \u00ab<strong>Notre objectif est de fournir des connaissances fond\u00e9es, de d\u00e9construire les pr\u00e9jug\u00e9s et de cr\u00e9er un espace prot\u00e9g\u00e9 pour l\u2019\u00e9change au sein de la communaut\u00e9<\/strong>\u00bb, explique Balian Richter, porte-parole de l\u2019association. \u201e<strong>Le fisting anal est souvent mal compris ou trait\u00e9 comme un sujet de niche, alors qu\u2019il s\u2019agit d\u2019une pratique qui a une longue tradition dans de nombreuses communaut\u00e9s \u2013 en particulier chez les hommes gays. Parall\u00e8lement, il gagne \u00e9galement en importance dans les milieux h\u00e9t\u00e9rosexuels. <\/strong>\u00bb<\/p>\n\n\n\n<p>L\u2019association s\u2019engage dans les domaines suivants :<\/p>\n\n\n\n<ul class=\"wp-block-list\">\n<li><strong>Sensibilisation &amp; Pr\u00e9vention<\/strong> \u2013 Mise \u00e0 disposition d\u2019informations scientifiquement fond\u00e9es sur l\u2019hygi\u00e8ne, les aspects sanitaires et les pratiques s\u00fbres afin de minimiser les risques et de sensibiliser davantage au consentement responsable.<\/li>\n\n\n\n<li><strong>Communaut\u00e9 &amp; Mise en r\u00e9seau<\/strong> \u2013 Mise en place d\u2019une communaut\u00e9 ouverte et solidaire qui permet l\u2019\u00e9change et le partage d\u2019exp\u00e9riences.<\/li>\n\n\n\n<li><strong>Repr\u00e9sentation des int\u00e9r\u00eats<\/strong> \u2013 Promotion de la visibilit\u00e9 et de l\u2019acceptation de la pratique dans le public ainsi qu\u2019une voix forte pour la communaut\u00e9 aupr\u00e8s des acteurs sociaux et politiques.<\/li>\n\n\n\n<li><strong>\u00c9v\u00e9nements &amp; Cours<\/strong> \u2013 Organisation d\u2019ateliers, de rencontres et d\u2019\u00e9v\u00e9nements sociaux pour transmettre des connaissances et des exp\u00e9riences.<\/li>\n<\/ul>\n\n\n\n<p>Le site web officiel de l\u2019association sera bient\u00f4t mis en ligne, sur lequel les d\u00e9butants absolus comme les praticiens exp\u00e9riment\u00e9s pourront trouver des informations et des instructions compl\u00e8tes. De plus, des cours en ligne structur\u00e9s sont pr\u00e9vus, qui permettront aux personnes int\u00e9ress\u00e9es d\u2019aborder le sujet dans un cadre prot\u00e9g\u00e9 \u2013 ind\u00e9pendamment de leur exp\u00e9rience ou de leurs connaissances pr\u00e9alables. <\/p>\n\n\n\n<p>\u00c0 long terme, la plateforme offrira une possibilit\u00e9 de mise en r\u00e9seau pour les personnes int\u00e9ress\u00e9es dans le monde entier, afin de rassembler des personnes ayant des int\u00e9r\u00eats communs. L\u2019association s\u2019adresse particuli\u00e8rement aux <strong>hommes gays<\/strong>, mais s\u2019engage \u00e9galement pour un d\u00e9bat social plus large sur le sujet. <strong>L\u2019int\u00e9r\u00eat pour le fisting anal cro\u00eet \u00e9galement dans les milieux h\u00e9t\u00e9rosexuels, c\u2019est pourquoi Fist Club Europe e.V. met \u00e0 disposition de mani\u00e8re cibl\u00e9e des informations et une assistance pour tous ceux qui souhaitent aborder cette pratique de mani\u00e8re responsable et inform\u00e9e<\/strong>. <\/p>\n\n\n\n<p>De plus, l\u2019association est \u00e0 disposition en tant que <strong>interlocuteur comp\u00e9tent pour les m\u00e9dias et les portails sp\u00e9cialis\u00e9s<\/strong>. Qu\u2019il s\u2019agisse d\u2019articles invit\u00e9s, d\u2019interviews ou de contributions sp\u00e9cialis\u00e9es, Fist Club Europe e.V. offre une expertise fond\u00e9e et une perspective diff\u00e9renci\u00e9e sur les th\u00e8mes de la sant\u00e9 sexuelle, de la sensibilisation et du travail communautaire. <br\/><br\/>Pour les demandes de presse et de plus amples informations, veuillez vous adresser \u00e0 : Balian Richter (press@europe.fist.club).<\/p>\n\n\n\n<p><\/p>\n\n\n\n<p>Le 5 mai, Journ\u00e9e internationale du fisting, lanc\u00e9e par notre association, doit servir sp\u00e9cifiquement \u00e0 diffuser des connaissances fond\u00e9es sur les pratiques s\u00fbres, l\u2019hygi\u00e8ne et le consentement et \u00e0 servir de point de contact pour les questions. Nous voulons combler une lacune en regroupant les ressources et en cr\u00e9ant une plateforme fiable pour la sensibilisation et la pr\u00e9vention.\u00a0\u00bb <\/p>\n\n\n\n<div class=\"wp-block-stackable-spacer stk-block-spacer stk--no-padding stk-block stk-7f8e8da\" data-block-id=\"7f8e8da\"><style>.stk-7f8e8da {height:100px !important;}<\/style><\/div>\n<\/div><\/div><\/div>\n<\/div><\/div>\n","protected":false},"excerpt":{"rendered":"<p>Fist Club Europe e.V. proclame le 5 mai \u00ab Journ\u00e9e internationale du fisting \u00bb Berlin, le 25 avril 2025 Berlin, le 5 mai 2025 \u2013 Fist Club Europe e.V. proclame officiellement le 5 mai comme nouvelle \u00ab Journ\u00e9e internationale du fisting \u00bb. L\u2019association bas\u00e9e \u00e0 Berlin souhaite ainsi cr\u00e9er de la visibilit\u00e9, de la sensibilisation [&hellip;]<\/p>\n","protected":false},"author":2,"featured_media":963,"parent":0,"menu_order":0,"comment_status":"closed","ping_status":"closed","template":"","meta":{"_gspb_post_css":"","footnotes":""},"class_list":["post-2885","page","type-page","status-publish","has-post-thumbnail","hentry"],"blocksy_meta":{"page_structure_type":"type-3","styles_descriptor":{"styles":{"desktop":"","tablet":"","mobile":""},"google_fonts":[],"version":6}},"_links":{"self":[{"href":"https:\/\/fist.club\/fr\/wp-json\/wp\/v2\/pages\/2885","targetHints":{"allow":["GET"]}}],"collection":[{"href":"https:\/\/fist.club\/fr\/wp-json\/wp\/v2\/pages"}],"about":[{"href":"https:\/\/fist.club\/fr\/wp-json\/wp\/v2\/types\/page"}],"author":[{"embeddable":true,"href":"https:\/\/fist.club\/fr\/wp-json\/wp\/v2\/users\/2"}],"replies":[{"embeddable":true,"href":"https:\/\/fist.club\/fr\/wp-json\/wp\/v2\/comments?post=2885"}],"version-history":[{"count":2,"href":"https:\/\/fist.club\/fr\/wp-json\/wp\/v2\/pages\/2885\/revisions"}],"predecessor-version":[{"id":4091,"href":"https:\/\/fist.club\/fr\/wp-json\/wp\/v2\/pages\/2885\/revisions\/4091"}],"wp:featuredmedia":[{"embeddable":true,"href":"https:\/\/fist.club\/fr\/wp-json\/wp\/v2\/media\/963"}],"wp:attachment":[{"href":"https:\/\/fist.club\/fr\/wp-json\/wp\/v2\/media?parent=2885"}],"curies":[{"name":"wp","href":"https:\/\/api.w.org\/{rel}","templated":true}]}}