{"id":2897,"date":"2025-06-18T11:56:02","date_gmt":"2025-06-18T09:56:02","guid":{"rendered":"https:\/\/fist.club\/communaute-et-mise-en-reseau\/"},"modified":"2025-09-11T16:19:27","modified_gmt":"2025-09-11T14:19:27","slug":"communaute-et-mise-en-reseau","status":"publish","type":"page","link":"https:\/\/fist.club\/fr\/communaute-et-mise-en-reseau\/","title":{"rendered":"Communaut\u00e9 et r\u00e9seautage"},"content":{"rendered":"\n<div class=\"wp-block-stackable-spacer stk-block-spacer stk--no-padding stk-block stk-db38f4e\" data-block-id=\"db38f4e\"><\/div>\n\n<div class=\"wp-block-stackable-heading stk-block-heading stk-block-heading--v2 stk-block stk-631a9a7\" id=\"strong-vernetzen-lernen-erzahlen-strong\" data-block-id=\"631a9a7\"><h2 class=\"stk-block-heading__text\"><strong>Connectez-vous. Apprenez. Partagez.  <\/strong><\/h2><\/div>\n\n<p>Le fisting ne se limite pas aux espaces priv\u00e9s\u00a0: il se nourrit de <strong>communaut\u00e9, d&rsquo;\u00e9changes et d&rsquo;entraide.<\/strong> Qu&rsquo;il s&rsquo;agisse d&rsquo;une r\u00e9union ordinaire, d&rsquo;un atelier ou d&rsquo;un grand \u00e9v\u00e9nement, vous trouverez ici des personnes qui partagent votre passion, partagent vos connaissances et partagent des histoires qui vous touchent.<\/p>\n\n<p>Sur cette page vous d\u00e9couvrirez les offres les plus importantes d&rsquo;\u00e9change et de rencontres :<\/p>\n\n<p><strong><a href=\"https:\/\/fist.club\/fr\/reseau-et-groupes\/\" data-type=\"page\" data-id=\"1033\">R\u00e9seau et groupes<\/a><\/strong> \u2013 Trouvez des rencontres, des clubs et des groupes locaux pr\u00e8s de chez vous ou dans toute l\u2019Europe.<\/p>\n\n<p><strong><a href=\"https:\/\/fist.club\/fr\/ecole-de-fistfucking\/\" data-type=\"page\" data-id=\"1035\">Ecole de Fisting<\/a><\/strong> \u2013 Ateliers, s\u00e9minaires et cours pour d\u00e9butants et avanc\u00e9s.<\/p>\n\n<p><strong><a href=\"https:\/\/fist.club\/fr\/temoignages-et-recits\/\" data-type=\"page\" data-id=\"1039\">T\u00e9moignages et histoires<\/a><\/strong> \u2013 des histoires honn\u00eates et personnelles de la communaut\u00e9 \u2013 ouvertes, inspir\u00e9es et sans fard.<\/p>\n\n<p><strong><a href=\"https:\/\/www.fistingday.org\/\" target=\"_blank\" rel=\"noopener\">Fisting Day (5 mai)<\/a><\/strong> \u2013 la journ\u00e9e internationale du fisting avec des activit\u00e9s et des \u00e9v\u00e9nements dans le monde entier.<\/p>\n\n<p>Notre approche : <strong>ouverte, solidaire, collaborative.<\/strong><br\/> Nous cr\u00e9ons des espaces o\u00f9 les connaissances sont partag\u00e9es, les limites sont respect\u00e9es et de nouvelles amiti\u00e9s se forment.<\/p>\n\n<p>\u00catre une communaut\u00e9, c&rsquo;est <strong>ne pas \u00eatre seul.<\/strong> Connectez-vous, apprenez des autres et rejoignez un mouvement qui rend le fisting visible, s\u00fbr et normal.<\/p>\n\n<div class=\"wp-block-stackable-spacer stk-block-spacer stk--no-padding stk-block stk-7313c80\" data-block-id=\"7313c80\"><\/div>\n","protected":false},"excerpt":{"rendered":"<p>Connectez-vous. Apprenez. Partagez. Le fisting ne se limite pas aux espaces priv\u00e9s\u00a0: il se nourrit de communaut\u00e9, d&rsquo;\u00e9changes et d&rsquo;entraide. Qu&rsquo;il s&rsquo;agisse d&rsquo;une r\u00e9union ordinaire, d&rsquo;un atelier ou d&rsquo;un grand \u00e9v\u00e9nement, vous trouverez ici des personnes qui partagent votre passion, partagent vos connaissances et partagent des histoires qui vous touchent. Sur cette page vous d\u00e9couvrirez [&hellip;]<\/p>\n","protected":false},"author":2,"featured_media":3464,"parent":0,"menu_order":0,"comment_status":"closed","ping_status":"closed","template":"","meta":{"_gspb_post_css":"","footnotes":""},"class_list":["post-2897","page","type-page","status-publish","has-post-thumbnail","hentry"],"blocksy_meta":[],"_links":{"self":[{"href":"https:\/\/fist.club\/fr\/wp-json\/wp\/v2\/pages\/2897","targetHints":{"allow":["GET"]}}],"collection":[{"href":"https:\/\/fist.club\/fr\/wp-json\/wp\/v2\/pages"}],"about":[{"href":"https:\/\/fist.club\/fr\/wp-json\/wp\/v2\/types\/page"}],"author":[{"embeddable":true,"href":"https:\/\/fist.club\/fr\/wp-json\/wp\/v2\/users\/2"}],"replies":[{"embeddable":true,"href":"https:\/\/fist.club\/fr\/wp-json\/wp\/v2\/comments?post=2897"}],"version-history":[{"count":7,"href":"https:\/\/fist.club\/fr\/wp-json\/wp\/v2\/pages\/2897\/revisions"}],"predecessor-version":[{"id":5161,"href":"https:\/\/fist.club\/fr\/wp-json\/wp\/v2\/pages\/2897\/revisions\/5161"}],"wp:featuredmedia":[{"embeddable":true,"href":"https:\/\/fist.club\/fr\/wp-json\/wp\/v2\/media\/3464"}],"wp:attachment":[{"href":"https:\/\/fist.club\/fr\/wp-json\/wp\/v2\/media?parent=2897"}],"curies":[{"name":"wp","href":"https:\/\/api.w.org\/{rel}","templated":true}]}}