{"id":2912,"date":"2025-06-18T11:53:02","date_gmt":"2025-06-18T09:53:02","guid":{"rendered":"https:\/\/fist.club\/sante-et-securite\/"},"modified":"2025-09-11T16:19:43","modified_gmt":"2025-09-11T14:19:43","slug":"sante-et-securite","status":"publish","type":"page","link":"https:\/\/fist.club\/fr\/sante-et-securite\/","title":{"rendered":"Sant\u00e9 et s\u00e9curit\u00e9"},"content":{"rendered":"\n<div class=\"wp-block-stackable-spacer stk-block-spacer stk--no-padding stk-block stk-24d082c\" data-block-id=\"24d082c\"><\/div>\n\n<div class=\"wp-block-stackable-heading stk-block-heading stk-block-heading--v2 stk-block stk-0b89c80\" id=\"strong-wissen-schutz-vertrauen-strong\" data-block-id=\"0b89c80\"><h2 class=\"stk-block-heading__text\"><strong>Connaissance. Protection. Confiance.  <\/strong><\/h2><\/div>\n\n<p>Le fisting est une aventure intense et intime, mais le v\u00e9ritable plaisir n&rsquo;appara\u00eet que lorsque la s\u00e9curit\u00e9 et la sant\u00e9 sont primordiales. Avec une bonne pr\u00e9paration et les connaissances n\u00e9cessaires, vous pouvez minimiser les risques et vous concentrer pleinement sur le plaisir. <\/p>\n\n<p>Sur cette page, vous trouverez tout ce dont vous avez besoin pour jouer en toute s\u00e9curit\u00e9 et en toute d\u00e9tente :<\/p>\n\n<p><strong><a href=\"https:\/\/fist.club\/fr\/fisting-sans-risque-conseils-generaux\/\" data-type=\"page\" data-id=\"1018\">Fisting plus s\u00fbr \u2013 Conseils g\u00e9n\u00e9raux<\/a><\/strong> \u2013 de la communication au r\u00e9glage et au suivi<\/p>\n\n<p><strong><a href=\"https:\/\/fist.club\/fr\/hygiene-et-preparation\/\" data-type=\"page\" data-id=\"1027\">Hygi\u00e8ne et pr\u00e9paration<\/a><\/strong> \u2013 Nettoyage du c\u00f4lon, gants, mains soign\u00e9es et utilisation correcte des lubrifiants<\/p>\n\n<p><strong><a href=\"https:\/\/fist.club\/fr\/fisting-vih\/\" data-type=\"page\" data-id=\"1020\">Fisting et VIH<\/a><\/strong> \u2013 Des faits plut\u00f4t que de la panique\u00a0: risques, protection par des gants, PrEP\/PEP et I=I<\/p>\n\n<p><strong><a href=\"https:\/\/fist.club\/fr\/fisting-hepatite\/\" data-type=\"page\" data-id=\"1023\">Fisting et h\u00e9patite<\/a><\/strong>\u00a0: pourquoi la vaccination est-elle si importante et comment mieux se prot\u00e9ger\u00a0?<\/p>\n\n<p><strong><a href=\"https:\/\/fist.club\/fr\/fisting-ist\/\" data-type=\"page\" data-id=\"1025\">Fisting et autres IST<\/a><\/strong> \u2013 Syphilis, gonorrh\u00e9e, chlamydia et compagnie expliqu\u00e9es de mani\u00e8re compr\u00e9hensible<\/p>\n\n<p>Notre approche : <strong>ouverte, responsable, sexuellement positive.<\/strong><br\/> Nous voulons r\u00e9duire vos peurs et vous donner les connaissances dont vous avez besoin pour prendre des d\u00e9cisions en toute confiance et en toute libert\u00e9.<\/p>\n\n<p>La sant\u00e9 et la s\u00e9curit\u00e9 ne sont pas un obstacle : elles sont la base pour faire du fisting une <strong>exp\u00e9rience agr\u00e9able, confiante et sans souci<\/strong> .<\/p>\n\n<div class=\"wp-block-stackable-spacer stk-block-spacer stk--no-padding stk-block stk-49ae077\" data-block-id=\"49ae077\"><\/div>\n","protected":false},"excerpt":{"rendered":"<p>Connaissance. Protection. Confiance. Le fisting est une aventure intense et intime, mais le v\u00e9ritable plaisir n&rsquo;appara\u00eet que lorsque la s\u00e9curit\u00e9 et la sant\u00e9 sont primordiales. Avec une bonne pr\u00e9paration et les connaissances n\u00e9cessaires, vous pouvez minimiser les risques et vous concentrer pleinement sur le plaisir. Sur cette page, vous trouverez tout ce dont vous avez [&hellip;]<\/p>\n","protected":false},"author":2,"featured_media":3798,"parent":0,"menu_order":0,"comment_status":"closed","ping_status":"closed","template":"","meta":{"_gspb_post_css":"","footnotes":""},"class_list":["post-2912","page","type-page","status-publish","has-post-thumbnail","hentry"],"blocksy_meta":[],"_links":{"self":[{"href":"https:\/\/fist.club\/fr\/wp-json\/wp\/v2\/pages\/2912","targetHints":{"allow":["GET"]}}],"collection":[{"href":"https:\/\/fist.club\/fr\/wp-json\/wp\/v2\/pages"}],"about":[{"href":"https:\/\/fist.club\/fr\/wp-json\/wp\/v2\/types\/page"}],"author":[{"embeddable":true,"href":"https:\/\/fist.club\/fr\/wp-json\/wp\/v2\/users\/2"}],"replies":[{"embeddable":true,"href":"https:\/\/fist.club\/fr\/wp-json\/wp\/v2\/comments?post=2912"}],"version-history":[{"count":6,"href":"https:\/\/fist.club\/fr\/wp-json\/wp\/v2\/pages\/2912\/revisions"}],"predecessor-version":[{"id":5176,"href":"https:\/\/fist.club\/fr\/wp-json\/wp\/v2\/pages\/2912\/revisions\/5176"}],"wp:featuredmedia":[{"embeddable":true,"href":"https:\/\/fist.club\/fr\/wp-json\/wp\/v2\/media\/3798"}],"wp:attachment":[{"href":"https:\/\/fist.club\/fr\/wp-json\/wp\/v2\/media?parent=2912"}],"curies":[{"name":"wp","href":"https:\/\/api.w.org\/{rel}","templated":true}]}}