{"id":4298,"date":"2025-08-29T13:26:41","date_gmt":"2025-08-29T11:26:41","guid":{"rendered":"https:\/\/fist.club\/contact\/"},"modified":"2025-08-29T16:53:00","modified_gmt":"2025-08-29T14:53:00","slug":"contact","status":"publish","type":"page","link":"https:\/\/fist.club\/fr\/contact\/","title":{"rendered":"Contact"},"content":{"rendered":"\n<div class=\"wp-block-stackable-spacer stk-block-spacer stk--no-padding stk-block stk-a4980ee\" data-block-id=\"a4980ee\"><\/div>\n\n<div class=\"wp-block-stackable-heading stk-block-heading stk-block-heading--v2 stk-block stk-f6ef7c9\" id=\"strong-reich-uns-deine-hand-strong\" data-block-id=\"f6ef7c9\"><h2 class=\"stk-block-heading__text\"><strong>Tendez-nous la main !<\/strong><\/h2><\/div>\n\n<p>Qu&rsquo;il s&rsquo;agisse d&rsquo;\u00e9loges, de critiques ou d&rsquo;id\u00e9es folles, aucun commentaire n&rsquo;est trop profond pour nous. <\/p>\n\n<p>Nous prenons en compte tout ce qui nous fait avancer ensemble. <\/p>\n\n<p>Mettez tout dans le formulaire et faites du Fist Club une communaut\u00e9 encore plus g\u00e9niale.<\/p>\n\n<form action=\"https:\/\/formsubmit.co\/3e1941feea3b724026531c3780871cbc\" method=\"POST\">\n  <!-- Spam-Schutz deaktivieren -->\n  <input type=\"hidden\" name=\"_captcha\" value=\"false\"\/>\n  <!-- Weiterleitung nach Absenden -->\n  <input type=\"hidden\" name=\"_next\" value=\"https:\/\/fist.club\/fr\/danke\/\"\/>\n\n  <!-- Anrede -->\n  <label for=\"anrede\">Civilit\u00e9<\/label><br\/>  <select id=\"anrede\" name=\"Anrede\">\n    <option value=\"\">Veuillez s\u00e9lectionner<\/option>\n    <option value=\"Herr\">M.<\/option>\n    <option value=\"Frau\">Mme<\/option>\n    <option value=\"Divers\">Divers<\/option>\n  <\/select>\n  <br\/><br\/>\n  <!-- Vorname -->\n  <label for=\"vorname\">Pr\u00e9nom *<\/label><br\/>  <input type=\"text\" id=\"vorname\" name=\"Vorname\" required=\"\"\/>\n  <br\/><br\/>\n  <!-- E-Mail -->\n  <label for=\"email\">E-mail *<\/label><br\/>  <input type=\"email\" id=\"email\" name=\"E-Mail\" required=\"\"\/>\n  <br\/><br\/>\n  <!-- Land -->\n  <label for=\"land\">Pays *<\/label><br\/>  <select id=\"land\" name=\"Land\" required=\"\">\n    <option value=\"\">Veuillez choisir<\/option>\n    <option value=\"Deutschland\">Allemagne<\/option>\n    <option value=\"\u00d6sterreich\">Autriche<\/option>\n    <option value=\"Schweiz\">Suisse<\/option>\n    <option value=\"Frankreich\">France<\/option>\n    <option value=\"Spanien\">Espagne<\/option>\n    <option value=\"Italien\">Italie<\/option>\n    <option value=\"Niederlande\">Pays-Bas<\/option>\n    <option value=\"Belgien\">Belgique<\/option>\n    <option value=\"Vereinigtes K\u00f6nigreich\">Royaume-Uni<\/option>\n    <option value=\"Vereinigte Staaten\">\u00c9tats-Unis<\/option>\n    <option value=\"Kanada\">Canada<\/option>\n    <option value=\"Australien\">Australie<\/option>\n    <option value=\"Brasilien\">Br\u00e9sil<\/option>\n    <option value=\"Indien\">Inde<\/option>\n    <option value=\"China\">Chine<\/option>\n    <option value=\"Japan\">Japon<\/option>\n    <!-- Ab hier alphabetisch -->\n    <option value=\"Afghanistan\">Afghanistan<\/option>\n    <option value=\"Albanien\">Albanie<\/option>\n    <option value=\"Algerien\">Alg\u00e9rie<\/option>\n    <option value=\"Andorra\">Andorre<\/option>\n    <option value=\"Angola\">Angola<\/option>\n    <option value=\"Argentinien\">Argentine<\/option>\n    <option value=\"Armenien\">Arm\u00e9nie<\/option>\n    <option value=\"Aserbaidschan\">Azerba\u00efdjan<\/option>\n    <option value=\"\u00c4thiopien\">\u00c9thiopie<\/option>\n    <option value=\"Bahamas\">Bahamas<\/option>\n    <option value=\"Bahrain\">Bahre\u00efn<\/option>\n    <option value=\"Bangladesch\">Bangladesh<\/option>\n    <option value=\"Belize\">Belize<\/option>\n    <option value=\"Bolivien\">Bolivie<\/option>\n    <option value=\"Bosnien und Herzegowina\">Bosnie-Herz\u00e9govine<\/option>\n    <option value=\"Bulgarien\">Bulgarie<\/option>\n    <option value=\"Chile\">Chili<\/option>\n    <option value=\"D\u00e4nemark\">Danemark<\/option>\n    <option value=\"Dominikanische Republik\">R\u00e9publique dominicaine<\/option>\n    <option value=\"Ecuador\">\u00c9quateur<\/option>\n    <option value=\"\u00c4gypten\">\u00c9gypte<\/option>\n    <option value=\"Estland\">Estonie<\/option>\n    <option value=\"Finnland\">Finlande<\/option>\n    <option value=\"Griechenland\">Gr\u00e8ce<\/option>\n    <option value=\"Irland\">Irlande<\/option>\n    <option value=\"Island\">Islande<\/option>\n    <option value=\"Luxemburg\">Luxembourg<\/option>\n    <option value=\"Malta\">Malte<\/option>\n    <option value=\"Mexiko\">Mexique<\/option>\n    <option value=\"Neuseeland\">Nouvelle-Z\u00e9lande<\/option>\n    <option value=\"Norwegen\">Norv\u00e8ge<\/option>\n    <option value=\"Polen\">Pologne<\/option>\n    <option value=\"Portugal\">Portugal<\/option>\n    <option value=\"Rum\u00e4nien\">Roumanie<\/option>\n    <option value=\"Russland\">Russie<\/option>\n    <option value=\"Schweden\">Su\u00e8de<\/option>\n    <option value=\"Serbien\">Serbie<\/option>\n    <option value=\"Singapur\">Singapour<\/option>\n    <option value=\"Slowakei\">Slovaquie<\/option>\n    <option value=\"Slowenien\">Slov\u00e9nie<\/option>\n    <option value=\"S\u00fcdafrika\">Afrique du Sud<\/option>\n    <option value=\"S\u00fcdkorea\">Cor\u00e9e du Sud<\/option>\n    <option value=\"Thailand\">Tha\u00eflande<\/option>\n    <option value=\"Tschechien\">Tch\u00e9quie<\/option>\n    <option value=\"T\u00fcrkei\">Turquie<\/option>\n    <option value=\"Ukraine\">Ukraine<\/option>\n    <option value=\"Ungarn\">Hongrie<\/option>\n    <option value=\"Venezuela\">Venezuela<\/option>\n    <option value=\"Vietnam\">Vietnam<\/option>\n    <option value=\"Zypern\">Chypre<\/option>\n    <!-- usw. f\u00fcr alle weiteren L\u00e4nder -->\n  <\/select>\n  <br\/><br\/>\n  <!-- Nachricht -->\n  <label for=\"nachricht\">Message *<\/label><br\/>  <textarea id=\"nachricht\" name=\"Nachricht\" rows=\"5\" required=\"\"><\/textarea>\n  <br\/><br\/>\n  <button type=\"submit\">Envoyer<\/button>\n<\/form>\n\n\n<div class=\"wp-block-stackable-spacer stk-block-spacer stk--no-padding stk-block stk-d46f820\" data-block-id=\"d46f820\"><\/div>\n","protected":false},"excerpt":{"rendered":"<p>Tendez-nous la main ! Qu&rsquo;il s&rsquo;agisse d&rsquo;\u00e9loges, de critiques ou d&rsquo;id\u00e9es folles, aucun commentaire n&rsquo;est trop profond pour nous. Nous prenons en compte tout ce qui nous fait avancer ensemble. Mettez tout dans le formulaire et faites du Fist Club une communaut\u00e9 encore plus g\u00e9niale. Civilit\u00e9 Veuillez s\u00e9lectionnerM.MmeDivers Pr\u00e9nom * E-mail * Pays * Veuillez [&hellip;]<\/p>\n","protected":false},"author":2,"featured_media":4238,"parent":0,"menu_order":0,"comment_status":"closed","ping_status":"closed","template":"","meta":{"_gspb_post_css":"","footnotes":""},"class_list":["post-4298","page","type-page","status-publish","has-post-thumbnail","hentry"],"blocksy_meta":{"page_structure_type":"type-3","styles_descriptor":{"styles":{"desktop":"","tablet":"","mobile":""},"google_fonts":[],"version":6}},"_links":{"self":[{"href":"https:\/\/fist.club\/fr\/wp-json\/wp\/v2\/pages\/4298","targetHints":{"allow":["GET"]}}],"collection":[{"href":"https:\/\/fist.club\/fr\/wp-json\/wp\/v2\/pages"}],"about":[{"href":"https:\/\/fist.club\/fr\/wp-json\/wp\/v2\/types\/page"}],"author":[{"embeddable":true,"href":"https:\/\/fist.club\/fr\/wp-json\/wp\/v2\/users\/2"}],"replies":[{"embeddable":true,"href":"https:\/\/fist.club\/fr\/wp-json\/wp\/v2\/comments?post=4298"}],"version-history":[{"count":4,"href":"https:\/\/fist.club\/fr\/wp-json\/wp\/v2\/pages\/4298\/revisions"}],"predecessor-version":[{"id":4373,"href":"https:\/\/fist.club\/fr\/wp-json\/wp\/v2\/pages\/4298\/revisions\/4373"}],"wp:featuredmedia":[{"embeddable":true,"href":"https:\/\/fist.club\/fr\/wp-json\/wp\/v2\/media\/4238"}],"wp:attachment":[{"href":"https:\/\/fist.club\/fr\/wp-json\/wp\/v2\/media?parent=4298"}],"curies":[{"name":"wp","href":"https:\/\/api.w.org\/{rel}","templated":true}]}}