{"id":4358,"date":"2025-08-29T16:37:27","date_gmt":"2025-08-29T14:37:27","guid":{"rendered":"https:\/\/fist.club\/merci\/"},"modified":"2025-08-29T16:56:04","modified_gmt":"2025-08-29T14:56:04","slug":"merci","status":"publish","type":"page","link":"https:\/\/fist.club\/fr\/merci\/","title":{"rendered":"MERCI"},"content":{"rendered":"\n<div class=\"wp-block-stackable-spacer stk-block-spacer stk--no-padding stk-block stk-5d7535a\" data-block-id=\"5d7535a\"><\/div>\n\n<div class=\"wp-block-stackable-heading stk-block-heading stk-block-heading--v2 stk-block stk-7aa7032\" id=\"danke-wir-haben-deine-nachricht\" data-block-id=\"7aa7032\"><h2 class=\"stk-block-heading__text\">Merci, nous avons bien re\u00e7u votre message\u00a0!<\/h2><\/div>\n\n<p>Fist Club Europe e.V. est synonyme de plaisir, de confiance et de visibilit\u00e9. En nous contactant, vous faites partie d\u2019une communaut\u00e9 qui partage ses connaissances, respecte les limites et cr\u00e9e un espace pour des rencontres intenses. <\/p>\n\n<p>Suivez-nous sur <a href=\"https:\/\/instagram.com\/fist.club.europe?utm_source=chatgpt.com\" target=\"_blank\" rel=\"noreferrer noopener\">Instagram<\/a> pour rester au c\u0153ur de l\u2019actualit\u00e9.<br\/>D\u00e9couvrez d\u2019autres guides, r\u00e9cits et sources d\u2019inspiration directement sur la <a href=\"https:\/\/fist.club\/fr\/\" data-type=\"page\" data-id=\"734\">page d\u2019accueil<\/a>.<\/p>\n\n<p>\u00c0 bient\u00f4t, et merci de vous engager avec nous pour la libert\u00e9, la proximit\u00e9 et une v\u00e9ritable passion.<\/p>\n\n<div class=\"wp-block-stackable-spacer stk-block-spacer stk--no-padding stk-block stk-e4d256e\" data-block-id=\"e4d256e\"><\/div>\n","protected":false},"excerpt":{"rendered":"<p>Merci, nous avons bien re\u00e7u votre message\u00a0! Fist Club Europe e.V. est synonyme de plaisir, de confiance et de visibilit\u00e9. En nous contactant, vous faites partie d\u2019une communaut\u00e9 qui partage ses connaissances, respecte les limites et cr\u00e9e un espace pour des rencontres intenses. Suivez-nous sur Instagram pour rester au c\u0153ur de l\u2019actualit\u00e9.D\u00e9couvrez d\u2019autres guides, r\u00e9cits [&hellip;]<\/p>\n","protected":false},"author":2,"featured_media":4238,"parent":0,"menu_order":0,"comment_status":"closed","ping_status":"closed","template":"","meta":{"_gspb_post_css":"","footnotes":""},"class_list":["post-4358","page","type-page","status-publish","has-post-thumbnail","hentry"],"blocksy_meta":[],"_links":{"self":[{"href":"https:\/\/fist.club\/fr\/wp-json\/wp\/v2\/pages\/4358","targetHints":{"allow":["GET"]}}],"collection":[{"href":"https:\/\/fist.club\/fr\/wp-json\/wp\/v2\/pages"}],"about":[{"href":"https:\/\/fist.club\/fr\/wp-json\/wp\/v2\/types\/page"}],"author":[{"embeddable":true,"href":"https:\/\/fist.club\/fr\/wp-json\/wp\/v2\/users\/2"}],"replies":[{"embeddable":true,"href":"https:\/\/fist.club\/fr\/wp-json\/wp\/v2\/comments?post=4358"}],"version-history":[{"count":2,"href":"https:\/\/fist.club\/fr\/wp-json\/wp\/v2\/pages\/4358\/revisions"}],"predecessor-version":[{"id":4379,"href":"https:\/\/fist.club\/fr\/wp-json\/wp\/v2\/pages\/4358\/revisions\/4379"}],"wp:featuredmedia":[{"embeddable":true,"href":"https:\/\/fist.club\/fr\/wp-json\/wp\/v2\/media\/4238"}],"wp:attachment":[{"href":"https:\/\/fist.club\/fr\/wp-json\/wp\/v2\/media?parent=4358"}],"curies":[{"name":"wp","href":"https:\/\/api.w.org\/{rel}","templated":true}]}}