{"id":2647,"date":"2025-06-18T11:37:33","date_gmt":"2025-06-18T09:37:33","guid":{"rendered":"https:\/\/fist.club\/informazioni-sul-fisting\/"},"modified":"2025-10-29T09:52:56","modified_gmt":"2025-10-29T08:52:56","slug":"informazioni-sul-fisting","status":"publish","type":"page","link":"https:\/\/fist.club\/it\/informazioni-sul-fisting\/","title":{"rendered":"Informazioni sul fisting"},"content":{"rendered":"\n<div class=\"wp-block-stackable-spacer stk-block-spacer stk--no-padding stk-block stk-f9e5b02\" data-block-id=\"f9e5b02\"><\/div>\n\n<div class=\"wp-block-stackable-heading stk-block-heading stk-block-heading--v2 stk-block stk-aedecc5\" id=\"strong-intimitat-vertrauen-wissen-strong\" data-block-id=\"aedecc5\"><h2 class=\"stk-block-heading__text\"><strong>Intimit\u00e0. Fiducia. Conoscenza.  <\/strong><\/h2><\/div>\n\n<p>Il fisting \u00e8 una delle forme pi\u00f9 intense di intimit\u00e0 sessuale, e molto pi\u00f9 di una semplice tecnica. \u00c8 un gioco di fiducia, comunicazione e devozione che pu\u00f2 creare un legame profondo tra i partner. Allo stesso tempo, \u00e8 una pratica che richiede consapevolezza e conoscenza per essere vissuta in modo sicuro e appagante.  <\/p>\n\n<p>In questa pagina troverai tutto ci\u00f2 che ti serve per una solida introduzione o per approfondire le tue conoscenze:<\/p>\n\n<p><strong><a href=\"https:\/\/fist.club\/it\/glossario-e-termini-del-fisting\/\" data-type=\"page\" data-id=\"1009\">Glossario e termini<\/a><\/strong> : spiegazioni comprensibili dei termini tecnici pi\u00f9 importanti.<\/p>\n\n<p><strong><a href=\"https:\/\/fist.club\/it\/fisting-per-principianti\/\" data-type=\"page\" data-id=\"1012\">Fisting per principianti<\/a><\/strong> : i primi passi, consigli per la preparazione e tecniche sicure.<\/p>\n\n<p><strong><a href=\"https:\/\/fist.club\/it\/fisting-avanzato\/\" data-type=\"page\" data-id=\"1014\">Tecniche avanzate<\/a><\/strong> : per chi vuole approfondire e scoprire nuove dimensioni del piacere.<\/p>\n\n<p><strong><a href=\"https:\/\/fist.club\/it\/salute-sicurezza\/\" data-type=\"page\" data-id=\"1016\">Salute e sicurezza<\/a><\/strong> : igiene, consigli per un sesso sicuro e informazioni mediche per un divertimento spensierato.<\/p>\n\n<p><strong><a href=\"https:\/\/fist.club\/it\/testimonianze-e-storie\/\" data-type=\"page\" data-id=\"1039\">Testimonianze<\/a><\/strong> : storie sincere dalla comunit\u00e0.<\/p>\n\n<p>Il nostro approccio: <strong>rispettoso, obiettivo, positivo nei confronti del sesso.<\/strong><br\/> Non vogliamo scioccare, ma istruire tutti coloro che sono curiosi, hanno domande o vogliono approfondire le proprie esperienze.<\/p>\n\n<p>Il fisting non \u00e8 una questione di dolore, ma <strong>di consenso, comunicazione e gioia dell&#8217;intimit\u00e0.<\/strong> Se sei pronto ad abbracciarlo, si apre un mondo di nuove sensazioni: sicure, intense e meravigliose.<\/p>\n\n<div class=\"wp-block-stackable-spacer stk-block-spacer stk--no-padding stk-block stk-9afac34\" data-block-id=\"9afac34\"><\/div>\n","protected":false},"excerpt":{"rendered":"<p>Intimit\u00e0. Fiducia. Conoscenza. Il fisting \u00e8 una delle forme pi\u00f9 intense di intimit\u00e0 sessuale, e molto pi\u00f9 di una semplice tecnica. \u00c8 un gioco di fiducia, comunicazione e devozione che pu\u00f2 creare un legame profondo tra i partner. Allo stesso tempo, \u00e8 una pratica che richiede consapevolezza e conoscenza per essere vissuta in modo sicuro [&hellip;]<\/p>\n","protected":false},"author":2,"featured_media":4238,"parent":0,"menu_order":0,"comment_status":"closed","ping_status":"closed","template":"","meta":{"_gspb_post_css":"#gspb_row-id-gsbp-0442d19,#gspb_row-id-gsbp-3e2c0c7{justify-content:space-between;margin-top:0;margin-bottom:0;display:flex;flex-wrap:wrap}#gspb_row-id-gsbp-3e2c0c7>.gspb_row__content{display:flex;justify-content:space-between;margin:0 auto;width:100%;flex-wrap:wrap}div[id^=gspb_col-id]{box-sizing:border-box;position:relative;padding:var(--gs-row-column-padding, 15px min(3vw, 20px))}body.gspb-bodyfront #gspb_row-id-gsbp-3e2c0c7>.gspb_row__content{width:var(--theme-container-width, 1200px);max-width:var(--theme-normal-container-max-width, 1200px)}#gspb_col-id-gsbp-aada4a75-53c5.gspb_row__col--9{width:75%}@media (max-width:575.98px){#gspb_col-id-gsbp-aada4a75-53c5.gspb_row__col--9{width:100%}}@media (min-width:992px){body.gspb-bodyfront #gspb_col-id-gsbp-aada4a75-53c5.gspb_row__col--9{width:calc(70% - 0px - 0px)}}.gspb_row #gspb_col-id-gsbp-57c8c99.gspb_row__col--4,.gspb_row #gspb_col-id-gsbp-aada4a75-53c5.gspb_row__col--9{padding:0}#gspb_col-id-gsbp-aada4a75-53c5.gspb_row__col--9{background-color:var(--wp--preset--color--palette-color-6, var(--theme-palette-color-6, #000000))}body #gspb_col-id-gsbp-aada4a75-53c5.gspb_row__col--9{display:flex;flex-direction:column;justify-content:space-between}.gspb_container-id-gsbp-e4601aa{flex-direction:column;box-sizing:border-box}#gspb_container-id-gsbp-2bd420f.gspb_container>p:last-of-type,#gspb_container-id-gsbp-544256c.gspb_container>p:last-of-type,#gspb_container-id-gsbp-5d4f295.gspb_container>p:last-of-type,#gspb_container-id-gsbp-665db20.gspb_container>p:last-of-type,#gspb_container-id-gsbp-b5f179f.gspb_container>p:last-of-type,#gspb_container-id-gsbp-e4601aa.gspb_container>p:last-of-type,#gspb_container-id-gsbp-fa285de.gspb_container>p:last-of-type{margin-bottom:0}#gspb_container-id-gsbp-e4601aa.gspb_container{position:relative;padding:30px;background-color:var(--wp--preset--color--palette-color-6, var(--theme-palette-color-6, #000000))}#gspb_row-id-gsbp-0442d19>.gspb_row__content{display:flex;margin:0 auto;width:100%;flex-wrap:wrap;justify-content:flex-start}.gspb_row{position:relative}body.gspb-bodyfront #gspb_row-id-gsbp-0442d19>.gspb_row__content{width:var(--theme-container-width, 1200px);max-width:var(--theme-normal-container-max-width, 1200px)}#gspb_col-id-gsbp-57c8c99.gspb_row__col--4{width:33.333333333333336%}@media (max-width:575.98px){#gspb_col-id-gsbp-57c8c99.gspb_row__col--4{width:100%}}.gspb_container-id-gsbp-fa285de{flex-direction:column;box-sizing:border-box}#gspb_container-id-gsbp-fa285de.gspb_container{position:relative;transition:all .2s ease;margin-bottom:0;padding:30px}#gspb_container-id-gsbp-fa285de.gspb_container,#gspb_container-id-gsbp-fa285de.gspb_container>.gspb_backgroundOverlay{border-top-left-radius:10px;border-top-right-radius:10px;border-bottom-right-radius:10px;border-bottom-left-radius:10px}#gspb_container-id-gsbp-fa285de.gspb_container:hover{background-color:var(--wp--preset--color--palette-color-7, var(--theme-palette-color-7, #323232))!important}#gspb_container-id-gsbp-fa285de.gspb_container .gspb-containerlink{position:absolute;top:0;left:0;right:0;bottom:0;z-index:1}#gspb_heading-id-gsbp-692043c{text-transform:uppercase;font-size:14px;margin-top:0;margin-bottom:5px}.gspb-hoverparent-233:hover #gspb_heading-id-gsbp-692043c{color:var(--wp--preset--color--palette-color-6, var(--theme-palette-color-6, #000000))}.gspb_text-id-gsbp-a6a4713{font-size:13px;text-align:left!important}.gspb_text-id-gsbp-a6a4713 .gsap-g-line{text-align:left!important}@media (max-width:575.98px){.gspb_text-id-gsbp-a6a4713,.gspb_text-id-gsbp-a6a4713 .gsap-g-line{text-align:center!important}}.gspb_text-id-gsbp-a6a4713{color:#696767;margin-bottom:0!important}#gspb_col-id-gsbp-3b1fc26.gspb_row__col--4{width:33.333333333333336%}@media (max-width:575.98px){#gspb_col-id-gsbp-3b1fc26.gspb_row__col--4{width:100%}}.gspb_row #gspb_col-id-gsbp-3b1fc26.gspb_row__col--4{padding:0}.gspb_container-id-gsbp-2bd420f{flex-direction:column;box-sizing:border-box}#gspb_container-id-gsbp-2bd420f.gspb_container{position:relative;transition:all .2s ease;padding:30px}#gspb_container-id-gsbp-2bd420f.gspb_container,#gspb_container-id-gsbp-2bd420f.gspb_container>.gspb_backgroundOverlay{border-top-left-radius:10px;border-top-right-radius:10px;border-bottom-right-radius:10px;border-bottom-left-radius:10px}#gspb_container-id-gsbp-2bd420f.gspb_container:hover{background-color:var(--wp--preset--color--palette-color-7, var(--theme-palette-color-7, #323232))!important}#gspb_container-id-gsbp-2bd420f.gspb_container .gspb-containerlink{position:absolute;top:0;left:0;right:0;bottom:0;z-index:1}.gspb-hoverparent-198:hover #gspb_heading-id-gsbp-7fdb8da{color:#000}.gspb_text-id-gsbp-ce4eb94{font-size:13px;text-align:left!important}.gspb_text-id-gsbp-ce4eb94 .gsap-g-line{text-align:left!important}@media (max-width:575.98px){.gspb_text-id-gsbp-ce4eb94,.gspb_text-id-gsbp-ce4eb94 .gsap-g-line{text-align:center!important}}.gspb_text-id-gsbp-ce4eb94{color:#696767;margin-bottom:0!important}#gspb_col-id-gsbp-f68043a.gspb_row__col--4{width:33.333333333333336%}@media (max-width:575.98px){#gspb_col-id-gsbp-f68043a.gspb_row__col--4{width:100%}}.gspb_row #gspb_col-id-gsbp-f68043a.gspb_row__col--4{padding:0}.gspb_container-id-gsbp-b5f179f{flex-direction:column;box-sizing:border-box}#gspb_container-id-gsbp-b5f179f.gspb_container{position:relative;transition:all .2s ease;padding:30px}#gspb_container-id-gsbp-b5f179f.gspb_container,#gspb_container-id-gsbp-b5f179f.gspb_container>.gspb_backgroundOverlay{border-top-left-radius:10px;border-top-right-radius:10px;border-bottom-right-radius:10px;border-bottom-left-radius:10px}#gspb_container-id-gsbp-b5f179f.gspb_container:hover{background-color:var(--wp--preset--color--palette-color-7, var(--theme-palette-color-7, #323232))!important}#gspb_container-id-gsbp-b5f179f.gspb_container .gspb-containerlink{position:absolute;top:0;left:0;right:0;bottom:0;z-index:1}#gspb_heading-id-gsbp-39fa180,#gspb_heading-id-gsbp-7fdb8da{text-transform:uppercase;font-size:14px;margin-top:0;margin-bottom:5px}.gspb-hoverparent-193:hover #gspb_heading-id-gsbp-39fa180{color:#000}.gspb_text-id-gsbp-13d4f84{font-size:13px;text-align:left!important}.gspb_text-id-gsbp-13d4f84 .gsap-g-line{text-align:left!important}@media (max-width:575.98px){.gspb_text-id-gsbp-13d4f84,.gspb_text-id-gsbp-13d4f84 .gsap-g-line{text-align:center!important}}.gspb_text-id-gsbp-13d4f84{color:#696767;margin-bottom:0!important}#gspb_col-id-gsbp-929848d.gspb_row__col--4{width:33.333333333333336%}@media (max-width:575.98px){#gspb_col-id-gsbp-929848d.gspb_row__col--4{width:100%}}.gspb_row #gspb_col-id-gsbp-929848d.gspb_row__col--4{padding:0}.gspb_container-id-gsbp-665db20{flex-direction:column;box-sizing:border-box}#gspb_container-id-gsbp-665db20.gspb_container{position:relative;transition:all .2s ease;padding:30px;background-color:var(--wp--preset--color--palette-color-8, var(--theme-palette-color-8, #000000))}#gspb_container-id-gsbp-665db20.gspb_container,#gspb_container-id-gsbp-665db20.gspb_container>.gspb_backgroundOverlay{border-top-left-radius:10px;border-top-right-radius:10px;border-bottom-right-radius:10px;border-bottom-left-radius:10px}#gspb_container-id-gsbp-665db20.gspb_container:hover{background-color:var(--wp--preset--color--palette-color-7, var(--theme-palette-color-7, #323232))!important}#gspb_container-id-gsbp-665db20.gspb_container .gspb-containerlink{position:absolute;top:0;left:0;right:0;bottom:0;z-index:1}.gspb-hoverparent-2:hover #gspb_heading-id-gsbp-80ca8d2{color:#000}.gspb_text-id-gsbp-88014f1{font-size:13px;text-align:left!important}.gspb_text-id-gsbp-88014f1 .gsap-g-line{text-align:left!important}@media (max-width:575.98px){.gspb_text-id-gsbp-88014f1,.gspb_text-id-gsbp-88014f1 .gsap-g-line{text-align:center!important}}.gspb_text-id-gsbp-88014f1{color:#696767;margin-bottom:0!important}#gspb_col-id-gsbp-8e8f2bf.gspb_row__col--4{width:33.333333333333336%}@media (max-width:575.98px){#gspb_col-id-gsbp-8e8f2bf.gspb_row__col--4{width:100%}}.gspb_row #gspb_col-id-gsbp-8e8f2bf.gspb_row__col--4{padding:0}.gspb_container-id-gsbp-5d4f295{flex-direction:column;box-sizing:border-box}#gspb_container-id-gsbp-5d4f295.gspb_container{position:relative;transition:all .2s ease;padding:30px}#gspb_container-id-gsbp-5d4f295.gspb_container,#gspb_container-id-gsbp-5d4f295.gspb_container>.gspb_backgroundOverlay{border-top-left-radius:10px;border-top-right-radius:10px;border-bottom-right-radius:10px;border-bottom-left-radius:10px}#gspb_container-id-gsbp-5d4f295.gspb_container:hover{background-color:var(--wp--preset--color--palette-color-7, var(--theme-palette-color-7, #323232))!important}#gspb_container-id-gsbp-5d4f295.gspb_container .gspb-containerlink{position:absolute;top:0;left:0;right:0;bottom:0;z-index:1}#gspb_heading-id-gsbp-80ca8d2,#gspb_heading-id-gsbp-b936088{text-transform:uppercase;font-size:14px;margin-top:0;margin-bottom:5px}.gspb-hoverparent-39:hover #gspb_heading-id-gsbp-b936088{color:#000}.gspb_text-id-gsbp-ccf54c9{font-size:13px;text-align:left!important}.gspb_text-id-gsbp-ccf54c9 .gsap-g-line{text-align:left!important}@media (max-width:575.98px){.gspb_text-id-gsbp-ccf54c9,.gspb_text-id-gsbp-ccf54c9 .gsap-g-line{text-align:center!important}}.gspb_text-id-gsbp-ccf54c9{color:#696767;margin-bottom:0!important}.gspb_container-id-gsbp-544256c{flex-direction:column;box-sizing:border-box}#gspb_container-id-gsbp-544256c.gspb_container{position:relative;border-top-style:solid;border-top-width:1px;border-top-color:var(--wp--preset--color--palette-color-6, var(--theme-palette-color-6, #f4f4f5));background-color:var(--wp--preset--color--palette-color-6, var(--theme-palette-color-6, #000000))}","footnotes":""},"class_list":["post-2647","page","type-page","status-publish","has-post-thumbnail","hentry"],"blocksy_meta":[],"_links":{"self":[{"href":"https:\/\/fist.club\/it\/wp-json\/wp\/v2\/pages\/2647","targetHints":{"allow":["GET"]}}],"collection":[{"href":"https:\/\/fist.club\/it\/wp-json\/wp\/v2\/pages"}],"about":[{"href":"https:\/\/fist.club\/it\/wp-json\/wp\/v2\/types\/page"}],"author":[{"embeddable":true,"href":"https:\/\/fist.club\/it\/wp-json\/wp\/v2\/users\/2"}],"replies":[{"embeddable":true,"href":"https:\/\/fist.club\/it\/wp-json\/wp\/v2\/comments?post=2647"}],"version-history":[{"count":4,"href":"https:\/\/fist.club\/it\/wp-json\/wp\/v2\/pages\/2647\/revisions"}],"predecessor-version":[{"id":5134,"href":"https:\/\/fist.club\/it\/wp-json\/wp\/v2\/pages\/2647\/revisions\/5134"}],"wp:featuredmedia":[{"embeddable":true,"href":"https:\/\/fist.club\/it\/wp-json\/wp\/v2\/media\/4238"}],"wp:attachment":[{"href":"https:\/\/fist.club\/it\/wp-json\/wp\/v2\/media?parent=2647"}],"curies":[{"name":"wp","href":"https:\/\/api.w.org\/{rel}","templated":true}]}}