{"id":2670,"date":"2025-06-19T15:15:13","date_gmt":"2025-06-19T13:15:13","guid":{"rendered":"https:\/\/fist.club\/chi-siamo\/"},"modified":"2025-08-29T11:21:32","modified_gmt":"2025-08-29T09:21:32","slug":"chi-siamo","status":"publish","type":"page","link":"https:\/\/fist.club\/it\/chi-siamo\/","title":{"rendered":"Chi siamo"},"content":{"rendered":"\n<div class=\"wp-block-stackable-spacer stk-block-spacer stk--no-padding stk-block stk-e4e8313\" data-block-id=\"e4e8313\"><\/div>\n\n<h2 class=\"wp-block-heading\" id=\"wer-wir-sind-warum-es-uns-gibt\">Chi siamo &amp; perch\u00e9 esistiamo<\/h2>\n\n<p>Il <strong>Fist Club Europe e.V.<\/strong> \u00e8 un&#8217;associazione ombrello che opera a livello internazionale e una vivace comunit\u00e0 incentrata sulla pratica sessuale del fisting. Fondata sulla profonda convinzione che la gestione responsabile, l&#8217;educazione approfondita e la visibilit\u00e0 sociale siano di importanza essenziale, creiamo uno spazio per lo scambio, l&#8217;empowerment e l&#8217;autodeterminazione.  <\/p>\n\n<p>Mentre la sessualit\u00e0 umana \u00e8 sempre pi\u00f9 discussa apertamente, il fisting rimane spesso nell&#8217;ombra. Pregiudizi, disinformazione e invisibilit\u00e0 sociale fanno s\u00ec che manchi un confronto oggettivo e rispettoso. Questa stigmatizzazione favorisce incertezze e pratiche rischiose. \u00c8 proprio qui che vediamo il nostro compito e la nostra responsabilit\u00e0.    <\/p>\n\n<div class=\"wp-block-stackable-heading stk-block-heading stk-block-heading--v2 stk-block stk-d1a9f6d\" id=\"strong-wir-sind-mehr-als-ein-club-wir-wollen-strong-nbsp\" data-block-id=\"d1a9f6d\"><h4 class=\"stk-block-heading__text\"><strong>Siamo pi\u00f9 di un club. Vogliamo: <\/strong> <\/h4><\/div>\n\n<div class=\"wp-block-stackable-heading stk-block-heading stk-block-heading--v2 stk-block stk-e013f3a\" id=\"strong-aufklarung-amp-information-fordern-strong\" data-block-id=\"e013f3a\"><h5 class=\"stk-block-heading__text\"><strong>Promuovere educazione &amp; informazione:<\/strong> <\/h5><\/div>\n\n<p>Forniamo conoscenze fondate, facilmente comprensibili e che sfatano i tab\u00f9 \u2013 dalle tecniche e pratiche di sesso sicuro alle misure essenziali di igiene e salute, fino all&#8217;importanza del consenso. Facciamo chiarezza, sfatiamo i miti e permettiamo un approccio informato, autodeterminato e sicuro al tema del fisting anale.  <\/p>\n\n<div class=\"wp-block-stackable-heading stk-block-heading stk-block-heading--v2 stk-block stk-80e8460\" id=\"strong-grundung-neuer-fist-clubs-auf-nationaler-europaischer-und-internationaler-ebene-unterstutzen-strong\" data-block-id=\"80e8460\"><h5 class=\"stk-block-heading__text\"><strong>Sostenere la fondazione di nuovi Fist Club a livello nazionale, europeo e internazionale:<\/strong> <\/h5><\/div>\n\n<p>Promuoviamo attivamente la creazione e la rete di nuovi Fist Club locali, nazionali e internazionali. A tal fine, offriamo consulenza completa sui contenuti, supporto organizzativo e assistenza pratica. Inoltre, sosteniamo finanziariamente fondatori e club impegnati affinch\u00e9 possano realizzare le loro idee e costruire strutture solide e sostenibili.   <\/p>\n\n<div class=\"wp-block-stackable-heading stk-block-heading stk-block-heading--v2 stk-block stk-17470b2\" id=\"strong-community-solidaritat-amp-vernetzung-starken-strong-nbsp\" data-block-id=\"17470b2\"><h5 class=\"stk-block-heading__text\"><strong>Rafforzare la comunit\u00e0, la solidariet\u00e0 &amp; il networking:<\/strong> <\/h5><\/div>\n\n<p>Offriamo uno spazio rispettoso e protetto per conversazioni aperte, supporto reciproco e la costruzione di reti solide. La nostra associazione vive dello scambio di esperienze personali, dell&#8217;apprendimento collettivo e della collaborazione solidale con partner e iniziative locali e internazionali.  <\/p>\n\n<div class=\"wp-block-stackable-heading stk-block-heading stk-block-heading--v2 stk-block stk-23cf3e1\" id=\"strong-akzeptanz-amp-sichtbarkeit-vorantreiben-strong-nbsp\" data-block-id=\"23cf3e1\"><h5 class=\"stk-block-heading__text\"><strong>Promuovere accettazione &amp; visibilit\u00e0:<\/strong> <\/h5><\/div>\n\n<p>Ci opponiamo attivamente a pregiudizi, stigmatizzazione e incomprensioni sociali. Ci impegniamo per una cultura in cui il fisting sia riconosciuto, accettato e trattato con rispetto come parte naturale di una sessualit\u00e0 responsabile e consensuale.  <\/p>\n\n<div class=\"wp-block-stackable-heading stk-block-heading stk-block-heading--v2 stk-block stk-b7b81a2\" id=\"strong-praventionsarbeit-amp-gesundheitsforderung-leisten-strong-nbsp\" data-block-id=\"b7b81a2\"><h5 class=\"stk-block-heading__text\"><strong>Svolgere lavoro di prevenzione &amp; promozione della salute:<\/strong> <\/h5><\/div>\n\n<p>Sviluppiamo e diffondiamo linee guida chiare per un approccio sicuro e responsabile alle pratiche di fisting. Attraverso un&#8217;educazione sanitaria mirata, promuoviamo la consapevolezza della salute fisica e psicologica nel contesto della nostra comunit\u00e0.  <\/p>\n\n<div class=\"wp-block-stackable-heading stk-block-heading stk-block-heading--v2 stk-block stk-a6edab1\" id=\"strong-fur-wen-sind-wir-da-strong-nbsp\" data-block-id=\"a6edab1\"><h5 class=\"stk-block-heading__text\"><strong>A chi ci rivolgiamo?<\/strong> <\/h5><\/div>\n\n<p>La nostra associazione si rivolge in particolare, ma non esclusivamente, a uomini gay, bisessuali e altri uomini che fanno sesso con uomini (MSM), poich\u00e9 il fisting ha un significato e una diffusione particolari in questa comunit\u00e0. Allo stesso tempo, le nostre porte sono espressamente aperte a tutte le persone \u2013 indipendentemente dal sesso, dall&#8217;orientamento sessuale o dall&#8217;identit\u00e0 \u2013 che desiderano affrontare il fisting in modo responsabile, interessato e basato sui fatti. L&#8217;unico requisito \u00e8 un atteggiamento rispettoso e il rispetto incondizionato dei principi di consenso, sicurezza e rispetto reciproco.   <\/p>\n\n<p>Insieme rompiamo i tab\u00f9, superiamo i pregiudizi e promuoviamo un approccio informato, rispettoso e soprattutto piacevole al tema del fisting. Perch\u00e9 conoscenza, visibilit\u00e0 e comunit\u00e0 sono i nostri strumenti pi\u00f9 potenti per esperienze sicure e appaganti.  <\/p>\n\n<div class=\"wp-block-stackable-separator alignfull stk-block-separator stk--no-padding stk-block stk-a1bf0eb\" data-block-id=\"a1bf0eb\"><div class=\"stk-block-separator__inner\"><svg xmlns=\"http:\/\/www.w3.org\/2000\/svg\" viewBox=\"0 0 1600 200\" class=\"stk-separator__layer-1\" preserveAspectRatio=\"none\" aria-hidden=\"true\"><path d=\"M1610.5 189.1s-128.2-82.6-138.2-89.2c-17.1-11.3-37.2-15.5-87-18.1-49.7-2.6-753.6-40.7-783.9-42.3-30.3-1.5-81.1-1.3-121.1 8.2S-9.5 163.2-9.5 163.2v50h1620v-24.1z\"><\/path><\/svg><\/div><\/div>\n","protected":false},"excerpt":{"rendered":"<p>Chi siamo &amp; perch\u00e9 esistiamo Il Fist Club Europe e.V. \u00e8 un&#8217;associazione ombrello che opera a livello internazionale e una vivace comunit\u00e0 incentrata sulla pratica sessuale del fisting. Fondata sulla profonda convinzione che la gestione responsabile, l&#8217;educazione approfondita e la visibilit\u00e0 sociale siano di importanza essenziale, creiamo uno spazio per lo scambio, l&#8217;empowerment e l&#8217;autodeterminazione. [&hellip;]<\/p>\n","protected":false},"author":2,"featured_media":4181,"parent":0,"menu_order":0,"comment_status":"closed","ping_status":"closed","template":"","meta":{"_gspb_post_css":"","footnotes":""},"class_list":["post-2670","page","type-page","status-publish","has-post-thumbnail","hentry"],"blocksy_meta":{"page_structure_type":"type-3","styles_descriptor":{"styles":{"desktop":"","tablet":"","mobile":""},"google_fonts":[],"version":6}},"_links":{"self":[{"href":"https:\/\/fist.club\/it\/wp-json\/wp\/v2\/pages\/2670","targetHints":{"allow":["GET"]}}],"collection":[{"href":"https:\/\/fist.club\/it\/wp-json\/wp\/v2\/pages"}],"about":[{"href":"https:\/\/fist.club\/it\/wp-json\/wp\/v2\/types\/page"}],"author":[{"embeddable":true,"href":"https:\/\/fist.club\/it\/wp-json\/wp\/v2\/users\/2"}],"replies":[{"embeddable":true,"href":"https:\/\/fist.club\/it\/wp-json\/wp\/v2\/comments?post=2670"}],"version-history":[{"count":2,"href":"https:\/\/fist.club\/it\/wp-json\/wp\/v2\/pages\/2670\/revisions"}],"predecessor-version":[{"id":4147,"href":"https:\/\/fist.club\/it\/wp-json\/wp\/v2\/pages\/2670\/revisions\/4147"}],"wp:featuredmedia":[{"embeddable":true,"href":"https:\/\/fist.club\/it\/wp-json\/wp\/v2\/media\/4181"}],"wp:attachment":[{"href":"https:\/\/fist.club\/it\/wp-json\/wp\/v2\/media?parent=2670"}],"curies":[{"name":"wp","href":"https:\/\/api.w.org\/{rel}","templated":true}]}}