{"id":2725,"date":"2025-06-19T15:15:03","date_gmt":"2025-06-19T13:15:03","guid":{"rendered":"https:\/\/fist.club\/lassociazione\/"},"modified":"2025-09-11T16:19:34","modified_gmt":"2025-09-11T14:19:34","slug":"lassociazione","status":"publish","type":"page","link":"https:\/\/fist.club\/it\/lassociazione\/","title":{"rendered":"L&#8217;Unione"},"content":{"rendered":"\n<div class=\"wp-block-stackable-spacer stk-block-spacer stk--no-padding stk-block stk-8623362\" data-block-id=\"8623362\"><\/div>\n\n<div class=\"wp-block-stackable-heading stk-block-heading stk-block-heading--v2 stk-block stk-79232b5\" id=\"strong-gemeinschaft-aufklarung-sichtbarkeit-strong\" data-block-id=\"79232b5\"><h2 class=\"stk-block-heading__text\"><strong>Comunit\u00e0. Illuminazione. Visibilit\u00e0.  <\/strong><\/h2><\/div>\n\n<p>Il <strong>Fist Club Europe eV<\/strong> \u00e8 molto pi\u00f9 di un club: siamo una rete internazionale e una comunit\u00e0 vivace impegnata nel fisting responsabile, nella formazione informata e nella visibilit\u00e0 sociale. Il nostro obiettivo: <strong>condividere conoscenze, sfatare miti e creare spazi sicuri per gli incontri.<\/strong> <\/p>\n\n<p>In questa pagina scoprirai cosa ci spinge e come puoi diventare parte del nostro movimento:<\/p>\n\n<p><strong><a href=\"https:\/\/fist.club\/it\/chi-siamo\/\" data-type=\"page\" data-id=\"1077\">Chi siamo<\/a><\/strong> : chi siamo, cosa rappresentiamo e la visione alla base dell&#8217;organizzazione.<\/p>\n\n<p><strong><a href=\"https:\/\/fist.club\/it\/partner-e-collaborazioni\/\" data-type=\"page\" data-id=\"1083\">Partner e collaborazioni<\/a><\/strong> : le nostre reti nella comunit\u00e0 queer e BDSM. Insieme possiamo raggiungere obiettivi ancora pi\u00f9 ambiziosi. <\/p>\n\n<p><strong><a href=\"https:\/\/fist.club\/it\/diventa-membro\/\" data-type=\"page\" data-id=\"1086\">Diventa socio<\/a><\/strong> : sostieni il nostro lavoro, diventa parte della comunit\u00e0 e plasma il futuro insieme a noi.<\/p>\n\n<p>Il nostro approccio: <strong>rispettoso, solidale e positivo nei confronti del sesso.<\/strong><br\/> Promuoviamo lo scambio, il sostegno reciproco e il networking internazionale, aperti a tutti coloro che desiderano praticare il fisting in modo responsabile e indipendente.<\/p>\n\n<p>Insieme rompiamo i tab\u00f9, superiamo i pregiudizi e creiamo visibilit\u00e0, per una <strong>cultura del fisting illuminata, sicura e piacevole.<\/strong><\/p>\n\n<div class=\"wp-block-stackable-spacer stk-block-spacer stk--no-padding stk-block stk-14efe72\" data-block-id=\"14efe72\"><\/div>\n","protected":false},"excerpt":{"rendered":"<p>Comunit\u00e0. Illuminazione. Visibilit\u00e0. Il Fist Club Europe eV \u00e8 molto pi\u00f9 di un club: siamo una rete internazionale e una comunit\u00e0 vivace impegnata nel fisting responsabile, nella formazione informata e nella visibilit\u00e0 sociale. Il nostro obiettivo: condividere conoscenze, sfatare miti e creare spazi sicuri per gli incontri. In questa pagina scoprirai cosa ci spinge e [&hellip;]<\/p>\n","protected":false},"author":2,"featured_media":3807,"parent":0,"menu_order":0,"comment_status":"closed","ping_status":"closed","template":"","meta":{"_gspb_post_css":"","footnotes":""},"class_list":["post-2725","page","type-page","status-publish","has-post-thumbnail","hentry"],"blocksy_meta":[],"_links":{"self":[{"href":"https:\/\/fist.club\/it\/wp-json\/wp\/v2\/pages\/2725","targetHints":{"allow":["GET"]}}],"collection":[{"href":"https:\/\/fist.club\/it\/wp-json\/wp\/v2\/pages"}],"about":[{"href":"https:\/\/fist.club\/it\/wp-json\/wp\/v2\/types\/page"}],"author":[{"embeddable":true,"href":"https:\/\/fist.club\/it\/wp-json\/wp\/v2\/users\/2"}],"replies":[{"embeddable":true,"href":"https:\/\/fist.club\/it\/wp-json\/wp\/v2\/comments?post=2725"}],"version-history":[{"count":5,"href":"https:\/\/fist.club\/it\/wp-json\/wp\/v2\/pages\/2725\/revisions"}],"predecessor-version":[{"id":5165,"href":"https:\/\/fist.club\/it\/wp-json\/wp\/v2\/pages\/2725\/revisions\/5165"}],"wp:featuredmedia":[{"embeddable":true,"href":"https:\/\/fist.club\/it\/wp-json\/wp\/v2\/media\/3807"}],"wp:attachment":[{"href":"https:\/\/fist.club\/it\/wp-json\/wp\/v2\/media?parent=2725"}],"curies":[{"name":"wp","href":"https:\/\/api.w.org\/{rel}","templated":true}]}}