{"id":2898,"date":"2025-06-23T14:29:52","date_gmt":"2025-06-23T12:29:52","guid":{"rendered":"https:\/\/fist.club\/comunicati-stampa\/"},"modified":"2025-08-29T10:25:01","modified_gmt":"2025-08-29T08:25:01","slug":"comunicati-stampa","status":"publish","type":"page","link":"https:\/\/fist.club\/it\/comunicati-stampa\/","title":{"rendered":"Comunicati stampa"},"content":{"rendered":"\n<div class=\"wp-block-stackable-spacer stk-block-spacer stk--no-padding stk-block stk-b766a9f\" data-block-id=\"b766a9f\"><style>.stk-b766a9f {height:100px !important;}<\/style><\/div>\n\n<div class=\"wp-block-stackable-columns stk-block-columns stk-block stk-6e67ac3\" data-block-id=\"6e67ac3\"><div class=\"stk-row stk-inner-blocks stk-block-content stk-content-align stk-6e67ac3-column\">\n<div class=\"wp-block-stackable-column stk-block-column stk-column stk-block stk-08c802d\" data-v=\"4\" data-block-id=\"08c802d\"><style>@media screen and (min-width:690px){.stk-08c802d {flex:var(--stk-flex-grow, 1) 1 66.7% !important;}}<\/style><div class=\"stk-column-wrapper stk-block-column__content stk-container stk-08c802d-container stk--no-background stk--no-padding\"><div class=\"stk-block-content stk-inner-blocks stk-08c802d-inner-blocks\">\n<h5 class=\"wp-block-heading\" id=\"fist-club-europe-e-v-ruft-den-05-mai-als-internationalen-tag-des-fistens-aus\"><strong>Fist Club Europe e.V. proclama il 5 maggio come \u201cGiornata Internazionale del Fisting\u201d<\/strong><\/h5>\n\n\n\n<p>Berlino, 25\/04\/2025<\/p>\n\n\n\n<p>Berlino, 5 maggio 2025 \u2013 Il Fist Club Europe e.V. istituisce ufficialmente il 5 maggio come nuova \u201cGiornata Internazionale del Fisting\u201d. L&#8217;associazione con sede a Berlino intende cos\u00ec creare visibilit\u00e0, sensibilizzazione e accettazione per una pratica sessuale \u2013 in particolare all&#8217;interno della comunit\u00e0 gay, ma anche oltre. <\/p>\n\n\n\n<p>\u201cIl fisting \u00e8 pi\u00f9 che una semplice tecnica sessuale \u2013 \u00e8 un&#8217;espressione di intimit\u00e0, fiducia e libert\u00e0. Il 5 maggio dovrebbe essere un giorno in cui rendiamo visibile questa pratica con rispetto, orgoglio e sensibilizzazione\u201d, spiega Balian Richter, portavoce del Fist Club Europe.<\/p>\n\n\n\n<p><strong>Una nuova giornata per l&#8217;autodeterminazione corporea e la diversit\u00e0 sessuale<\/strong><\/p>\n\n\n\n<p>Il fisting \u00e8 una pratica fisicamente intensa che richiede un alto grado di comunicazione, consenso e fiducia.<\/p>\n\n\n\n<p>\u201cVediamo un&#8217;urgente necessit\u00e0 non solo di aumentare la visibilit\u00e0, ma soprattutto di sfatare attivamente i miti e di consentire un discorso oggettivo e consapevole della salute sul fisting, basato sui fatti\u201d, afferma Balian Richter, portavoce del Fist Club Europe e.V.<\/p>\n<\/div><\/div><\/div>\n\n\n\n<div class=\"wp-block-stackable-column stk-block-column stk-column stk-block stk-38471a9\" data-v=\"4\" data-block-id=\"38471a9\"><style>@media screen and (min-width:690px){.stk-38471a9 {flex:var(--stk-flex-grow, 1) 1 33.3% !important;}}<\/style><div class=\"stk-column-wrapper stk-block-column__content stk-container stk-38471a9-container stk--no-background stk--no-padding\"><div class=\"stk-block-content stk-inner-blocks stk-38471a9-inner-blocks\">\n<figure class=\"wp-block-image size-large\"><img decoding=\"async\" width=\"872\" height=\"1024\" src=\"https:\/\/fist.club\/wp-content\/uploads\/2025\/08\/2aaaahaaaaa-1744x2048-1-872x1024.png\" alt=\"Logo Fist Club\" class=\"wp-image-3525\" srcset=\"https:\/\/fist.club\/wp-content\/uploads\/2025\/08\/2aaaahaaaaa-1744x2048-1-872x1024.png 872w, https:\/\/fist.club\/wp-content\/uploads\/2025\/08\/2aaaahaaaaa-1744x2048-1-255x300.png 255w, https:\/\/fist.club\/wp-content\/uploads\/2025\/08\/2aaaahaaaaa-1744x2048-1-768x902.png 768w, https:\/\/fist.club\/wp-content\/uploads\/2025\/08\/2aaaahaaaaa-1744x2048-1-1308x1536.png 1308w, https:\/\/fist.club\/wp-content\/uploads\/2025\/08\/2aaaahaaaaa-1744x2048-1.png 1744w\" sizes=\"(max-width: 872px) 100vw, 872px\" \/><\/figure>\n<\/div><\/div><\/div>\n<\/div><\/div>\n\n<div class=\"wp-block-stackable-columns stk-block-columns stk-block stk-d552103\" data-block-id=\"d552103\"><div class=\"stk-row stk-inner-blocks stk-block-content stk-content-align stk-d552103-column\">\n<div class=\"wp-block-stackable-column stk-block-column stk-column stk-block stk-93598a4\" data-v=\"4\" data-block-id=\"93598a4\"><style>.stk-93598a4-container{max-width:1250px !important;min-width:auto !important;margin-right:auto !important;margin-left:auto !important;}<\/style><div class=\"stk-column-wrapper stk-block-column__content stk-container stk-93598a4-container stk--no-background stk--no-padding\"><div class=\"stk-block-content stk-inner-blocks stk-93598a4-inner-blocks\">\n<p><strong>Perch\u00e9 il 5 maggio?<\/strong><\/p>\n\n\n\n<p>La scelta della data non \u00e8 un caso: il numero 5 simboleggia le cinque dita della mano \u2013 l&#8217;elemento centrale di questa pratica. La doppia cifra \u2013 05.05. \u2013 risulta efficace, chiara e facilmente comunicabile. La giornata dovrebbe essere un simbolo mondiale per una forma di intimit\u00e0 sessuale che spesso viene vissuta privatamente, ma \u00e8 saldamente radicata in molte realt\u00e0 di vita queer.   <\/p>\n\n\n\n<p><strong>Distinzione dal 21 ottobre<\/strong><\/p>\n\n\n\n<p>L&#8217;\u201cInternational Fisting Day\u201d (21 ottobre) gi\u00e0 esistente \u00e8 stato avviato nel 2011 negli USA e si concentra principalmente sulla censura e la rappresentazione nella pornografia. Il 5 maggio, invece, si concentra sulla pratica vissuta all&#8217;interno della comunit\u00e0 gay mondiale \u2013 con tutte le sue sfaccettature, differenze culturali e significati personali. <\/p>\n\n\n\n<p>\u201cIl nostro obiettivo non \u00e8 la concorrenza, ma l&#8217;integrazione. Creiamo una giornata che nasce dal cuore della comunit\u00e0 \u2013 visibile, aperta, consapevole e rispettosa\u201d, afferma Balian Richter.<\/p>\n\n\n\n<p>\u201cInvitiamo i media, le organizzazioni nel campo della salute sessuale e la comunit\u00e0 a utilizzare il 5 maggio come stimolo per una sensibilizzazione approfondita\u201d, continua Richter. \u201cQuesta giornata dovrebbe essere un evento annuale per sottolineare l&#8217;importanza della conoscenza, della sicurezza e del consenso nel contesto del fisting a livello mondiale.\u201d <\/p>\n\n\n\n<p>L&#8217;associazione prevede di accompagnare questo giorno in futuro con proprie iniziative e offerte informative. Ulteriori informazioni sul sito web <a href=\"https:\/\/www.fistingday.org\" target=\"_blank\" rel=\"noreferrer noopener\"><strong>www.fistingday.org<\/strong><\/a>.<\/p>\n\n\n\n<p>Siamo lieti se questa giornata verr\u00e0 resa pubblica attraverso una copertura mediatica di accompagnamento. Qualora fossero necessarie ulteriori informazioni o materiali per la vostra redazione, saremo lieti di fornirle. <\/p>\n\n\n\n<div class=\"wp-block-stackable-divider stk-block-divider stk-block stk-a329189\" data-block-id=\"a329189\"><style>.stk-a329189 {margin-top:var(--stk--preset--spacing--50, 1.5rem) !important;margin-bottom:50px !important;}<\/style><hr class=\"stk-block-divider__hr\"\/><\/div>\n\n\n\n<h5 class=\"wp-block-heading\" id=\"heute-ist-der-erste-internationale-tag-des-fistens-fur-alle-die-mehr-wissen-wollen\"><strong>Oggi \u00e8 la prima Giornata Internazionale del Fisting \u2013 per tutti coloro che vogliono saperne di pi\u00f9.<\/strong><\/h5>\n\n\n\n<p>Berlino, 05 maggio 2025<\/p>\n\n\n\n<p>Con il 5 maggio di oggi, il Fist Club Europe e.V. istituisce la <strong>Giornata Internazionale del Fisting<\/strong>. L&#8217;obiettivo \u00e8 far uscire dall&#8217;ombra una pratica sessuale raramente trattata pubblicamente \u2013 non con il dito puntato, ma con apertura, competenza e rispetto. <\/p>\n\n\n\n<p>\u201c<strong>Non vogliamo convertire, scioccare o mettere in imbarazzo nessuno.<\/strong> Il nostro unico scopo \u00e8 offrire una piattaforma alle persone che desiderano approfondire il tema del fisting per onesto interesse \u2013 che siano gay, etero o da qualche parte nel mezzo\u201d, spiega il portavoce Balian Richter.<\/p>\n\n\n\n<p>L&#8217;associazione con sede a Berlino intende il fisting non solo come tecnica, ma come espressione di intimit\u00e0, fiducia e autodeterminazione sessuale.<\/p>\n\n\n\n<p>La scelta della data non \u00e8 un caso: il numero 5 simboleggia le cinque dita della mano \u2013 l&#8217;elemento centrale di questa pratica. Il 05.05. \u2013 con il suo doppio cinque simbolico \u2013 segna una giornata che rappresenta una forma di intimit\u00e0 fisica saldamente radicata in molte sessualit\u00e0 individuali e tuttavia raramente viene nominata pubblicamente.  <\/p>\n\n\n\n<p><strong>Sensibilizzazione invece di allarmismo \u2013 e rispetto per la curiosit\u00e0<\/strong><\/p>\n\n\n\n<p>Il fisting richiede un alto grado di comunicazione, consenso e conoscenza igienica. \u00c8 proprio qui che interviene il Fist Club Europe e.V.: con offerte informative e formati digitali basati su conoscenze fondate ed esperienza pratica. \u201cNon puntiamo sulla provocazione, ma sull&#8217;affidabilit\u00e0. Il nostro obiettivo \u00e8 dare orientamento alle persone interessate \u2013 senza drammi, senza clich\u00e9\u201d, afferma Richter.  <\/p>\n\n\n\n<p>L&#8217;associazione si rivolge esplicitamente a persone di tutti gli orientamenti sessuali che sono curiose, hanno domande o hanno gi\u00e0 maturato esperienze. \u201c<strong>Il nostro obiettivo non \u00e8 rendere il fisting adatto alle masse. Il nostro obiettivo \u00e8 sensibilizzare \u2013 per coloro che vogliono davvero saperne di pi\u00f9 <\/strong>\u201d, continua Richter.<\/p>\n\n\n\n<p><strong>Una giornata per la conoscenza, il rispetto e la maturit\u00e0 sessuale<\/strong><\/p>\n\n\n\n<p>La Giornata Internazionale del Fisting si intende come un&#8217;iniziativa della comunit\u00e0 \u2013 aperta e oggettiva. Dovrebbe servire annualmente in futuro a fornire informazioni oggettive su pratiche sicure, consenso, requisiti fisici e aspetti emotivi. <\/p>\n\n\n\n<p>Perch\u00e9 chi si informa pu\u00f2 decidere consapevolmente \u2013 per il proprio corpo, i propri limiti e il proprio piacere.<\/p>\n\n\n\n<p>Ulteriori informazioni sul sito web <a href=\"https:\/\/www.fistingday.org\" target=\"_blank\" rel=\"noreferrer noopener\"><strong>www.fistingday.org<\/strong><\/a>.<\/p>\n\n\n\n<div class=\"wp-block-stackable-divider stk-block-divider stk-block stk-3be73fc\" data-block-id=\"3be73fc\"><style>.stk-3be73fc {margin-top:var(--stk--preset--spacing--50, 1.5rem) !important;margin-bottom:50px !important;}<\/style><hr class=\"stk-block-divider__hr\"\/><\/div>\n\n\n\n<h5 class=\"wp-block-heading\" id=\"grundung-des-fist-club-europe-e-v-aufklarung-community-und-vernetzung-fur-eine-oft-tabuisierte-sexualpraktik\"><strong>Fondazione del Fist Club Europe e.V. \u2013 Sensibilizzazione, comunit\u00e0 e networking per una pratica sessuale spesso tabuizzata<\/strong><\/h5>\n\n\n\n<p>Berlino, 11\/04\/2025<\/p>\n\n\n\n<p>Con la fondazione del <strong>Fist Club Europe e.V.<\/strong> a Berlino nasce un nuovo punto di riferimento per le persone che si impegnano per un approccio aperto, rispettoso e sicuro alla pratica sessuale del fisting anale. Mentre altre pratiche sessuali sono state sempre pi\u00f9 sdoganate negli ultimi anni, il fisting anale rimane spesso escluso dalla percezione pubblica. <\/p>\n\n\n\n<p>Ci\u00f2 non \u00e8 dovuto solo a pregiudizi o ignoranza, ma anche al fatto che il confronto sociale con i temi sessuali \u00e8 per lo pi\u00f9 caratterizzato da convenzioni, tendenze mediatiche o narrazioni eteronormative. \u201c<strong>Il nostro obiettivo \u00e8 fornire conoscenze fondate, abbattere i pregiudizi e creare uno spazio protetto per lo scambio all&#8217;interno della comunit\u00e0<\/strong>\u201d, spiega Balian Richter, portavoce dell&#8217;associazione. \u201c<strong>Il fisting anale \u00e8 spesso frainteso o trattato come un argomento di nicchia, mentre \u00e8 una pratica che ha una lunga tradizione in molte comunit\u00e0 \u2013 in particolare tra gli uomini gay. Allo stesso tempo, sta acquisendo sempre pi\u00f9 importanza anche negli ambienti eterosessuali. <\/strong>\u201d<\/p>\n\n\n\n<p>L&#8217;associazione si impegna nei seguenti ambiti:<\/p>\n\n\n\n<ul class=\"wp-block-list\">\n<li><strong>Sensibilizzazione &amp; Prevenzione<\/strong> \u2013 Fornitura di informazioni scientificamente fondate su igiene, aspetti sanitari e pratiche sicure, per minimizzare i rischi e creare maggiore consapevolezza per un consenso responsabile.<\/li>\n\n\n\n<li><strong>Comunit\u00e0 &amp; Networking<\/strong> \u2013 Costruzione di una comunit\u00e0 aperta e di supporto che facilita lo scambio e condivide esperienze.<\/li>\n\n\n\n<li><strong>Rappresentanza degli interessi<\/strong> \u2013 Promozione della visibilit\u00e0 e accettazione della pratica in pubblico, nonch\u00e9 una voce forte per la comunit\u00e0 nei confronti degli attori sociali e politici.<\/li>\n\n\n\n<li><strong>Eventi &amp; Corsi<\/strong> \u2013 Organizzazione di workshop, incontri ed eventi sociali per trasmettere conoscenze ed esperienze.<\/li>\n<\/ul>\n\n\n\n<p>A breve il sito web ufficiale dell&#8217;associazione sar\u00e0 online, dove sia i principianti assoluti che i praticanti esperti potranno trovare informazioni complete e guide. Inoltre, sono previsti corsi online strutturati che permetteranno agli interessati di affrontare la tematica in un ambiente protetto \u2013 indipendentemente dall&#8217;esperienza o dalle conoscenze pregresse. <\/p>\n\n\n\n<p>A lungo termine, la piattaforma offrir\u00e0 un&#8217;opportunit\u00e0 di networking per gli interessati a livello mondiale, al fine di riunire persone con interessi comuni. L&#8217;associazione si rivolge in particolare agli <strong>uomini gay<\/strong>, ma si impegna anche per un pi\u00f9 ampio confronto sociale con il tema. <strong>Anche negli ambienti eterosessuali sta crescendo l&#8217;interesse per il fisting anale, per questo il Fist Club Europe e.V. fornisce specificamente sensibilizzazione e assistenza a tutti coloro che desiderano affrontare questa pratica in modo responsabile e informato<\/strong>. <\/p>\n\n\n\n<p>Inoltre, l&#8217;associazione \u00e8 disponibile come <strong>referente competente per media e portali specializzati<\/strong>. Che si tratti di articoli ospiti, interviste o contributi specialistici \u2013 il Fist Club Europe e.V. offre competenze fondate e una prospettiva differenziata sui temi della salute sessuale, della sensibilizzazione e del lavoro di comunit\u00e0. <br\/><br\/>Per richieste stampa e ulteriori informazioni, si prega di contattare: Balian Richter (press@europe.fist.club).<\/p>\n\n\n\n<p><\/p>\n\n\n\n<p>Il 5 maggio, come Giornata Internazionale del Fisting, avviata dalla nostra associazione, dovrebbe servire specificamente a diffondere conoscenze fondate su pratiche sicure, igiene e consenso e a fungere da punto di riferimento per le domande. Vogliamo colmare una lacuna raggruppando le risorse e creando una piattaforma affidabile per la sensibilizzazione e la prevenzione.\u201d <\/p>\n\n\n\n<div class=\"wp-block-stackable-spacer stk-block-spacer stk--no-padding stk-block stk-7f8e8da\" data-block-id=\"7f8e8da\"><style>.stk-7f8e8da {height:100px !important;}<\/style><\/div>\n<\/div><\/div><\/div>\n<\/div><\/div>\n","protected":false},"excerpt":{"rendered":"<p>Fist Club Europe e.V. proclama il 5 maggio come \u201cGiornata Internazionale del Fisting\u201d Berlino, 25\/04\/2025 Berlino, 5 maggio 2025 \u2013 Il Fist Club Europe e.V. istituisce ufficialmente il 5 maggio come nuova \u201cGiornata Internazionale del Fisting\u201d. L&#8217;associazione con sede a Berlino intende cos\u00ec creare visibilit\u00e0, sensibilizzazione e accettazione per una pratica sessuale \u2013 in particolare [&hellip;]<\/p>\n","protected":false},"author":2,"featured_media":963,"parent":0,"menu_order":0,"comment_status":"closed","ping_status":"closed","template":"","meta":{"_gspb_post_css":"","footnotes":""},"class_list":["post-2898","page","type-page","status-publish","has-post-thumbnail","hentry"],"blocksy_meta":{"page_structure_type":"type-3","styles_descriptor":{"styles":{"desktop":"","tablet":"","mobile":""},"google_fonts":[],"version":6}},"_links":{"self":[{"href":"https:\/\/fist.club\/it\/wp-json\/wp\/v2\/pages\/2898","targetHints":{"allow":["GET"]}}],"collection":[{"href":"https:\/\/fist.club\/it\/wp-json\/wp\/v2\/pages"}],"about":[{"href":"https:\/\/fist.club\/it\/wp-json\/wp\/v2\/types\/page"}],"author":[{"embeddable":true,"href":"https:\/\/fist.club\/it\/wp-json\/wp\/v2\/users\/2"}],"replies":[{"embeddable":true,"href":"https:\/\/fist.club\/it\/wp-json\/wp\/v2\/comments?post=2898"}],"version-history":[{"count":2,"href":"https:\/\/fist.club\/it\/wp-json\/wp\/v2\/pages\/2898\/revisions"}],"predecessor-version":[{"id":4112,"href":"https:\/\/fist.club\/it\/wp-json\/wp\/v2\/pages\/2898\/revisions\/4112"}],"wp:featuredmedia":[{"embeddable":true,"href":"https:\/\/fist.club\/it\/wp-json\/wp\/v2\/media\/963"}],"wp:attachment":[{"href":"https:\/\/fist.club\/it\/wp-json\/wp\/v2\/media?parent=2898"}],"curies":[{"name":"wp","href":"https:\/\/api.w.org\/{rel}","templated":true}]}}