{"id":2911,"date":"2025-06-18T11:53:02","date_gmt":"2025-06-18T09:53:02","guid":{"rendered":"https:\/\/fist.club\/salute-sicurezza\/"},"modified":"2025-09-11T16:19:07","modified_gmt":"2025-09-11T14:19:07","slug":"salute-sicurezza","status":"publish","type":"page","link":"https:\/\/fist.club\/it\/salute-sicurezza\/","title":{"rendered":"Salute e sicurezza"},"content":{"rendered":"\n<div class=\"wp-block-stackable-spacer stk-block-spacer stk--no-padding stk-block stk-24d082c\" data-block-id=\"24d082c\"><\/div>\n\n<div class=\"wp-block-stackable-heading stk-block-heading stk-block-heading--v2 stk-block stk-0b89c80\" id=\"strong-wissen-schutz-vertrauen-strong\" data-block-id=\"0b89c80\"><h2 class=\"stk-block-heading__text\"><strong>Conoscenza. Protezione. Fiducia.  <\/strong><\/h2><\/div>\n\n<p>Il fisting \u00e8 un&#8217;avventura piena di intimit\u00e0 e intensit\u00e0, ma il vero piacere nasce solo quando la sicurezza e la salute sono fondamentali. Con la giusta preparazione e le conoscenze necessarie, \u00e8 possibile ridurre al minimo i rischi e concentrarsi completamente sugli aspetti piacevoli. <\/p>\n\n<p>In questa pagina troverai tutto ci\u00f2 che ti serve per giocare in tutta sicurezza e tranquillit\u00e0:<\/p>\n\n<p><strong><a href=\"https:\/\/fist.club\/it\/safer-fisting-consigli-generali\/\" data-type=\"page\" data-id=\"1018\">Fisting pi\u00f9 sicuro \u2013 Consigli generali<\/a><\/strong> \u2013 dalla comunicazione all\u2019impostazione alla cura successiva<\/p>\n\n<p><strong><a href=\"https:\/\/fist.club\/it\/igiene-e-preparazione\/\" data-type=\"page\" data-id=\"1027\">Igiene e preparazione<\/a><\/strong> : pulizia del colon, guanti, mani ben curate e corretto utilizzo dei lubrificanti<\/p>\n\n<p><strong><a href=\"https:\/\/fist.club\/it\/fisting-e-hiv\/\" data-type=\"page\" data-id=\"1020\">Fisting e HIV<\/a><\/strong> \u2013 Fatti invece del panico: rischi, protezione tramite guanti, PrEP\/PEP e U=U<\/p>\n\n<p><strong><a href=\"https:\/\/fist.club\/it\/fisting-epatite\/\" data-type=\"page\" data-id=\"1023\">Fisting ed epatite<\/a><\/strong> : perch\u00e9 le vaccinazioni sono cos\u00ec importanti e come puoi proteggerti ulteriormente<\/p>\n\n<p><strong><a href=\"https:\/\/fist.club\/it\/fisting-ist\/\" data-type=\"page\" data-id=\"1025\">Fisting e altre malattie sessualmente trasmissibili<\/a><\/strong> : sifilide, gonorrea, clamidia e compagnia spiegate in modo comprensibile<\/p>\n\n<p>Il nostro approccio: <strong>aperto, responsabile, positivo nei confronti del sesso.<\/strong><br\/> Vogliamo ridurre le paure e fornirti le conoscenze necessarie per prendere decisioni sicure e libere.<\/p>\n\n<p>La salute e la sicurezza non sono un problema: sono la base per rendere il fisting un&#8217;esperienza <strong>piacevole, fiduciosa e spensierata<\/strong> .<\/p>\n\n<div class=\"wp-block-stackable-spacer stk-block-spacer stk--no-padding stk-block stk-49ae077\" data-block-id=\"49ae077\"><\/div>\n","protected":false},"excerpt":{"rendered":"<p>Conoscenza. Protezione. Fiducia. Il fisting \u00e8 un&#8217;avventura piena di intimit\u00e0 e intensit\u00e0, ma il vero piacere nasce solo quando la sicurezza e la salute sono fondamentali. Con la giusta preparazione e le conoscenze necessarie, \u00e8 possibile ridurre al minimo i rischi e concentrarsi completamente sugli aspetti piacevoli. In questa pagina troverai tutto ci\u00f2 che ti [&hellip;]<\/p>\n","protected":false},"author":2,"featured_media":3798,"parent":0,"menu_order":0,"comment_status":"closed","ping_status":"closed","template":"","meta":{"_gspb_post_css":"","footnotes":""},"class_list":["post-2911","page","type-page","status-publish","has-post-thumbnail","hentry"],"blocksy_meta":[],"_links":{"self":[{"href":"https:\/\/fist.club\/it\/wp-json\/wp\/v2\/pages\/2911","targetHints":{"allow":["GET"]}}],"collection":[{"href":"https:\/\/fist.club\/it\/wp-json\/wp\/v2\/pages"}],"about":[{"href":"https:\/\/fist.club\/it\/wp-json\/wp\/v2\/types\/page"}],"author":[{"embeddable":true,"href":"https:\/\/fist.club\/it\/wp-json\/wp\/v2\/users\/2"}],"replies":[{"embeddable":true,"href":"https:\/\/fist.club\/it\/wp-json\/wp\/v2\/comments?post=2911"}],"version-history":[{"count":7,"href":"https:\/\/fist.club\/it\/wp-json\/wp\/v2\/pages\/2911\/revisions"}],"predecessor-version":[{"id":5136,"href":"https:\/\/fist.club\/it\/wp-json\/wp\/v2\/pages\/2911\/revisions\/5136"}],"wp:featuredmedia":[{"embeddable":true,"href":"https:\/\/fist.club\/it\/wp-json\/wp\/v2\/media\/3798"}],"wp:attachment":[{"href":"https:\/\/fist.club\/it\/wp-json\/wp\/v2\/media?parent=2911"}],"curies":[{"name":"wp","href":"https:\/\/api.w.org\/{rel}","templated":true}]}}