{"id":4309,"date":"2025-08-29T13:26:41","date_gmt":"2025-08-29T11:26:41","guid":{"rendered":"https:\/\/fist.club\/contatti\/"},"modified":"2025-08-29T16:53:00","modified_gmt":"2025-08-29T14:53:00","slug":"contatti","status":"publish","type":"page","link":"https:\/\/fist.club\/it\/contatti\/","title":{"rendered":"Contatti"},"content":{"rendered":"\n<div class=\"wp-block-stackable-spacer stk-block-spacer stk--no-padding stk-block stk-a4980ee\" data-block-id=\"a4980ee\"><\/div>\n\n<div class=\"wp-block-stackable-heading stk-block-heading stk-block-heading--v2 stk-block stk-f6ef7c9\" id=\"strong-reich-uns-deine-hand-strong\" data-block-id=\"f6ef7c9\"><h2 class=\"stk-block-heading__text\"><strong>Contattaci!<\/strong><\/h2><\/div>\n\n<p>Che si tratti di lodi, critiche o idee folli, nessun feedback \u00e8 troppo insignificante per noi. <\/p>\n\n<p>Accettiamo tutto ci\u00f2 che ci fa progredire insieme. <\/p>\n\n<p>Inseriscilo nel modulo e rendi il Fist Club una community ancora pi\u00f9 fantastica.<\/p>\n\n<form action=\"https:\/\/formsubmit.co\/3e1941feea3b724026531c3780871cbc\" method=\"POST\">\n  <!-- Spam-Schutz deaktivieren -->\n  <input type=\"hidden\" name=\"_captcha\" value=\"false\"\/>\n  <!-- Weiterleitung nach Absenden -->\n  <input type=\"hidden\" name=\"_next\" value=\"https:\/\/fist.club\/it\/danke\/\"\/>\n\n  <!-- Anrede -->\n  <label for=\"anrede\">Saluto<\/label><br\/>  <select id=\"anrede\" name=\"Anrede\">\n    <option value=\"\">Seleziona<\/option>\n    <option value=\"Herr\">Signor<\/option>\n    <option value=\"Frau\">Signora<\/option>\n    <option value=\"Divers\">Altro<\/option>\n  <\/select>\n  <br\/><br\/>\n  <!-- Vorname -->\n  <label for=\"vorname\">Nome *<\/label><br\/>  <input type=\"text\" id=\"vorname\" name=\"Vorname\" required=\"\"\/>\n  <br\/><br\/>\n  <!-- E-Mail -->\n  <label for=\"email\">Email *<\/label><br\/>  <input type=\"email\" id=\"email\" name=\"E-Mail\" required=\"\"\/>\n  <br\/><br\/>\n  <!-- Land -->\n  <label for=\"land\">Paese *<\/label><br\/>  <select id=\"land\" name=\"Land\" required=\"\">\n    <option value=\"\">Seleziona<\/option>\n    <option value=\"Deutschland\">Germania<\/option>\n    <option value=\"\u00d6sterreich\">Austria<\/option>\n    <option value=\"Schweiz\">Svizzera<\/option>\n    <option value=\"Frankreich\">Francia<\/option>\n    <option value=\"Spanien\">Spagna<\/option>\n    <option value=\"Italien\">Italia<\/option>\n    <option value=\"Niederlande\">Paesi Bassi<\/option>\n    <option value=\"Belgien\">Belgio<\/option>\n    <option value=\"Vereinigtes K\u00f6nigreich\">Regno Unito<\/option>\n    <option value=\"Vereinigte Staaten\">Stati Uniti<\/option>\n    <option value=\"Kanada\">Canada<\/option>\n    <option value=\"Australien\">Australia<\/option>\n    <option value=\"Brasilien\">Brasile<\/option>\n    <option value=\"Indien\">India<\/option>\n    <option value=\"China\">Cina<\/option>\n    <option value=\"Japan\">Giappone<\/option>\n    <!-- Ab hier alphabetisch -->\n    <option value=\"Afghanistan\">Afghanistan<\/option>\n    <option value=\"Albanien\">Albania<\/option>\n    <option value=\"Algerien\">Algeria<\/option>\n    <option value=\"Andorra\">Andorra<\/option>\n    <option value=\"Angola\">Angola<\/option>\n    <option value=\"Argentinien\">Argentina<\/option>\n    <option value=\"Armenien\">Armenia<\/option>\n    <option value=\"Aserbaidschan\">Azerbaigian<\/option>\n    <option value=\"\u00c4thiopien\">Etiopia<\/option>\n    <option value=\"Bahamas\">Bahamas<\/option>\n    <option value=\"Bahrain\">Bahrain<\/option>\n    <option value=\"Bangladesch\">Bangladesh<\/option>\n    <option value=\"Belize\">Belize<\/option>\n    <option value=\"Bolivien\">Bolivia<\/option>\n    <option value=\"Bosnien und Herzegowina\">Bosnia ed Erzegovina<\/option>\n    <option value=\"Bulgarien\">Bulgaria<\/option>\n    <option value=\"Chile\">Cile<\/option>\n    <option value=\"D\u00e4nemark\">Danimarca<\/option>\n    <option value=\"Dominikanische Republik\">Repubblica Dominicana<\/option>\n    <option value=\"Ecuador\">Ecuador<\/option>\n    <option value=\"\u00c4gypten\">Egitto<\/option>\n    <option value=\"Estland\">Estonia<\/option>\n    <option value=\"Finnland\">Finlandia<\/option>\n    <option value=\"Griechenland\">Grecia<\/option>\n    <option value=\"Irland\">Irlanda<\/option>\n    <option value=\"Island\">Islanda<\/option>\n    <option value=\"Luxemburg\">Lussemburgo<\/option>\n    <option value=\"Malta\">Malta<\/option>\n    <option value=\"Mexiko\">Messico<\/option>\n    <option value=\"Neuseeland\">Nuova Zelanda<\/option>\n    <option value=\"Norwegen\">Norvegia<\/option>\n    <option value=\"Polen\">Polonia<\/option>\n    <option value=\"Portugal\">Portogallo<\/option>\n    <option value=\"Rum\u00e4nien\">Romania<\/option>\n    <option value=\"Russland\">Russia<\/option>\n    <option value=\"Schweden\">Svezia<\/option>\n    <option value=\"Serbien\">Serbia<\/option>\n    <option value=\"Singapur\">Singapore<\/option>\n    <option value=\"Slowakei\">Slovacchia<\/option>\n    <option value=\"Slowenien\">Slovenia<\/option>\n    <option value=\"S\u00fcdafrika\">Sudafrica<\/option>\n    <option value=\"S\u00fcdkorea\">Corea del Sud<\/option>\n    <option value=\"Thailand\">Thailandia<\/option>\n    <option value=\"Tschechien\">Repubblica Ceca<\/option>\n    <option value=\"T\u00fcrkei\">Turchia<\/option>\n    <option value=\"Ukraine\">Ucraina<\/option>\n    <option value=\"Ungarn\">Ungheria<\/option>\n    <option value=\"Venezuela\">Venezuela<\/option>\n    <option value=\"Vietnam\">Vietnam<\/option>\n    <option value=\"Zypern\">Cipro<\/option>\n    <!-- usw. f\u00fcr alle weiteren L\u00e4nder -->\n  <\/select>\n  <br\/><br\/>\n  <!-- Nachricht -->\n  <label for=\"nachricht\">Messaggio *<\/label><br\/>  <textarea id=\"nachricht\" name=\"Nachricht\" rows=\"5\" required=\"\"><\/textarea>\n  <br\/><br\/>\n  <button type=\"submit\">Invia<\/button>\n<\/form>\n\n\n<div class=\"wp-block-stackable-spacer stk-block-spacer stk--no-padding stk-block stk-d46f820\" data-block-id=\"d46f820\"><\/div>\n","protected":false},"excerpt":{"rendered":"<p>Contattaci! Che si tratti di lodi, critiche o idee folli, nessun feedback \u00e8 troppo insignificante per noi. Accettiamo tutto ci\u00f2 che ci fa progredire insieme. Inseriscilo nel modulo e rendi il Fist Club una community ancora pi\u00f9 fantastica. Saluto SelezionaSignorSignoraAltro Nome * Email * Paese * SelezionaGermaniaAustriaSvizzeraFranciaSpagnaItaliaPaesi BassiBelgioRegno UnitoStati UnitiCanadaAustraliaBrasileIndiaCinaGiapponeAfghanistanAlbaniaAlgeriaAndorraAngolaArgentinaArmeniaAzerbaigianEtiopiaBahamasBahrainBangladeshBelizeBoliviaBosnia ed ErzegovinaBulgariaCileDanimarcaRepubblica DominicanaEcuadorEgittoEstoniaFinlandiaGreciaIrlandaIslandaLussemburgoMaltaMessicoNuova ZelandaNorvegiaPoloniaPortogalloRomaniaRussiaSveziaSerbiaSingaporeSlovacchiaSloveniaSudafricaCorea del [&hellip;]<\/p>\n","protected":false},"author":2,"featured_media":4238,"parent":0,"menu_order":0,"comment_status":"closed","ping_status":"closed","template":"","meta":{"_gspb_post_css":"","footnotes":""},"class_list":["post-4309","page","type-page","status-publish","has-post-thumbnail","hentry"],"blocksy_meta":{"page_structure_type":"type-3","styles_descriptor":{"styles":{"desktop":"","tablet":"","mobile":""},"google_fonts":[],"version":6}},"_links":{"self":[{"href":"https:\/\/fist.club\/it\/wp-json\/wp\/v2\/pages\/4309","targetHints":{"allow":["GET"]}}],"collection":[{"href":"https:\/\/fist.club\/it\/wp-json\/wp\/v2\/pages"}],"about":[{"href":"https:\/\/fist.club\/it\/wp-json\/wp\/v2\/types\/page"}],"author":[{"embeddable":true,"href":"https:\/\/fist.club\/it\/wp-json\/wp\/v2\/users\/2"}],"replies":[{"embeddable":true,"href":"https:\/\/fist.club\/it\/wp-json\/wp\/v2\/comments?post=4309"}],"version-history":[{"count":4,"href":"https:\/\/fist.club\/it\/wp-json\/wp\/v2\/pages\/4309\/revisions"}],"predecessor-version":[{"id":4371,"href":"https:\/\/fist.club\/it\/wp-json\/wp\/v2\/pages\/4309\/revisions\/4371"}],"wp:featuredmedia":[{"embeddable":true,"href":"https:\/\/fist.club\/it\/wp-json\/wp\/v2\/media\/4238"}],"wp:attachment":[{"href":"https:\/\/fist.club\/it\/wp-json\/wp\/v2\/media?parent=4309"}],"curies":[{"name":"wp","href":"https:\/\/api.w.org\/{rel}","templated":true}]}}