{"id":2666,"date":"2025-06-23T14:29:52","date_gmt":"2025-06-23T12:29:52","guid":{"rendered":"https:\/\/fist.club\/comunicados-de-imprensa\/"},"modified":"2025-08-29T10:25:10","modified_gmt":"2025-08-29T08:25:10","slug":"comunicados-de-imprensa","status":"publish","type":"page","link":"https:\/\/fist.club\/pt-pt\/comunicados-de-imprensa\/","title":{"rendered":"Comunicados de imprensa"},"content":{"rendered":"\n<div class=\"wp-block-stackable-spacer stk-block-spacer stk--no-padding stk-block stk-b766a9f\" data-block-id=\"b766a9f\"><style>.stk-b766a9f {height:100px !important;}<\/style><\/div>\n\n<div class=\"wp-block-stackable-columns stk-block-columns stk-block stk-6e67ac3\" data-block-id=\"6e67ac3\"><div class=\"stk-row stk-inner-blocks stk-block-content stk-content-align stk-6e67ac3-column\">\n<div class=\"wp-block-stackable-column stk-block-column stk-column stk-block stk-08c802d\" data-v=\"4\" data-block-id=\"08c802d\"><style>@media screen and (min-width:690px){.stk-08c802d {flex:var(--stk-flex-grow, 1) 1 66.7% !important;}}<\/style><div class=\"stk-column-wrapper stk-block-column__content stk-container stk-08c802d-container stk--no-background stk--no-padding\"><div class=\"stk-block-content stk-inner-blocks stk-08c802d-inner-blocks\">\n<h5 class=\"wp-block-heading\" id=\"fist-club-europe-e-v-ruft-den-05-mai-als-internationalen-tag-des-fistens-aus\"><strong>O Fist Club Europe e.V. proclama o dia 5 de maio como o \u201cDia Internacional do Fisting\u201d<\/strong><\/h5>\n\n\n\n<p>Berlim, 25 de abril de 2025<\/p>\n\n\n\n<p>Berlim, 5 de maio de 2025 \u2013 O Fist Club Europe e.V. proclama oficialmente o dia 5 de maio como o novo \u201cDia Internacional do Fisting\u201d. O objetivo da associa\u00e7\u00e3o, sediada em Berlim, \u00e9 criar visibilidade, consciencializa\u00e7\u00e3o e aceita\u00e7\u00e3o para uma pr\u00e1tica sexual \u2013 especialmente dentro da comunidade gay, mas tamb\u00e9m para al\u00e9m dela. <\/p>\n\n\n\n<p>\u201cO fisting \u00e9 mais do que apenas uma t\u00e9cnica sexual \u2013 \u00e9 uma express\u00e3o de intimidade, confian\u00e7a e liberdade. O dia 5 de maio deve ser um dia em que tornamos esta pr\u00e1tica vis\u00edvel com respeito, orgulho e consciencializa\u00e7\u00e3o\u201d, explica Balian Richter, porta-voz do Fist Club Europe.<\/p>\n\n\n\n<p><strong>Um novo dia para a autodetermina\u00e7\u00e3o corporal e a diversidade sexual<\/strong><\/p>\n\n\n\n<p>O fisting \u00e9 uma pr\u00e1tica fisicamente intensa que exige um elevado grau de comunica\u00e7\u00e3o, consensualidade e confian\u00e7a.<\/p>\n\n\n\n<p>\u201cVemos uma necessidade urgente n\u00e3o s\u00f3 de aumentar a visibilidade, mas sobretudo de desmistificar ativamente e permitir um discurso objetivo e consciente sobre a sa\u00fade em rela\u00e7\u00e3o ao fisting, que se baseie em factos\u201d, afirma Balian Richter, porta-voz do Fist Club Europe e.V.<\/p>\n<\/div><\/div><\/div>\n\n\n\n<div class=\"wp-block-stackable-column stk-block-column stk-column stk-block stk-38471a9\" data-v=\"4\" data-block-id=\"38471a9\"><style>@media screen and (min-width:690px){.stk-38471a9 {flex:var(--stk-flex-grow, 1) 1 33.3% !important;}}<\/style><div class=\"stk-column-wrapper stk-block-column__content stk-container stk-38471a9-container stk--no-background stk--no-padding\"><div class=\"stk-block-content stk-inner-blocks stk-38471a9-inner-blocks\">\n<figure class=\"wp-block-image size-large\"><img decoding=\"async\" width=\"872\" height=\"1024\" src=\"https:\/\/fist.club\/wp-content\/uploads\/2025\/08\/2aaaahaaaaa-1744x2048-1-872x1024.png\" alt=\"Log&#xF3;tipo do Fist Club\" class=\"wp-image-3525\" srcset=\"https:\/\/fist.club\/wp-content\/uploads\/2025\/08\/2aaaahaaaaa-1744x2048-1-872x1024.png 872w, https:\/\/fist.club\/wp-content\/uploads\/2025\/08\/2aaaahaaaaa-1744x2048-1-255x300.png 255w, https:\/\/fist.club\/wp-content\/uploads\/2025\/08\/2aaaahaaaaa-1744x2048-1-768x902.png 768w, https:\/\/fist.club\/wp-content\/uploads\/2025\/08\/2aaaahaaaaa-1744x2048-1-1308x1536.png 1308w, https:\/\/fist.club\/wp-content\/uploads\/2025\/08\/2aaaahaaaaa-1744x2048-1.png 1744w\" sizes=\"(max-width: 872px) 100vw, 872px\" \/><\/figure>\n<\/div><\/div><\/div>\n<\/div><\/div>\n\n<div class=\"wp-block-stackable-columns stk-block-columns stk-block stk-d552103\" data-block-id=\"d552103\"><div class=\"stk-row stk-inner-blocks stk-block-content stk-content-align stk-d552103-column\">\n<div class=\"wp-block-stackable-column stk-block-column stk-column stk-block stk-93598a4\" data-v=\"4\" data-block-id=\"93598a4\"><style>.stk-93598a4-container{max-width:1250px !important;min-width:auto !important;margin-right:auto !important;margin-left:auto !important;}<\/style><div class=\"stk-column-wrapper stk-block-column__content stk-container stk-93598a4-container stk--no-background stk--no-padding\"><div class=\"stk-block-content stk-inner-blocks stk-93598a4-inner-blocks\">\n<p><strong>Porqu\u00ea o dia 5 de maio?<\/strong><\/p>\n\n\n\n<p>A escolha da data n\u00e3o \u00e9 aleat\u00f3ria: o n\u00famero 5 simboliza os cinco dedos da m\u00e3o \u2013 o elemento central desta pr\u00e1tica. O n\u00famero duplo \u2013 05.05. \u2013 tem um efeito apelativo, claro e f\u00e1cil de comunicar. O dia deve ser um s\u00edmbolo mundial de uma forma de intimidade sexual que \u00e9 frequentemente vivida em privado, mas que est\u00e1 firmemente enraizada em muitas realidades de vida queer.   <\/p>\n\n\n\n<p><strong>Delimita\u00e7\u00e3o do dia 21 de outubro<\/strong><\/p>\n\n\n\n<p>O j\u00e1 existente \u201cDia Internacional do Fisting\u201d (21 de outubro) foi iniciado em 2011 nos EUA e aborda principalmente a censura e a representa\u00e7\u00e3o na pornografia. O dia 5 de maio, por outro lado, centra-se na pr\u00e1tica vivida dentro da comunidade gay mundial \u2013 com todas as suas facetas, diferen\u00e7as culturais e significados pessoais. <\/p>\n\n\n\n<p>\u201cO nosso objetivo n\u00e3o \u00e9 a concorr\u00eancia, mas sim a complementaridade. Criamos um dia que surge do seio da comunidade \u2013 vis\u00edvel, aberto, autoconfiante e respeitoso\u201d, afirma Balian Richter.<\/p>\n\n\n\n<p>\u201cConvidamos os meios de comunica\u00e7\u00e3o, as organiza\u00e7\u00f5es na \u00e1rea da sa\u00fade sexual e a comunidade a utilizarem o dia 5 de maio como um impulso para uma consciencializa\u00e7\u00e3o fundamentada\u201d, continua Richter. \u201cEste dia deve ser um evento anual para sublinhar a import\u00e2ncia do conhecimento, da seguran\u00e7a e da consensualidade no contexto do fisting em todo o mundo.\u201d <\/p>\n\n\n\n<p>A associa\u00e7\u00e3o planeia acompanhar este dia no futuro com as suas pr\u00f3prias a\u00e7\u00f5es e ofertas de informa\u00e7\u00e3o. Mais informa\u00e7\u00f5es no s\u00edtio Web <a href=\"https:\/\/www.fistingday.org\" target=\"_blank\" rel=\"noreferrer noopener\"><strong>www.fistingday.org<\/strong><\/a>.<\/p>\n\n\n\n<p>Agradecemos que este dia seja divulgado atrav\u00e9s de reportagens de acompanhamento. Se a vossa reda\u00e7\u00e3o necessitar de mais informa\u00e7\u00f5es ou materiais, teremos todo o prazer em disponibiliz\u00e1-los. <\/p>\n\n\n\n<div class=\"wp-block-stackable-divider stk-block-divider stk-block stk-a329189\" data-block-id=\"a329189\"><style>.stk-a329189 {margin-top:var(--stk--preset--spacing--50, 1.5rem) !important;margin-bottom:50px !important;}<\/style><hr class=\"stk-block-divider__hr\"\/><\/div>\n\n\n\n<h5 class=\"wp-block-heading\" id=\"heute-ist-der-erste-internationale-tag-des-fistens-fur-alle-die-mehr-wissen-wollen\"><strong>Hoje \u00e9 o primeiro Dia Internacional do Fisting \u2013 para todos os que querem saber mais.<\/strong><\/h5>\n\n\n\n<p>Berlim, 05 de maio de 2025<\/p>\n\n\n\n<p>Com o dia de hoje, 5 de maio, o Fist Club Europe e.V. lan\u00e7a o <strong>Dia Internacional do Fisting<\/strong>. O objetivo \u00e9 retirar das sombras uma pr\u00e1tica sexual raramente abordada publicamente \u2013 n\u00e3o com o dedo em riste, mas com abertura, conhecimento especializado e respeito. <\/p>\n\n\n\n<p>\u201c<strong>N\u00e3o queremos converter, chocar ou envergonhar ningu\u00e9m.<\/strong> O nosso \u00fanico objetivo \u00e9 oferecer uma plataforma a pessoas que queiram abordar o tema do fisting com um interesse genu\u00edno \u2013 sejam gays, heteros ou algo interm\u00e9dio\u201d, explica o porta-voz Balian Richter.<\/p>\n\n\n\n<p>A associa\u00e7\u00e3o, sediada em Berlim, entende o fisting n\u00e3o s\u00f3 como uma t\u00e9cnica, mas tamb\u00e9m como uma express\u00e3o de intimidade, confian\u00e7a e autodetermina\u00e7\u00e3o sexual.<\/p>\n\n\n\n<p>A escolha da data n\u00e3o \u00e9 aleat\u00f3ria: o n\u00famero 5 simboliza os cinco dedos da m\u00e3o \u2013 o elemento central desta pr\u00e1tica. O dia 05.05. \u2013 com o seu duplo cinco simb\u00f3lico \u2013 marca um dia que representa uma forma de intimidade f\u00edsica que est\u00e1 firmemente enraizada em muitas sexualidades individuais e que, no entanto, raramente \u00e9 mencionada publicamente.  <\/p>\n\n\n\n<p><strong>Consciencializa\u00e7\u00e3o em vez de alarmismo \u2013 e respeito pela curiosidade<\/strong><\/p>\n\n\n\n<p>O fisting exige um elevado grau de comunica\u00e7\u00e3o, consensualidade e conhecimento higi\u00e9nico. \u00c9 precisamente aqui que o Fist Club Europe e.V. entra em a\u00e7\u00e3o: com ofertas de informa\u00e7\u00e3o e formatos digitais que se baseiam em conhecimento fundamentado e experi\u00eancia pr\u00e1tica. \u201cN\u00e3o apostamos na provoca\u00e7\u00e3o, mas sim na fiabilidade. O nosso objetivo \u00e9 dar orienta\u00e7\u00e3o a pessoas interessadas \u2013 sem drama, sem clich\u00e9s\u201d, afirma Richter.  <\/p>\n\n\n\n<p>A associa\u00e7\u00e3o dirige-se expressamente a pessoas de todas as orienta\u00e7\u00f5es sexuais que sejam curiosas, tenham perguntas ou j\u00e1 tenham tido experi\u00eancias. \u201e<strong>O nosso objetivo n\u00e3o \u00e9 tornar o fisting adequado para as massas. O nosso objetivo \u00e9 consciencializar \u2013 para aqueles que realmente querem saber mais <\/strong>\u201c, continua Richter.<\/p>\n\n\n\n<p><strong>Um dia para o conhecimento, o respeito e a maturidade sexual<\/strong><\/p>\n\n\n\n<p>O Dia Internacional do Fisting entende-se como uma iniciativa da comunidade \u2013 aberta e objetiva. No futuro, dever\u00e1 servir anualmente para transmitir informa\u00e7\u00f5es objetivas sobre pr\u00e1ticas seguras, consenso, requisitos f\u00edsicos e aspetos emocionais. <\/p>\n\n\n\n<p>Porque quem se informa pode decidir conscientemente \u2013 pelo seu pr\u00f3prio corpo, pelos seus pr\u00f3prios limites e pelo seu pr\u00f3prio prazer.<\/p>\n\n\n\n<p>Mais informa\u00e7\u00f5es no s\u00edtio Web <a href=\"https:\/\/www.fistingday.org\" target=\"_blank\" rel=\"noreferrer noopener\"><strong>www.fistingday.org<\/strong><\/a>.<\/p>\n\n\n\n<div class=\"wp-block-stackable-divider stk-block-divider stk-block stk-3be73fc\" data-block-id=\"3be73fc\"><style>.stk-3be73fc {margin-top:var(--stk--preset--spacing--50, 1.5rem) !important;margin-bottom:50px !important;}<\/style><hr class=\"stk-block-divider__hr\"\/><\/div>\n\n\n\n<h5 class=\"wp-block-heading\" id=\"grundung-des-fist-club-europe-e-v-aufklarung-community-und-vernetzung-fur-eine-oft-tabuisierte-sexualpraktik\"><strong>Funda\u00e7\u00e3o do Fist Club Europe e.V. \u2013 Consciencializa\u00e7\u00e3o, comunidade e networking para uma pr\u00e1tica sexual frequentemente tabuizada<\/strong><\/h5>\n\n\n\n<p>Berlim, 11 de abril de 2025<\/p>\n\n\n\n<p>Com a funda\u00e7\u00e3o do <strong>Fist Club Europe e.V.<\/strong> em Berlim, surge um novo ponto de contacto para pessoas que defendem uma abordagem aberta, respeitosa e segura da pr\u00e1tica sexual do fisting anal. Enquanto outras pr\u00e1ticas sexuais foram cada vez mais desmistificadas nos \u00faltimos anos, o fisting anal continua frequentemente exclu\u00eddo da perce\u00e7\u00e3o p\u00fablica. <\/p>\n\n\n\n<p>Isto deve-se n\u00e3o s\u00f3 a preconceitos ou ignor\u00e2ncia, mas tamb\u00e9m ao facto de a discuss\u00e3o social sobre temas sexuais ser geralmente moldada por conven\u00e7\u00f5es, tend\u00eancias medi\u00e1ticas ou narrativas heteronormativas. \u201c<strong>O nosso objetivo \u00e9 fornecer conhecimento fundamentado, desmistificar preconceitos e criar um espa\u00e7o seguro para a troca de ideias dentro da comunidade<\/strong>\u201d, explica Balian Richter, porta-voz da associa\u00e7\u00e3o. \u201e<strong>O fisting anal \u00e9 frequentemente mal compreendido ou tratado como um tema de nicho, embora seja uma pr\u00e1tica que tem uma longa tradi\u00e7\u00e3o em muitas comunidades \u2013 especialmente entre homens gays. Ao mesmo tempo, est\u00e1 a ganhar cada vez mais import\u00e2ncia tamb\u00e9m em c\u00edrculos heterossexuais. <\/strong>\u201d<\/p>\n\n\n\n<p>A associa\u00e7\u00e3o est\u00e1 envolvida nas seguintes \u00e1reas:<\/p>\n\n\n\n<ul class=\"wp-block-list\">\n<li><strong>Consciencializa\u00e7\u00e3o &amp; Preven\u00e7\u00e3o<\/strong> \u2013 Disponibiliza\u00e7\u00e3o de informa\u00e7\u00f5es cientificamente fundamentadas sobre higiene, aspetos de sa\u00fade e pr\u00e1ticas seguras, a fim de minimizar os riscos e criar mais consci\u00eancia para o consenso respons\u00e1vel.<\/li>\n\n\n\n<li><strong>Comunidade &amp; Networking<\/strong> \u2013 Constru\u00e7\u00e3o de uma comunidade aberta e de apoio que permita a troca de ideias e partilhe experi\u00eancias.<\/li>\n\n\n\n<li><strong>Representa\u00e7\u00e3o de interesses<\/strong> \u2013 Promo\u00e7\u00e3o da visibilidade e aceita\u00e7\u00e3o da pr\u00e1tica em p\u00fablico, bem como uma voz forte para a comunidade face a atores sociais e pol\u00edticos.<\/li>\n\n\n\n<li><strong>Eventos &amp; Cursos<\/strong> \u2013 Organiza\u00e7\u00e3o de workshops, encontros e eventos sociais para transmitir conhecimentos e experi\u00eancias.<\/li>\n<\/ul>\n\n\n\n<p>Em breve, o s\u00edtio Web oficial da associa\u00e7\u00e3o estar\u00e1 online, onde tanto os principiantes absolutos como os praticantes experientes poder\u00e3o encontrar informa\u00e7\u00f5es e instru\u00e7\u00f5es abrangentes. Al\u00e9m disso, est\u00e3o planeados cursos online estruturados que permitir\u00e3o aos interessados abordar o tema num ambiente protegido \u2013 independentemente da experi\u00eancia ou conhecimento pr\u00e9vio. <\/p>\n\n\n\n<p>A longo prazo, a plataforma oferecer\u00e1 uma oportunidade de networking para pessoas interessadas em todo o mundo, a fim de reunir pessoas com interesses comuns. A associa\u00e7\u00e3o dirige-se especialmente a <strong>homens gays<\/strong>, mas tamb\u00e9m se dedica a uma discuss\u00e3o social mais ampla sobre o tema. <strong>O interesse pelo fisting anal tamb\u00e9m est\u00e1 a crescer em c\u00edrculos heterossexuais, raz\u00e3o pela qual o Fist Club Europe e.V. fornece especificamente consciencializa\u00e7\u00e3o e assist\u00eancia a todos os que desejam abordar esta pr\u00e1tica de forma respons\u00e1vel e informada<\/strong>. <\/p>\n\n\n\n<p>Al\u00e9m disso, a associa\u00e7\u00e3o est\u00e1 dispon\u00edvel como um <strong>parceiro de contacto competente para meios de comunica\u00e7\u00e3o e portais especializados<\/strong>. Quer se trate de artigos de opini\u00e3o, entrevistas ou artigos especializados \u2013 o Fist Club Europe e.V. oferece conhecimentos especializados fundamentados e uma perspetiva diferenciada sobre os temas da sa\u00fade sexual, consciencializa\u00e7\u00e3o e trabalho comunit\u00e1rio. <br\/><br\/>Para pedidos de imprensa e mais informa\u00e7\u00f5es, contacte: Balian Richter (press@europe.fist.club).<\/p>\n\n\n\n<p><\/p>\n\n\n\n<p>O dia 5 de maio como Dia Internacional do Fisting, iniciado pela nossa associa\u00e7\u00e3o, deve servir especificamente para divulgar conhecimento fundamentado sobre pr\u00e1ticas seguras, higiene e consenso e para funcionar como um ponto de contacto para perguntas. Queremos colmatar uma lacuna, reunindo recursos e criando uma plataforma fi\u00e1vel para a consciencializa\u00e7\u00e3o e a preven\u00e7\u00e3o.&#8221; <\/p>\n\n\n\n<div class=\"wp-block-stackable-spacer stk-block-spacer stk--no-padding stk-block stk-7f8e8da\" data-block-id=\"7f8e8da\"><style>.stk-7f8e8da {height:100px !important;}<\/style><\/div>\n<\/div><\/div><\/div>\n<\/div><\/div>\n","protected":false},"excerpt":{"rendered":"<p>O Fist Club Europe e.V. proclama o dia 5 de maio como o \u201cDia Internacional do Fisting\u201d Berlim, 25 de abril de 2025 Berlim, 5 de maio de 2025 \u2013 O Fist Club Europe e.V. proclama oficialmente o dia 5 de maio como o novo \u201cDia Internacional do Fisting\u201d. O objetivo da associa\u00e7\u00e3o, sediada em [&hellip;]<\/p>\n","protected":false},"author":2,"featured_media":963,"parent":0,"menu_order":0,"comment_status":"closed","ping_status":"closed","template":"","meta":{"_gspb_post_css":"","footnotes":""},"class_list":["post-2666","page","type-page","status-publish","has-post-thumbnail","hentry"],"blocksy_meta":{"page_structure_type":"type-3","styles_descriptor":{"styles":{"desktop":"","tablet":"","mobile":""},"google_fonts":[],"version":6}},"_links":{"self":[{"href":"https:\/\/fist.club\/pt-pt\/wp-json\/wp\/v2\/pages\/2666","targetHints":{"allow":["GET"]}}],"collection":[{"href":"https:\/\/fist.club\/pt-pt\/wp-json\/wp\/v2\/pages"}],"about":[{"href":"https:\/\/fist.club\/pt-pt\/wp-json\/wp\/v2\/types\/page"}],"author":[{"embeddable":true,"href":"https:\/\/fist.club\/pt-pt\/wp-json\/wp\/v2\/users\/2"}],"replies":[{"embeddable":true,"href":"https:\/\/fist.club\/pt-pt\/wp-json\/wp\/v2\/comments?post=2666"}],"version-history":[{"count":2,"href":"https:\/\/fist.club\/pt-pt\/wp-json\/wp\/v2\/pages\/2666\/revisions"}],"predecessor-version":[{"id":4116,"href":"https:\/\/fist.club\/pt-pt\/wp-json\/wp\/v2\/pages\/2666\/revisions\/4116"}],"wp:featuredmedia":[{"embeddable":true,"href":"https:\/\/fist.club\/pt-pt\/wp-json\/wp\/v2\/media\/963"}],"wp:attachment":[{"href":"https:\/\/fist.club\/pt-pt\/wp-json\/wp\/v2\/media?parent=2666"}],"curies":[{"name":"wp","href":"https:\/\/api.w.org\/{rel}","templated":true}]}}