{"id":2673,"date":"2020-06-12T15:43:30","date_gmt":"2020-06-12T13:43:30","guid":{"rendered":"https:\/\/fist.club\/protecao-de-dados\/"},"modified":"2025-08-29T10:26:09","modified_gmt":"2025-08-29T08:26:09","slug":"protecao-de-dados","status":"publish","type":"page","link":"https:\/\/fist.club\/pt-pt\/protecao-de-dados\/","title":{"rendered":"Prote\u00e7\u00e3o de dados"},"content":{"rendered":"\n<div class=\"wp-block-stackable-spacer stk-block-spacer stk--no-padding stk-block stk-0a1a97d\" data-block-id=\"0a1a97d\"><\/div>\n\n<p><strong>1. Respons\u00e1vel<\/strong><\/p>\n\n<p>Fist Club Europe e.\u202fV.<br\/>Ella-Barowsky-Str. 47<br\/>10829 Berlim<br\/>Alemanha <\/p>\n\n<p>Representado por: Andr\u00e9 Spielmann<\/p>\n\n<p><strong>2. Generalidades sobre o processamento de dados<\/strong><\/p>\n\n<p>A prote\u00e7\u00e3o dos seus dados pessoais \u00e9 uma preocupa\u00e7\u00e3o importante para n\u00f3s. Processamos os seus dados exclusivamente com base nas disposi\u00e7\u00f5es legais (em particular, o RGPD e o BDSG). Em seguida, informamos sobre os aspetos mais importantes do processamento de dados no \u00e2mbito do nosso s\u00edtio Web.  <\/p>\n\n<p><strong>3. Dados de acesso (ficheiros de registo do servidor)<\/strong><\/p>\n\n<p>Ao visitar o nosso s\u00edtio Web, o nosso fornecedor de alojamento recolhe e armazena automaticamente informa\u00e7\u00f5es em ficheiros de registo do servidor, que o seu navegador transmite automaticamente. Estes incluem: <\/p>\n\n<ul class=\"wp-block-list\">\n<li>Endere\u00e7o IP<\/li>\n\n\n\n<li>Data e hora do pedido do servidor<\/li>\n\n\n\n<li>Tipo e vers\u00e3o do navegador<\/li>\n\n\n\n<li>Sistema operativo utilizado<\/li>\n\n\n\n<li>URL de refer\u00eancia<\/li>\n\n\n\n<li>Nome do anfitri\u00e3o do computador que acede<\/li>\n<\/ul>\n\n<p>Estes dados servem exclusivamente para a monitoriza\u00e7\u00e3o t\u00e9cnica e otimiza\u00e7\u00e3o do funcionamento. N\u00e3o ocorre qualquer jun\u00e7\u00e3o com outras fontes de dados. A base legal \u00e9 o Artigo 6.\u00ba, n.\u00ba 1, al\u00ednea f) do RGPD (interesse leg\u00edtimo na disponibiliza\u00e7\u00e3o segura e sem problemas do nosso s\u00edtio Web).<\/p>\n\n<p><strong>4. Contacto<\/strong><\/p>\n\n<p>Se nos contactar atrav\u00e9s do nosso formul\u00e1rio de contacto ou por e-mail, os dados que fornecer (nome, endere\u00e7o de e-mail, mensagem) ser\u00e3o armazenados e processados exclusivamente para processar o seu pedido.<\/p>\n\n<p>A base legal \u00e9 o Artigo 6.\u00ba, n.\u00ba 1, al\u00ednea b) do RGPD (processamento para o cumprimento de um contrato ou para a execu\u00e7\u00e3o de medidas pr\u00e9-contratuais) ou o Artigo 6.\u00ba, n.\u00ba 1, al\u00ednea f) do RGPD (interesse leg\u00edtimo na comunica\u00e7\u00e3o).<\/p>\n\n<p><strong>5. Cookies<\/strong><\/p>\n\n<p>O nosso s\u00edtio Web utiliza cookies para fornecer determinadas fun\u00e7\u00f5es e melhorar a experi\u00eancia do utilizador. Estes s\u00e3o pequenos ficheiros de texto que s\u00e3o armazenados no seu dispositivo. Pode restringir ou impedir a defini\u00e7\u00e3o de cookies a qualquer momento atrav\u00e9s das defini\u00e7\u00f5es do seu navegador.  <\/p>\n\n<p>Se os cookies processarem dados pessoais, isso ocorre com base no Artigo 6.\u00ba, n.\u00ba 1, al\u00ednea a) do RGPD (consentimento) ou no Artigo 6.\u00ba, n.\u00ba 1, al\u00ednea f) do RGPD (interesse leg\u00edtimo).<\/p>\n\n<p><strong>6. Utiliza\u00e7\u00e3o de terceiros (por exemplo, Google Fonts, YouTube, Maps)<\/strong><\/p>\n\n<p>Dependendo do design do nosso s\u00edtio Web, podem ser integrados conte\u00fados de terceiros (por exemplo, tipos de letra do Google Fonts, material de mapas do Google Maps ou v\u00eddeos do YouTube). Isto pode levar \u00e0 transfer\u00eancia de dados pessoais para servidores dos fornecedores \u2013 tamb\u00e9m em pa\u00edses terceiros como os EUA. <\/p>\n\n<p>Integramos sempre estes conte\u00fados de forma a poupar dados e apenas com o seu consentimento (Artigo 6.\u00ba, n.\u00ba 1, al\u00ednea a) do RGPD). Pode encontrar detalhes num banner de cookies ou di\u00e1logo de consentimento pr\u00e9vio. <\/p>\n\n<p><strong>7. Os seus direitos como pessoa em causa<\/strong><\/p>\n\n<p>De acordo com o RGPD, tem os seguintes direitos:<\/p>\n\n<ul class=\"wp-block-list\">\n<li>Informa\u00e7\u00f5es sobre os seus dados armazenados (Artigo 15.\u00ba do RGPD)<\/li>\n\n\n\n<li>Retifica\u00e7\u00e3o de dados incorretos (Artigo 16.\u00ba do RGPD)<\/li>\n\n\n\n<li>Elimina\u00e7\u00e3o (\u201cDireito ao esquecimento\u201d, Artigo 17.\u00ba do RGPD)<\/li>\n\n\n\n<li>Restri\u00e7\u00e3o do processamento (Artigo 18.\u00ba do RGPD)<\/li>\n\n\n\n<li>Portabilidade dos dados (Artigo 20.\u00ba do RGPD)<\/li>\n\n\n\n<li>Oposi\u00e7\u00e3o ao processamento (Artigo 21.\u00ba do RGPD)<\/li>\n\n\n\n<li>Revoga\u00e7\u00e3o dos consentimentos concedidos (Artigo 7.\u00ba, n.\u00ba 3 do RGPD)<\/li>\n\n\n\n<li>Reclama\u00e7\u00e3o junto de uma autoridade de supervis\u00e3o (Artigo 77.\u00ba do RGPD), por exemplo, junto do Comiss\u00e1rio Estadual para a Prote\u00e7\u00e3o de Dados do seu estado federado<\/li>\n<\/ul>\n\n<p><strong>8. Per\u00edodo de armazenamento<\/strong><\/p>\n\n<p>Armazenamos dados pessoais apenas durante o tempo necess\u00e1rio para os fins mencionados ou enquanto existirem obriga\u00e7\u00f5es legais de conserva\u00e7\u00e3o.<\/p>\n\n<p><strong>9. Seguran\u00e7a<\/strong><\/p>\n\n<p>Implementamos medidas t\u00e9cnicas e organizacionais adequadas para proteger os seus dados contra perda, destrui\u00e7\u00e3o, acesso, altera\u00e7\u00e3o ou divulga\u00e7\u00e3o por pessoas n\u00e3o autorizadas.<\/p>\n\n<p><strong>10. Altera\u00e7\u00f5es a esta declara\u00e7\u00e3o de prote\u00e7\u00e3o de dados<\/strong><\/p>\n\n<p>Reservamo-nos o direito de alterar esta declara\u00e7\u00e3o de prote\u00e7\u00e3o de dados, se necess\u00e1rio, por exemplo, para adapta\u00e7\u00e3o a novos requisitos legais ou altera\u00e7\u00f5es ao nosso s\u00edtio Web.<\/p>\n\n<div class=\"wp-block-stackable-spacer stk-block-spacer stk--no-padding stk-block stk-3bd6cff\" data-block-id=\"3bd6cff\"><\/div>\n","protected":false},"excerpt":{"rendered":"<p>1. Respons\u00e1vel Fist Club Europe e.\u202fV.Ella-Barowsky-Str. 4710829 BerlimAlemanha Representado por: Andr\u00e9 Spielmann 2. Generalidades sobre o processamento de dados A prote\u00e7\u00e3o dos seus dados pessoais \u00e9 uma preocupa\u00e7\u00e3o importante para n\u00f3s. Processamos os seus dados exclusivamente com base nas disposi\u00e7\u00f5es legais (em particular, o RGPD e o BDSG). Em seguida, informamos sobre os aspetos mais [&hellip;]<\/p>\n","protected":false},"author":2,"featured_media":963,"parent":0,"menu_order":0,"comment_status":"closed","ping_status":"open","template":"","meta":{"_gspb_post_css":"","footnotes":""},"class_list":["post-2673","page","type-page","status-publish","has-post-thumbnail","hentry"],"blocksy_meta":{"styles_descriptor":{"styles":{"desktop":"","tablet":"","mobile":""},"google_fonts":[],"version":6}},"_links":{"self":[{"href":"https:\/\/fist.club\/pt-pt\/wp-json\/wp\/v2\/pages\/2673","targetHints":{"allow":["GET"]}}],"collection":[{"href":"https:\/\/fist.club\/pt-pt\/wp-json\/wp\/v2\/pages"}],"about":[{"href":"https:\/\/fist.club\/pt-pt\/wp-json\/wp\/v2\/types\/page"}],"author":[{"embeddable":true,"href":"https:\/\/fist.club\/pt-pt\/wp-json\/wp\/v2\/users\/2"}],"replies":[{"embeddable":true,"href":"https:\/\/fist.club\/pt-pt\/wp-json\/wp\/v2\/comments?post=2673"}],"version-history":[{"count":2,"href":"https:\/\/fist.club\/pt-pt\/wp-json\/wp\/v2\/pages\/2673\/revisions"}],"predecessor-version":[{"id":4141,"href":"https:\/\/fist.club\/pt-pt\/wp-json\/wp\/v2\/pages\/2673\/revisions\/4141"}],"wp:featuredmedia":[{"embeddable":true,"href":"https:\/\/fist.club\/pt-pt\/wp-json\/wp\/v2\/media\/963"}],"wp:attachment":[{"href":"https:\/\/fist.club\/pt-pt\/wp-json\/wp\/v2\/media?parent=2673"}],"curies":[{"name":"wp","href":"https:\/\/api.w.org\/{rel}","templated":true}]}}