{"id":2683,"date":"2025-06-19T15:15:13","date_gmt":"2025-06-19T13:15:13","guid":{"rendered":"https:\/\/fist.club\/sobre-nos\/"},"modified":"2025-08-29T11:21:33","modified_gmt":"2025-08-29T09:21:33","slug":"sobre-nos","status":"publish","type":"page","link":"https:\/\/fist.club\/pt-pt\/sobre-nos\/","title":{"rendered":"Sobre n\u00f3s"},"content":{"rendered":"\n<div class=\"wp-block-stackable-spacer stk-block-spacer stk--no-padding stk-block stk-e4e8313\" data-block-id=\"e4e8313\"><\/div>\n\n<h2 class=\"wp-block-heading\" id=\"wer-wir-sind-warum-es-uns-gibt\">Quem somos e por que existimos<\/h2>\n\n<p>O <strong>Fist Club Europe e.V.<\/strong> \u00e9 uma associa\u00e7\u00e3o guarda-chuva com atua\u00e7\u00e3o internacional e uma comunidade vibrante em torno da pr\u00e1tica do fisting relacionada com a sexualidade. Fundado na profunda convic\u00e7\u00e3o de que o tratamento respons\u00e1vel, a educa\u00e7\u00e3o fundamentada e a visibilidade social s\u00e3o de import\u00e2ncia essencial, criamos espa\u00e7o para a troca de ideias, o empoderamento e a autodetermina\u00e7\u00e3o.  <\/p>\n\n<p>Embora a sexualidade humana seja cada vez mais discutida abertamente, o fisting permanece muitas vezes na sombra. Preconceitos, desinforma\u00e7\u00e3o e invisibilidade social garantem que n\u00e3o haja uma discuss\u00e3o objetiva e respeitosa. Esta estigmatiza\u00e7\u00e3o promove inseguran\u00e7as e pr\u00e1ticas de risco. \u00c9 precisamente aqui que vemos a nossa tarefa e a nossa responsabilidade.    <\/p>\n\n<div class=\"wp-block-stackable-heading stk-block-heading stk-block-heading--v2 stk-block stk-d1a9f6d\" id=\"strong-wir-sind-mehr-als-ein-club-wir-wollen-strong-nbsp\" data-block-id=\"d1a9f6d\"><h4 class=\"stk-block-heading__text\"><strong>Somos mais do que um clube. Queremos: <\/strong> <\/h4><\/div>\n\n<div class=\"wp-block-stackable-heading stk-block-heading stk-block-heading--v2 stk-block stk-e013f3a\" id=\"strong-aufklarung-amp-information-fordern-strong\" data-block-id=\"e013f3a\"><h5 class=\"stk-block-heading__text\"><strong>Promover a educa\u00e7\u00e3o e a informa\u00e7\u00e3o:<\/strong> <\/h5><\/div>\n\n<p>Disponibilizamos conhecimento fundamentado, f\u00e1cil de entender e que desmistifica \u2013 desde t\u00e9cnicas e pr\u00e1ticas de sexo seguro, passando por medidas essenciais de higiene e sa\u00fade, at\u00e9 \u00e0 import\u00e2ncia do consentimento. Esclarecemos, desconstru\u00edmos mitos e possibilitamos uma abordagem informada, autodeterminada e segura ao tema do fisting anal.  <\/p>\n\n<div class=\"wp-block-stackable-heading stk-block-heading stk-block-heading--v2 stk-block stk-80e8460\" id=\"strong-grundung-neuer-fist-clubs-auf-nationaler-europaischer-und-internationaler-ebene-unterstutzen-strong\" data-block-id=\"80e8460\"><h5 class=\"stk-block-heading__text\"><strong>Apoiar a funda\u00e7\u00e3o de novos Fist Clubs a n\u00edvel nacional, europeu e internacional:<\/strong> <\/h5><\/div>\n\n<p>Promovemos ativamente a cria\u00e7\u00e3o e a liga\u00e7\u00e3o em rede de novos Fist Clubs locais, nacionais e internacionais. Para tal, oferecemos aconselhamento abrangente sobre o conte\u00fado, apoio organizacional e assist\u00eancia pr\u00e1tica. Al\u00e9m disso, apoiamos financeiramente fundadores e clubes empenhados para que possam concretizar as suas ideias e construir estruturas fortes e sustent\u00e1veis.   <\/p>\n\n<div class=\"wp-block-stackable-heading stk-block-heading stk-block-heading--v2 stk-block stk-17470b2\" id=\"strong-community-solidaritat-amp-vernetzung-starken-strong-nbsp\" data-block-id=\"17470b2\"><h5 class=\"stk-block-heading__text\"><strong>Refor\u00e7ar a comunidade, a solidariedade e a liga\u00e7\u00e3o em rede:<\/strong> <\/h5><\/div>\n\n<p>Oferecemos um espa\u00e7o respeitoso e protegido para conversas abertas, apoio m\u00fatuo e a constru\u00e7\u00e3o de redes fortes. A nossa associa\u00e7\u00e3o vive da troca de experi\u00eancias pessoais, da aprendizagem em conjunto e da colabora\u00e7\u00e3o solid\u00e1ria com parceiros e iniciativas locais e internacionais.  <\/p>\n\n<div class=\"wp-block-stackable-heading stk-block-heading stk-block-heading--v2 stk-block stk-23cf3e1\" id=\"strong-akzeptanz-amp-sichtbarkeit-vorantreiben-strong-nbsp\" data-block-id=\"23cf3e1\"><h5 class=\"stk-block-heading__text\"><strong>Impulsionar a aceita\u00e7\u00e3o e a visibilidade:<\/strong> <\/h5><\/div>\n\n<p>Atuamos ativamente contra preconceitos, estigmatiza\u00e7\u00e3o e mal-entendidos sociais. Defendemos uma cultura em que o fisting seja reconhecido, aceite e tratado com respeito como uma parte natural da sexualidade respons\u00e1vel e consensual.  <\/p>\n\n<div class=\"wp-block-stackable-heading stk-block-heading stk-block-heading--v2 stk-block stk-b7b81a2\" id=\"strong-praventionsarbeit-amp-gesundheitsforderung-leisten-strong-nbsp\" data-block-id=\"b7b81a2\"><h5 class=\"stk-block-heading__text\"><strong>Realizar trabalho de preven\u00e7\u00e3o e promo\u00e7\u00e3o da sa\u00fade:<\/strong> <\/h5><\/div>\n\n<p>Desenvolvemos e divulgamos diretrizes claras para uma abordagem segura e respons\u00e1vel das pr\u00e1ticas de fisting. Atrav\u00e9s de educa\u00e7\u00e3o para a sa\u00fade direcionada, promovemos a consciencializa\u00e7\u00e3o para a sa\u00fade f\u00edsica e mental no contexto da nossa comunidade.  <\/p>\n\n<div class=\"wp-block-stackable-heading stk-block-heading stk-block-heading--v2 stk-block stk-a6edab1\" id=\"strong-fur-wen-sind-wir-da-strong-nbsp\" data-block-id=\"a6edab1\"><h5 class=\"stk-block-heading__text\"><strong>Para quem existimos?<\/strong> <\/h5><\/div>\n\n<p>A nossa associa\u00e7\u00e3o dirige-se em particular, mas n\u00e3o exclusivamente, a homens homossexuais, bissexuais e outros homens que fazem sexo com homens (HSH), uma vez que o fisting tem um significado e uma difus\u00e3o especiais nesta comunidade. Ao mesmo tempo, as nossas portas est\u00e3o expressamente abertas a todas as pessoas \u2013 independentemente do g\u00e9nero, orienta\u00e7\u00e3o sexual ou identidade \u2013 que queiram abordar o fisting de forma respons\u00e1vel, interessada e com base em factos. O \u00fanico requisito para tal \u00e9 uma atitude respeitosa, bem como o respeito absoluto pelos princ\u00edpios do consentimento, da seguran\u00e7a e do respeito m\u00fatuo.   <\/p>\n\n<p>Juntos, quebramos tabus, superamos preconceitos e promovemos uma abordagem informada, respeitosa e, acima de tudo, prazerosa ao tema do fisting. Porque o conhecimento, a visibilidade e a comunidade s\u00e3o os nossos instrumentos mais fortes para experi\u00eancias seguras e gratificantes.  <\/p>\n\n<div class=\"wp-block-stackable-separator alignfull stk-block-separator stk--no-padding stk-block stk-a1bf0eb\" data-block-id=\"a1bf0eb\"><div class=\"stk-block-separator__inner\"><svg xmlns=\"http:\/\/www.w3.org\/2000\/svg\" viewBox=\"0 0 1600 200\" class=\"stk-separator__layer-1\" preserveAspectRatio=\"none\" aria-hidden=\"true\"><path d=\"M1610.5 189.1s-128.2-82.6-138.2-89.2c-17.1-11.3-37.2-15.5-87-18.1-49.7-2.6-753.6-40.7-783.9-42.3-30.3-1.5-81.1-1.3-121.1 8.2S-9.5 163.2-9.5 163.2v50h1620v-24.1z\"><\/path><\/svg><\/div><\/div>\n","protected":false},"excerpt":{"rendered":"<p>Quem somos e por que existimos O Fist Club Europe e.V. \u00e9 uma associa\u00e7\u00e3o guarda-chuva com atua\u00e7\u00e3o internacional e uma comunidade vibrante em torno da pr\u00e1tica do fisting relacionada com a sexualidade. Fundado na profunda convic\u00e7\u00e3o de que o tratamento respons\u00e1vel, a educa\u00e7\u00e3o fundamentada e a visibilidade social s\u00e3o de import\u00e2ncia essencial, criamos espa\u00e7o para [&hellip;]<\/p>\n","protected":false},"author":2,"featured_media":4181,"parent":0,"menu_order":0,"comment_status":"closed","ping_status":"closed","template":"","meta":{"_gspb_post_css":"","footnotes":""},"class_list":["post-2683","page","type-page","status-publish","has-post-thumbnail","hentry"],"blocksy_meta":{"page_structure_type":"type-3","styles_descriptor":{"styles":{"desktop":"","tablet":"","mobile":""},"google_fonts":[],"version":6}},"_links":{"self":[{"href":"https:\/\/fist.club\/pt-pt\/wp-json\/wp\/v2\/pages\/2683","targetHints":{"allow":["GET"]}}],"collection":[{"href":"https:\/\/fist.club\/pt-pt\/wp-json\/wp\/v2\/pages"}],"about":[{"href":"https:\/\/fist.club\/pt-pt\/wp-json\/wp\/v2\/types\/page"}],"author":[{"embeddable":true,"href":"https:\/\/fist.club\/pt-pt\/wp-json\/wp\/v2\/users\/2"}],"replies":[{"embeddable":true,"href":"https:\/\/fist.club\/pt-pt\/wp-json\/wp\/v2\/comments?post=2683"}],"version-history":[{"count":2,"href":"https:\/\/fist.club\/pt-pt\/wp-json\/wp\/v2\/pages\/2683\/revisions"}],"predecessor-version":[{"id":4166,"href":"https:\/\/fist.club\/pt-pt\/wp-json\/wp\/v2\/pages\/2683\/revisions\/4166"}],"wp:featuredmedia":[{"embeddable":true,"href":"https:\/\/fist.club\/pt-pt\/wp-json\/wp\/v2\/media\/4181"}],"wp:attachment":[{"href":"https:\/\/fist.club\/pt-pt\/wp-json\/wp\/v2\/media?parent=2683"}],"curies":[{"name":"wp","href":"https:\/\/api.w.org\/{rel}","templated":true}]}}