{"id":2691,"date":"2025-06-18T12:13:46","date_gmt":"2025-06-18T10:13:46","guid":{"rendered":"https:\/\/fist.club\/inicio-e-motivacao\/"},"modified":"2025-08-29T10:24:28","modified_gmt":"2025-08-29T08:24:28","slug":"inicio-e-motivacao","status":"publish","type":"page","link":"https:\/\/fist.club\/pt-pt\/inicio-e-motivacao\/","title":{"rendered":"In\u00edcio e motiva\u00e7\u00e3o"},"content":{"rendered":"\n<div class=\"wp-block-stackable-spacer stk-block-spacer stk--no-padding stk-block stk-29dca71\" data-block-id=\"29dca71\"><\/div>\n\n<div class=\"wp-block-stackable-heading stk-block-heading stk-block-heading--v2 stk-block stk-e11f02d\" id=\"coming-soon\" data-block-id=\"e11f02d\"><style>.stk-e11f02d .stk-block-heading__text{font-size:var(--stk--preset--font-size--xx-large, 80px) !important;}@media screen and (max-width:999px){.stk-e11f02d .stk-block-heading__text{font-size:var(--stk--preset--font-size--xx-large, 80px) !important;}}<\/style><h1 class=\"stk-block-heading__text has-text-align-center\">EM BREVE<\/h1><\/div>\n\n<div class=\"wp-block-stackable-spacer stk-block-spacer stk--no-padding stk-block stk-8af9148\" data-block-id=\"8af9148\"><\/div>\n","protected":false},"excerpt":{"rendered":"<p>EM BREVE<\/p>\n","protected":false},"author":2,"featured_media":3751,"parent":0,"menu_order":0,"comment_status":"closed","ping_status":"closed","template":"","meta":{"_gspb_post_css":"","footnotes":""},"class_list":["post-2691","page","type-page","status-publish","has-post-thumbnail","hentry"],"blocksy_meta":[],"_links":{"self":[{"href":"https:\/\/fist.club\/pt-pt\/wp-json\/wp\/v2\/pages\/2691","targetHints":{"allow":["GET"]}}],"collection":[{"href":"https:\/\/fist.club\/pt-pt\/wp-json\/wp\/v2\/pages"}],"about":[{"href":"https:\/\/fist.club\/pt-pt\/wp-json\/wp\/v2\/types\/page"}],"author":[{"embeddable":true,"href":"https:\/\/fist.club\/pt-pt\/wp-json\/wp\/v2\/users\/2"}],"replies":[{"embeddable":true,"href":"https:\/\/fist.club\/pt-pt\/wp-json\/wp\/v2\/comments?post=2691"}],"version-history":[{"count":2,"href":"https:\/\/fist.club\/pt-pt\/wp-json\/wp\/v2\/pages\/2691\/revisions"}],"predecessor-version":[{"id":4043,"href":"https:\/\/fist.club\/pt-pt\/wp-json\/wp\/v2\/pages\/2691\/revisions\/4043"}],"wp:featuredmedia":[{"embeddable":true,"href":"https:\/\/fist.club\/pt-pt\/wp-json\/wp\/v2\/media\/3751"}],"wp:attachment":[{"href":"https:\/\/fist.club\/pt-pt\/wp-json\/wp\/v2\/media?parent=2691"}],"curies":[{"name":"wp","href":"https:\/\/api.w.org\/{rel}","templated":true}]}}