{"id":2733,"date":"2025-06-19T15:15:03","date_gmt":"2025-06-19T13:15:03","guid":{"rendered":"https:\/\/fist.club\/o-clube\/"},"modified":"2025-09-11T16:19:21","modified_gmt":"2025-09-11T14:19:21","slug":"o-clube","status":"publish","type":"page","link":"https:\/\/fist.club\/pt-pt\/o-clube\/","title":{"rendered":"O clube"},"content":{"rendered":"\n<div class=\"wp-block-stackable-spacer stk-block-spacer stk--no-padding stk-block stk-8623362\" data-block-id=\"8623362\"><\/div>\n\n<div class=\"wp-block-stackable-heading stk-block-heading stk-block-heading--v2 stk-block stk-79232b5\" id=\"strong-gemeinschaft-aufklarung-sichtbarkeit-strong\" data-block-id=\"79232b5\"><h2 class=\"stk-block-heading__text\"><strong>Comunidade. Esclarecimento. Visibilidade.  <\/strong><\/h2><\/div>\n\n<p>O <strong>Fist Club Europe e.V.<\/strong> \u00e9 muito mais do que um clube \u2013 somos uma rede internacional e uma comunidade vibrante, que se dedica ao fisting respons\u00e1vel, ao esclarecimento fundamentado e \u00e0 visibilidade social. O nosso objetivo: <strong>partilhar conhecimento, desmistificar mitos e criar espa\u00e7os seguros para o encontro.<\/strong> <\/p>\n\n<p>Nesta p\u00e1gina, ficar\u00e1s a saber o que nos motiva e como podes fazer parte do nosso movimento:<\/p>\n\n<p><strong><a href=\"https:\/\/fist.club\/pt-pt\/sobre-nos\/\" data-type=\"page\" data-id=\"1077\">Sobre n\u00f3s<\/a><\/strong> \u2013 Quem somos, o que defendemos e qual a vis\u00e3o por detr\u00e1s do clube.<\/p>\n\n<p><strong><a href=\"https:\/\/fist.club\/pt-pt\/parceiros-cooperacoes\/\" data-type=\"page\" data-id=\"1083\">Parceiros &amp; Coopera\u00e7\u00f5es<\/a><\/strong> \u2013 As nossas redes na comunidade queer e BDSM. Juntos, conseguimos fazer mais. <\/p>\n\n<p><strong><a href=\"https:\/\/fist.club\/pt-pt\/torne-se-membro\/\" data-type=\"page\" data-id=\"1086\">Torne-se membro<\/a><\/strong> \u2013 Apoie o nosso trabalho, fa\u00e7a parte da comunidade e ajude-nos a moldar o futuro.<\/p>\n\n<p>A nossa abordagem: <strong>respeitosa, solid\u00e1ria, sexo-positiva.<\/strong><br\/>Promovemos o interc\u00e2mbio, o apoio m\u00fatuo e a cria\u00e7\u00e3o de redes internacionais \u2013 abertos a todos os que desejam viver o fisting de forma respons\u00e1vel e autodeterminada.<\/p>\n\n<p>Juntos, quebramos tabus, superamos preconceitos e criamos visibilidade \u2013 para uma <strong>cultura de fisting esclarecida, segura e prazerosa.<\/strong><\/p>\n\n<div class=\"wp-block-stackable-spacer stk-block-spacer stk--no-padding stk-block stk-14efe72\" data-block-id=\"14efe72\"><\/div>\n","protected":false},"excerpt":{"rendered":"<p>Comunidade. Esclarecimento. Visibilidade. O Fist Club Europe e.V. \u00e9 muito mais do que um clube \u2013 somos uma rede internacional e uma comunidade vibrante, que se dedica ao fisting respons\u00e1vel, ao esclarecimento fundamentado e \u00e0 visibilidade social. O nosso objetivo: partilhar conhecimento, desmistificar mitos e criar espa\u00e7os seguros para o encontro. Nesta p\u00e1gina, ficar\u00e1s a [&hellip;]<\/p>\n","protected":false},"author":2,"featured_media":3807,"parent":0,"menu_order":0,"comment_status":"closed","ping_status":"closed","template":"","meta":{"_gspb_post_css":"","footnotes":""},"class_list":["post-2733","page","type-page","status-publish","has-post-thumbnail","hentry"],"blocksy_meta":[],"_links":{"self":[{"href":"https:\/\/fist.club\/pt-pt\/wp-json\/wp\/v2\/pages\/2733","targetHints":{"allow":["GET"]}}],"collection":[{"href":"https:\/\/fist.club\/pt-pt\/wp-json\/wp\/v2\/pages"}],"about":[{"href":"https:\/\/fist.club\/pt-pt\/wp-json\/wp\/v2\/types\/page"}],"author":[{"embeddable":true,"href":"https:\/\/fist.club\/pt-pt\/wp-json\/wp\/v2\/users\/2"}],"replies":[{"embeddable":true,"href":"https:\/\/fist.club\/pt-pt\/wp-json\/wp\/v2\/comments?post=2733"}],"version-history":[{"count":6,"href":"https:\/\/fist.club\/pt-pt\/wp-json\/wp\/v2\/pages\/2733\/revisions"}],"predecessor-version":[{"id":5153,"href":"https:\/\/fist.club\/pt-pt\/wp-json\/wp\/v2\/pages\/2733\/revisions\/5153"}],"wp:featuredmedia":[{"embeddable":true,"href":"https:\/\/fist.club\/pt-pt\/wp-json\/wp\/v2\/media\/3807"}],"wp:attachment":[{"href":"https:\/\/fist.club\/pt-pt\/wp-json\/wp\/v2\/media?parent=2733"}],"curies":[{"name":"wp","href":"https:\/\/api.w.org\/{rel}","templated":true}]}}