{"id":2736,"date":"2025-06-19T15:16:07","date_gmt":"2025-06-19T13:16:07","guid":{"rendered":"https:\/\/fist.club\/parceiros-cooperacoes\/"},"modified":"2025-09-10T16:11:30","modified_gmt":"2025-09-10T14:11:30","slug":"parceiros-cooperacoes","status":"publish","type":"page","link":"https:\/\/fist.club\/pt-pt\/parceiros-cooperacoes\/","title":{"rendered":"Parceiros &amp; Coopera\u00e7\u00f5es"},"content":{"rendered":"\n<div class=\"wp-block-stackable-spacer stk-block-spacer stk--no-padding stk-block stk-29dca71\" data-block-id=\"29dca71\"><\/div>\n\n<p class=\"has-var-stk-preset-font-size-xx-large-80-px-font-size\">Gostas de fisting tanto quanto n\u00f3s e queres fazer networking? Fant\u00e1stico, porque n\u00f3s do Fist Club Europe e.V. somos a organiza\u00e7\u00e3o guarda-chuva que conecta e apoia clubes de fisting em todo o mundo! Aqui apresentamos os nossos parceiros e colabora\u00e7\u00f5es fixes dentro da comunidade queer e BDSM. Juntamente com associa\u00e7\u00f5es, clubes, organizadores de festas e eventos, centros de educa\u00e7\u00e3o e aconselhamento, bem como outras iniciativas, tornamos o mundo do fisting ainda mais seguro, informativo e, claro, ainda mais excitante!    <\/p>\n\n<p class=\"has-var-stk-preset-font-size-xx-large-80-px-font-size\"><strong>Queres colaborar?<\/strong>  Fundaste o teu pr\u00f3prio clube de fisting ou gostarias de come\u00e7ar um? Ou \u00e9s um organizador de festas, organiza\u00e7\u00e3o comunit\u00e1ria ou centro de aconselhamento que partilha a nossa miss\u00e3o de positividade sexual? Ent\u00e3o entra em contacto connosco! Estamos sempre abertos a novas e excitantes colabora\u00e7\u00f5es e esperamos fortalecer a comunidade de fisting em todo o mundo juntamente contigo. Vamos trilhar novos caminhos juntos!     <\/p>\n\n<div class=\"wp-block-stackable-heading stk-block-heading stk-block-heading--v2 stk-block stk-0d69775\" id=\"kontakt\" data-block-id=\"0d69775\"><style>.stk-0d69775 {margin-bottom:0px !important;}<\/style><h2 class=\"stk-block-heading__text\">Contacto<\/h2><\/div>\n\n<div class=\"wp-block-stackable-columns stk-block-columns stk-block stk-6caec8e\" data-block-id=\"6caec8e\"><div class=\"stk-row stk-inner-blocks stk-block-content stk-content-align stk-6caec8e-column\">\n<div class=\"wp-block-stackable-column stk-block-column stk-column stk-block stk-0e601e2\" data-v=\"4\" data-block-id=\"0e601e2\"><div class=\"stk-column-wrapper stk-block-column__content stk-container stk-0e601e2-container stk--no-background stk--no-padding\"><div class=\"stk-block-content stk-inner-blocks stk-0e601e2-inner-blocks\">\n<form action=\"https:\/\/formsubmit.co\/hello@fist.club\" method=\"POST\">\n  <!-- Spam-Schutz deaktivieren -->\n  <input type=\"hidden\" name=\"_captcha\" value=\"false\"\/>\n  <!-- Weiterleitung nach Absenden -->\n  <input type=\"hidden\" name=\"_next\" value=\"https:\/\/ihre-website.de\/danke\"\/>\n\n  <!-- Anrede -->\n  <label for=\"anrede\">T\u00edtulo<\/label><br\/>  <select id=\"anrede\" name=\"Anrede\">\n    <option value=\"\">Por favor, selecione<\/option>\n    <option value=\"Herr\">Sr.<\/option>\n    <option value=\"Frau\">Sra.<\/option>\n    <option value=\"Divers\">Outro<\/option>\n  <\/select>\n  <br\/><br\/>\n  <!-- Vorname -->\n  <label for=\"vorname\">Nome pr\u00f3prio *<\/label><br\/>  <input type=\"text\" id=\"vorname\" name=\"Vorname\" required=\"\"\/>\n  <br\/><br\/>\n  <!-- E-Mail -->\n  <label for=\"email\">E-mail *<\/label><br\/>  <input type=\"email\" id=\"email\" name=\"E-Mail\" required=\"\"\/>\n  <br\/><br\/>\n  <!-- Land -->\n  <label for=\"land\">Pa\u00eds *<\/label><br\/>  <select id=\"land\" name=\"Land\" required=\"\">\n    <option value=\"\">Por favor, selecione<\/option>\n    <option value=\"Deutschland\">Alemanha<\/option>\n    <option value=\"\u00d6sterreich\">\u00c1ustria<\/option>\n    <option value=\"Schweiz\">Su\u00ed\u00e7a<\/option>\n    <option value=\"Frankreich\">Fran\u00e7a<\/option>\n    <option value=\"Spanien\">Espanha<\/option>\n    <option value=\"Italien\">It\u00e1lia<\/option>\n    <option value=\"Niederlande\">Pa\u00edses Baixos<\/option>\n    <option value=\"Belgien\">B\u00e9lgica<\/option>\n    <option value=\"Vereinigtes K\u00f6nigreich\">Reino Unido<\/option>\n    <option value=\"Vereinigte Staaten\">Estados Unidos<\/option>\n    <option value=\"Kanada\">Canad\u00e1<\/option>\n    <option value=\"Australien\">Austr\u00e1lia<\/option>\n    <option value=\"Brasilien\">Brasil<\/option>\n    <option value=\"Indien\">\u00cdndia<\/option>\n    <option value=\"China\">China<\/option>\n    <option value=\"Japan\">Jap\u00e3o<\/option>\n    <!-- Ab hier alphabetisch -->\n    <option value=\"Afghanistan\">Afeganist\u00e3o<\/option>\n    <option value=\"Albanien\">Alb\u00e2nia<\/option>\n    <option value=\"Algerien\">Arg\u00e9lia<\/option>\n    <option value=\"Andorra\">Andorra<\/option>\n    <option value=\"Angola\">Angola<\/option>\n    <option value=\"Argentinien\">Argentina<\/option>\n    <option value=\"Armenien\">Arm\u00e9nia<\/option>\n    <option value=\"Aserbaidschan\">Azerbaij\u00e3o<\/option>\n    <option value=\"\u00c4thiopien\">Eti\u00f3pia<\/option>\n    <option value=\"Bahamas\">Bahamas<\/option>\n    <option value=\"Bahrain\">Bahrein<\/option>\n    <option value=\"Bangladesch\">Bangladesh<\/option>\n    <option value=\"Belize\">Belize<\/option>\n    <option value=\"Bolivien\">Bol\u00edvia<\/option>\n    <option value=\"Bosnien und Herzegowina\">B\u00f3snia e Herzegovina<\/option>\n    <option value=\"Bulgarien\">Bulg\u00e1ria<\/option>\n    <option value=\"Chile\">Chile<\/option>\n    <option value=\"D\u00e4nemark\">Dinamarca<\/option>\n    <option value=\"Dominikanische Republik\">Rep\u00fablica Dominicana<\/option>\n    <option value=\"Ecuador\">Equador<\/option>\n    <option value=\"\u00c4gypten\">Egito<\/option>\n    <option value=\"Estland\">Est\u00f3nia<\/option>\n    <option value=\"Finnland\">Finl\u00e2ndia<\/option>\n    <option value=\"Griechenland\">Gr\u00e9cia<\/option>\n    <option value=\"Irland\">Irlanda<\/option>\n    <option value=\"Island\">Isl\u00e2ndia<\/option>\n    <option value=\"Luxemburg\">Luxemburgo<\/option>\n    <option value=\"Malta\">Malta<\/option>\n    <option value=\"Mexiko\">M\u00e9xico<\/option>\n    <option value=\"Neuseeland\">Nova Zel\u00e2ndia<\/option>\n    <option value=\"Norwegen\">Noruega<\/option>\n    <option value=\"Polen\">Pol\u00f3nia<\/option>\n    <option value=\"Portugal\">Portugal<\/option>\n    <option value=\"Rum\u00e4nien\">Rom\u00e9nia<\/option>\n    <option value=\"Russland\">R\u00fassia<\/option>\n    <option value=\"Schweden\">Su\u00e9cia<\/option>\n    <option value=\"Serbien\">S\u00e9rvia<\/option>\n    <option value=\"Singapur\">Singapura<\/option>\n    <option value=\"Slowakei\">Eslov\u00e1quia<\/option>\n    <option value=\"Slowenien\">Eslov\u00e9nia<\/option>\n    <option value=\"S\u00fcdafrika\">\u00c1frica do Sul<\/option>\n    <option value=\"S\u00fcdkorea\">Coreia do Sul<\/option>\n    <option value=\"Thailand\">Tail\u00e2ndia<\/option>\n    <option value=\"Tschechien\">Rep\u00fablica Checa<\/option>\n    <option value=\"T\u00fcrkei\">Turquia<\/option>\n    <option value=\"Ukraine\">Ucr\u00e2nia<\/option>\n    <option value=\"Ungarn\">Hungria<\/option>\n    <option value=\"Venezuela\">Venezuela<\/option>\n    <option value=\"Vietnam\">Vietname<\/option>\n    <option value=\"Zypern\">Chipre<\/option>\n    <!-- usw. f\u00fcr alle weiteren L\u00e4nder -->\n  <\/select>\n  <br\/><br\/>\n  <!-- Nachricht -->\n  <label for=\"nachricht\">Mensagem *<\/label><br\/>  <textarea id=\"nachricht\" name=\"Nachricht\" rows=\"5\" required=\"\"><\/textarea>\n  <br\/><br\/>\n  <button type=\"submit\">Enviar<\/button>\n<\/form>\n\n<\/div><\/div><\/div>\n<\/div><\/div>\n\n<div class=\"wp-block-stackable-spacer stk-block-spacer stk--no-padding stk-block stk-fd16452\" data-block-id=\"fd16452\"><\/div>\n","protected":false},"excerpt":{"rendered":"<p>Gostas de fisting tanto quanto n\u00f3s e queres fazer networking? Fant\u00e1stico, porque n\u00f3s do Fist Club Europe e.V. somos a organiza\u00e7\u00e3o guarda-chuva que conecta e apoia clubes de fisting em todo o mundo! Aqui apresentamos os nossos parceiros e colabora\u00e7\u00f5es fixes dentro da comunidade queer e BDSM. Juntamente com associa\u00e7\u00f5es, clubes, organizadores de festas e [&hellip;]<\/p>\n","protected":false},"author":2,"featured_media":3724,"parent":0,"menu_order":0,"comment_status":"closed","ping_status":"closed","template":"","meta":{"_gspb_post_css":"","footnotes":""},"class_list":["post-2736","page","type-page","status-publish","has-post-thumbnail","hentry"],"blocksy_meta":{"page_structure_type":"type-3","styles_descriptor":{"styles":{"desktop":"","tablet":"","mobile":""},"google_fonts":[],"version":6}},"_links":{"self":[{"href":"https:\/\/fist.club\/pt-pt\/wp-json\/wp\/v2\/pages\/2736","targetHints":{"allow":["GET"]}}],"collection":[{"href":"https:\/\/fist.club\/pt-pt\/wp-json\/wp\/v2\/pages"}],"about":[{"href":"https:\/\/fist.club\/pt-pt\/wp-json\/wp\/v2\/types\/page"}],"author":[{"embeddable":true,"href":"https:\/\/fist.club\/pt-pt\/wp-json\/wp\/v2\/users\/2"}],"replies":[{"embeddable":true,"href":"https:\/\/fist.club\/pt-pt\/wp-json\/wp\/v2\/comments?post=2736"}],"version-history":[{"count":10,"href":"https:\/\/fist.club\/pt-pt\/wp-json\/wp\/v2\/pages\/2736\/revisions"}],"predecessor-version":[{"id":5004,"href":"https:\/\/fist.club\/pt-pt\/wp-json\/wp\/v2\/pages\/2736\/revisions\/5004"}],"wp:featuredmedia":[{"embeddable":true,"href":"https:\/\/fist.club\/pt-pt\/wp-json\/wp\/v2\/media\/3724"}],"wp:attachment":[{"href":"https:\/\/fist.club\/pt-pt\/wp-json\/wp\/v2\/media?parent=2736"}],"curies":[{"name":"wp","href":"https:\/\/api.w.org\/{rel}","templated":true}]}}