{"id":2893,"date":"2025-06-18T11:56:02","date_gmt":"2025-06-18T09:56:02","guid":{"rendered":"https:\/\/fist.club\/comunidade-networking\/"},"modified":"2025-09-11T16:19:18","modified_gmt":"2025-09-11T14:19:18","slug":"comunidade-networking","status":"publish","type":"page","link":"https:\/\/fist.club\/pt-pt\/comunidade-networking\/","title":{"rendered":"Comunidade &amp; Networking"},"content":{"rendered":"\n<div class=\"wp-block-stackable-spacer stk-block-spacer stk--no-padding stk-block stk-db38f4e\" data-block-id=\"db38f4e\"><\/div>\n\n<div class=\"wp-block-stackable-heading stk-block-heading stk-block-heading--v2 stk-block stk-631a9a7\" id=\"strong-vernetzen-lernen-erzahlen-strong\" data-block-id=\"631a9a7\"><h2 class=\"stk-block-heading__text\"><strong>Conectar. Aprender. Contar.  <\/strong><\/h2><\/div>\n\n<p>O fisting n\u00e3o vive apenas no espa\u00e7o privado \u2013 vive da <strong>comunidade, da troca de experi\u00eancias e do apoio m\u00fatuo.<\/strong> Quer seja um encontro regular, um workshop ou um grande evento: aqui encontrar\u00e1s pessoas que partilham a tua paix\u00e3o, transmitem conhecimento e contam hist\u00f3rias que unem.<\/p>\n\n<p>Nesta p\u00e1gina, descobrir\u00e1s as ofertas mais importantes para troca de experi\u00eancias e encontros:<\/p>\n\n<p><strong><a href=\"https:\/\/fist.club\/pt-pt\/rede-e-grupos\/\" data-type=\"page\" data-id=\"1033\">Rede &amp; Grupos<\/a><\/strong> \u2013 Encontra encontros regulares locais, clubes e grupos perto de ti ou em toda a Europa.<\/p>\n\n<p><strong><a href=\"https:\/\/fist.club\/pt-pt\/escola-de-fisting\/\" data-type=\"page\" data-id=\"1035\">Escola de Fisting<\/a><\/strong> \u2013 Workshops, semin\u00e1rios &amp; cursos para iniciantes e avan\u00e7ados.<\/p>\n\n<p><strong><a href=\"https:\/\/fist.club\/pt-pt\/relatos-de-experiencia-historias\/\" data-type=\"page\" data-id=\"1039\">Relatos de experi\u00eancia &amp; Hist\u00f3rias<\/a><\/strong> \u2013 hist\u00f3rias honestas e pessoais da comunidade \u2013 abertas, inspiradas e sem retoques.<\/p>\n\n<p><strong><a href=\"https:\/\/www.fistingday.org\/\" target=\"_blank\" rel=\"noopener\">Dia do Fisting (5 de maio)<\/a><\/strong> \u2013 o dia internacional do fisting com a\u00e7\u00f5es &amp; eventos em todo o mundo.<\/p>\n\n<p>A nossa abordagem: <strong>aberta, solid\u00e1ria, comunit\u00e1ria.<\/strong><br\/>Criamos espa\u00e7os onde o conhecimento \u00e9 partilhado, os limites s\u00e3o respeitados e novas amizades s\u00e3o feitas.<\/p>\n\n<p>Comunidade significa: <strong>N\u00e3o est\u00e1s sozinho.<\/strong> Liga-te, aprende com os outros \u2013 e torna-te parte de um movimento que torna o fisting vis\u00edvel, seguro e natural.<\/p>\n\n<div class=\"wp-block-stackable-spacer stk-block-spacer stk--no-padding stk-block stk-7313c80\" data-block-id=\"7313c80\"><\/div>\n","protected":false},"excerpt":{"rendered":"<p>Conectar. Aprender. Contar. O fisting n\u00e3o vive apenas no espa\u00e7o privado \u2013 vive da comunidade, da troca de experi\u00eancias e do apoio m\u00fatuo. Quer seja um encontro regular, um workshop ou um grande evento: aqui encontrar\u00e1s pessoas que partilham a tua paix\u00e3o, transmitem conhecimento e contam hist\u00f3rias que unem. Nesta p\u00e1gina, descobrir\u00e1s as ofertas mais [&hellip;]<\/p>\n","protected":false},"author":2,"featured_media":3464,"parent":0,"menu_order":0,"comment_status":"closed","ping_status":"closed","template":"","meta":{"_gspb_post_css":"","footnotes":""},"class_list":["post-2893","page","type-page","status-publish","has-post-thumbnail","hentry"],"blocksy_meta":[],"_links":{"self":[{"href":"https:\/\/fist.club\/pt-pt\/wp-json\/wp\/v2\/pages\/2893","targetHints":{"allow":["GET"]}}],"collection":[{"href":"https:\/\/fist.club\/pt-pt\/wp-json\/wp\/v2\/pages"}],"about":[{"href":"https:\/\/fist.club\/pt-pt\/wp-json\/wp\/v2\/types\/page"}],"author":[{"embeddable":true,"href":"https:\/\/fist.club\/pt-pt\/wp-json\/wp\/v2\/users\/2"}],"replies":[{"embeddable":true,"href":"https:\/\/fist.club\/pt-pt\/wp-json\/wp\/v2\/comments?post=2893"}],"version-history":[{"count":6,"href":"https:\/\/fist.club\/pt-pt\/wp-json\/wp\/v2\/pages\/2893\/revisions"}],"predecessor-version":[{"id":5151,"href":"https:\/\/fist.club\/pt-pt\/wp-json\/wp\/v2\/pages\/2893\/revisions\/5151"}],"wp:featuredmedia":[{"embeddable":true,"href":"https:\/\/fist.club\/pt-pt\/wp-json\/wp\/v2\/media\/3464"}],"wp:attachment":[{"href":"https:\/\/fist.club\/pt-pt\/wp-json\/wp\/v2\/media?parent=2893"}],"curies":[{"name":"wp","href":"https:\/\/api.w.org\/{rel}","templated":true}]}}