{"id":2910,"date":"2025-06-18T11:53:02","date_gmt":"2025-06-18T09:53:02","guid":{"rendered":"https:\/\/fist.club\/saude-e-seguranca\/"},"modified":"2025-09-11T16:19:10","modified_gmt":"2025-09-11T14:19:10","slug":"saude-e-seguranca","status":"publish","type":"page","link":"https:\/\/fist.club\/pt-pt\/saude-e-seguranca\/","title":{"rendered":"Sa\u00fade e seguran\u00e7a"},"content":{"rendered":"\n<div class=\"wp-block-stackable-spacer stk-block-spacer stk--no-padding stk-block stk-24d082c\" data-block-id=\"24d082c\"><\/div>\n\n<div class=\"wp-block-stackable-heading stk-block-heading stk-block-heading--v2 stk-block stk-0b89c80\" id=\"strong-wissen-schutz-vertrauen-strong\" data-block-id=\"0b89c80\"><h2 class=\"stk-block-heading__text\"><strong>Conhecimento. Prote\u00e7\u00e3o. Confian\u00e7a.  <\/strong><\/h2><\/div>\n\n<p>Fisting \u00e9 uma aventura cheia de proximidade e intensidade \u2013 mas o verdadeiro prazer s\u00f3 surge quando a seguran\u00e7a e a sa\u00fade s\u00e3o prioridade. Com a prepara\u00e7\u00e3o certa e o conhecimento necess\u00e1rio, podes minimizar os riscos e concentrar-te totalmente nos aspetos positivos. <\/p>\n\n<p>Nesta p\u00e1gina, encontrar\u00e1s tudo o que precisas para uma pr\u00e1tica segura e relaxada:<\/p>\n\n<p><strong><a href=\"https:\/\/fist.club\/pt-pt\/fisting-seguro-dicas-gerais\/\" data-type=\"page\" data-id=\"1018\">Safer Fisting \u2013 Dicas gerais<\/a><\/strong> \u2013 desde a comunica\u00e7\u00e3o e o ambiente at\u00e9 aos cuidados posteriores<\/p>\n\n<p><strong><a href=\"https:\/\/fist.club\/pt-pt\/higiene-e-preparacao\/\" data-type=\"page\" data-id=\"1027\">Higiene e prepara\u00e7\u00e3o<\/a><\/strong> \u2013 limpeza intestinal, luvas, m\u00e3os cuidadas e a utiliza\u00e7\u00e3o correta de lubrificantes<\/p>\n\n<p><strong><a href=\"https:\/\/fist.club\/pt-pt\/fisting-e-vih\/\" data-type=\"page\" data-id=\"1020\">Fisting e VIH<\/a><\/strong> \u2013 factos em vez de p\u00e2nico: riscos, prote\u00e7\u00e3o atrav\u00e9s de luvas, PrEP\/PEP e I=I<\/p>\n\n<p><strong><a href=\"https:\/\/fist.club\/pt-pt\/fisting-e-hepatite\/\" data-type=\"page\" data-id=\"1023\">Fisting e hepatite<\/a><\/strong> \u2013 porque \u00e9 que as vacinas s\u00e3o t\u00e3o importantes e como te podes proteger adicionalmente<\/p>\n\n<p><strong><a href=\"https:\/\/fist.club\/pt-pt\/fisting-e-its\/\" data-type=\"page\" data-id=\"1025\">Fisting e outras ITS<\/a><\/strong> \u2013 s\u00edfilis, gonorreia, clam\u00eddia &amp; Co. explicadas de forma compreens\u00edvel<\/p>\n\n<p>A nossa abordagem: <strong>aberta, respons\u00e1vel, sexo-positiva.<\/strong><br\/>Queremos dissipar receios e dar-te o conhecimento de que precisas para decidires com confian\u00e7a e liberdade.<\/p>\n\n<p>Sa\u00fade e seguran\u00e7a n\u00e3o s\u00e3o um entrave \u00e0 divers\u00e3o \u2013 s\u00e3o a base para que o fisting se torne numa <strong>experi\u00eancia agrad\u00e1vel, de confian\u00e7a e despreocupada<\/strong>.<\/p>\n\n<div class=\"wp-block-stackable-spacer stk-block-spacer stk--no-padding stk-block stk-49ae077\" data-block-id=\"49ae077\"><\/div>\n","protected":false},"excerpt":{"rendered":"<p>Conhecimento. Prote\u00e7\u00e3o. Confian\u00e7a. Fisting \u00e9 uma aventura cheia de proximidade e intensidade \u2013 mas o verdadeiro prazer s\u00f3 surge quando a seguran\u00e7a e a sa\u00fade s\u00e3o prioridade. Com a prepara\u00e7\u00e3o certa e o conhecimento necess\u00e1rio, podes minimizar os riscos e concentrar-te totalmente nos aspetos positivos. Nesta p\u00e1gina, encontrar\u00e1s tudo o que precisas para uma pr\u00e1tica [&hellip;]<\/p>\n","protected":false},"author":2,"featured_media":3798,"parent":0,"menu_order":0,"comment_status":"closed","ping_status":"closed","template":"","meta":{"_gspb_post_css":"","footnotes":""},"class_list":["post-2910","page","type-page","status-publish","has-post-thumbnail","hentry"],"blocksy_meta":[],"_links":{"self":[{"href":"https:\/\/fist.club\/pt-pt\/wp-json\/wp\/v2\/pages\/2910","targetHints":{"allow":["GET"]}}],"collection":[{"href":"https:\/\/fist.club\/pt-pt\/wp-json\/wp\/v2\/pages"}],"about":[{"href":"https:\/\/fist.club\/pt-pt\/wp-json\/wp\/v2\/types\/page"}],"author":[{"embeddable":true,"href":"https:\/\/fist.club\/pt-pt\/wp-json\/wp\/v2\/users\/2"}],"replies":[{"embeddable":true,"href":"https:\/\/fist.club\/pt-pt\/wp-json\/wp\/v2\/comments?post=2910"}],"version-history":[{"count":4,"href":"https:\/\/fist.club\/pt-pt\/wp-json\/wp\/v2\/pages\/2910\/revisions"}],"predecessor-version":[{"id":5142,"href":"https:\/\/fist.club\/pt-pt\/wp-json\/wp\/v2\/pages\/2910\/revisions\/5142"}],"wp:featuredmedia":[{"embeddable":true,"href":"https:\/\/fist.club\/pt-pt\/wp-json\/wp\/v2\/media\/3798"}],"wp:attachment":[{"href":"https:\/\/fist.club\/pt-pt\/wp-json\/wp\/v2\/media?parent=2910"}],"curies":[{"name":"wp","href":"https:\/\/api.w.org\/{rel}","templated":true}]}}