{"id":4351,"date":"2025-08-29T16:37:27","date_gmt":"2025-08-29T14:37:27","guid":{"rendered":"https:\/\/fist.club\/obrigado\/"},"modified":"2025-08-29T16:56:04","modified_gmt":"2025-08-29T14:56:04","slug":"obrigado","status":"publish","type":"page","link":"https:\/\/fist.club\/pt-pt\/obrigado\/","title":{"rendered":"OBRIGADO"},"content":{"rendered":"\n<div class=\"wp-block-stackable-spacer stk-block-spacer stk--no-padding stk-block stk-5d7535a\" data-block-id=\"5d7535a\"><\/div>\n\n<div class=\"wp-block-stackable-heading stk-block-heading stk-block-heading--v2 stk-block stk-7aa7032\" id=\"danke-wir-haben-deine-nachricht\" data-block-id=\"7aa7032\"><h2 class=\"stk-block-heading__text\">Obrigado \u2013 recebemos a sua mensagem!<\/h2><\/div>\n\n<p>A Fist Club Europe e.V. representa prazer, confian\u00e7a e visibilidade. Ao entrar em contacto connosco, faz parte de uma comunidade que partilha conhecimento, respeita limites \u2013 e cria espa\u00e7o para encontros intensos. <\/p>\n\n<p>Siga-nos no <a href=\"https:\/\/instagram.com\/fist.club.europe?utm_source=chatgpt.com\" target=\"_blank\" rel=\"noreferrer noopener\">Instagram<\/a> para ficar a par de tudo o que acontece.<br\/>Descubra mais guias, hist\u00f3rias e inspira\u00e7\u00e3o diretamente na <a href=\"https:\/\/fist.club\/pt-pt\/\" data-type=\"page\" data-id=\"734\">p\u00e1gina inicial<\/a>.<\/p>\n\n<p>At\u00e9 breve \u2013 e obrigado por defender connosco a liberdade, a proximidade e a verdadeira paix\u00e3o.<\/p>\n\n<div class=\"wp-block-stackable-spacer stk-block-spacer stk--no-padding stk-block stk-e4d256e\" data-block-id=\"e4d256e\"><\/div>\n","protected":false},"excerpt":{"rendered":"<p>Obrigado \u2013 recebemos a sua mensagem! A Fist Club Europe e.V. representa prazer, confian\u00e7a e visibilidade. Ao entrar em contacto connosco, faz parte de uma comunidade que partilha conhecimento, respeita limites \u2013 e cria espa\u00e7o para encontros intensos. Siga-nos no Instagram para ficar a par de tudo o que acontece.Descubra mais guias, hist\u00f3rias e inspira\u00e7\u00e3o [&hellip;]<\/p>\n","protected":false},"author":2,"featured_media":4238,"parent":0,"menu_order":0,"comment_status":"closed","ping_status":"closed","template":"","meta":{"_gspb_post_css":"","footnotes":""},"class_list":["post-4351","page","type-page","status-publish","has-post-thumbnail","hentry"],"blocksy_meta":[],"_links":{"self":[{"href":"https:\/\/fist.club\/pt-pt\/wp-json\/wp\/v2\/pages\/4351","targetHints":{"allow":["GET"]}}],"collection":[{"href":"https:\/\/fist.club\/pt-pt\/wp-json\/wp\/v2\/pages"}],"about":[{"href":"https:\/\/fist.club\/pt-pt\/wp-json\/wp\/v2\/types\/page"}],"author":[{"embeddable":true,"href":"https:\/\/fist.club\/pt-pt\/wp-json\/wp\/v2\/users\/2"}],"replies":[{"embeddable":true,"href":"https:\/\/fist.club\/pt-pt\/wp-json\/wp\/v2\/comments?post=4351"}],"version-history":[{"count":2,"href":"https:\/\/fist.club\/pt-pt\/wp-json\/wp\/v2\/pages\/4351\/revisions"}],"predecessor-version":[{"id":4381,"href":"https:\/\/fist.club\/pt-pt\/wp-json\/wp\/v2\/pages\/4351\/revisions\/4381"}],"wp:featuredmedia":[{"embeddable":true,"href":"https:\/\/fist.club\/pt-pt\/wp-json\/wp\/v2\/media\/4238"}],"wp:attachment":[{"href":"https:\/\/fist.club\/pt-pt\/wp-json\/wp\/v2\/media?parent=4351"}],"curies":[{"name":"wp","href":"https:\/\/api.w.org\/{rel}","templated":true}]}}